{"id":2018,"date":"2014-06-28T13:55:20","date_gmt":"2014-06-28T13:55:20","guid":{"rendered":"http:\/\/yachtcharter-connection.com.w01e47c6.kasserver.com\/golfe-juan-573\/"},"modified":"2017-07-21T11:05:38","modified_gmt":"2017-07-21T09:05:38","slug":"golfe-juan-573","status":"publish","type":"page","link":"https:\/\/yachtcharter-connection.com\/es\/regiones\/mediterraneo\/alquiler-barcos-costa-azul-del-este\/golfe-juan-573\/","title":{"rendered":"Golfe-Juan"},"content":{"rendered":"<p><a href=\"https:\/\/yachtcharter-connection.com\/wp-content\/uploads\/2014\/05\/French-Riviera-Golfe-Juan.jpg\"><img loading=\"lazy\" class=\"alignleft size-full wp-image-24220\" src=\"https:\/\/yachtcharter-connection.com\/wp-content\/uploads\/2014\/05\/French-Riviera-Golfe-Juan.jpg\" alt=\"French Riviera Golfe Juan\" width=\"420\" height=\"282\" srcset=\"https:\/\/yachtcharter-connection.com\/wp-content\/uploads\/2014\/05\/French-Riviera-Golfe-Juan.jpg 420w, https:\/\/yachtcharter-connection.com\/wp-content\/uploads\/2014\/05\/French-Riviera-Golfe-Juan-300x201.jpg 300w\" sizes=\"(max-width: 420px) 100vw, 420px\" \/><\/a>El destino de alquiler de barcos Golfe-Juan est\u00e1 situado cerca de Cannes, no lejos de la famosa &#8220;ciudad perfume&#8221; de Grasse. El tradicional balneario, que cuenta con un puerto deportivo, un antiguo puerto pesquero y playas de arena, se encuentra en el Golfe Juan &#8230; Desde aqu\u00ed se tiene una hermosa vista de las Islas de L\u00e9rins, un peque\u00f1o archipi\u00e9lago con las principales islas de Sainte &#8211; Marguerite y Saint-Honorat y otras islas m\u00e1s peque\u00f1as.<\/p>\n<p>&nbsp;<\/p>\n<p>Con hermosas playas, rutas de senderismo, algunos restaurantes y lugares de inter\u00e9s, las islas merecen una visita: en Sainte-Marguerite hay el Fort Royal, fortaleza famosa como prisi\u00f3n para el &#8220;Hombre con la m\u00e1scara de hierro&#8221;, y el Museo del Mar . En el lago de agua dulce Etang du Bat\u00e9guier, hay un observatorio ornitol\u00f3gico. Se puede anclar entre las islas, ir a tierra con el bote no es ning\u00fan problema.<\/p>\n<p>&nbsp;<\/p>\n<p><strong>Yates de ch\u00e1rter Golfe-Juan:<\/strong> En Golfe-Juan hay una flota de ch\u00e1rter con veleros y catamaranes para navegar la costa azul. Se puede alquilar su mejor yate para navegar en el Sur de Francia desde Golfe-Juan online \u2013 o preg\u00fantenos por ofertas, tambi\u00e9n para yates de ch\u00e1rter de lujo con tripulaci\u00f3n.<\/p>\n","protected":false},"excerpt":{"rendered":"<p>El destino de alquiler de barcos Golfe-Juan est\u00e1 situado cerca de Cannes, no lejos de la famosa &#8220;ciudad perfume&#8221; de Grasse. El tradicional balneario, que cuenta con un puerto deportivo, un antiguo puerto pesquero y playas de arena, se encuentra en el Golfe Juan &#8230; Desde aqu\u00ed se tiene una<\/p>\n","protected":false},"author":11,"featured_media":0,"parent":648,"menu_order":0,"comment_status":"open","ping_status":"open","template":"","meta":[],"aioseo_notices":[],"_links":{"self":[{"href":"https:\/\/yachtcharter-connection.com\/es\/wp-json\/wp\/v2\/pages\/2018"}],"collection":[{"href":"https:\/\/yachtcharter-connection.com\/es\/wp-json\/wp\/v2\/pages"}],"about":[{"href":"https:\/\/yachtcharter-connection.com\/es\/wp-json\/wp\/v2\/types\/page"}],"author":[{"embeddable":true,"href":"https:\/\/yachtcharter-connection.com\/es\/wp-json\/wp\/v2\/users\/11"}],"replies":[{"embeddable":true,"href":"https:\/\/yachtcharter-connection.com\/es\/wp-json\/wp\/v2\/comments?post=2018"}],"version-history":[{"count":4,"href":"https:\/\/yachtcharter-connection.com\/es\/wp-json\/wp\/v2\/pages\/2018\/revisions"}],"predecessor-version":[{"id":24225,"href":"https:\/\/yachtcharter-connection.com\/es\/wp-json\/wp\/v2\/pages\/2018\/revisions\/24225"}],"up":[{"embeddable":true,"href":"https:\/\/yachtcharter-connection.com\/es\/wp-json\/wp\/v2\/pages\/648"}],"wp:attachment":[{"href":"https:\/\/yachtcharter-connection.com\/es\/wp-json\/wp\/v2\/media?parent=2018"}],"curies":[{"name":"wp","href":"https:\/\/api.w.org\/{rel}","templated":true}]}}