{"id":202,"date":"2014-07-12T16:48:20","date_gmt":"2014-07-12T16:48:20","guid":{"rendered":"http:\/\/yachtcharter-connection.com.w01e47c6.kasserver.com\/sailing-mauritius-475\/"},"modified":"2016-10-29T22:09:19","modified_gmt":"2016-10-29T20:09:19","slug":"sailing-mauritius-2","status":"publish","type":"page","link":"https:\/\/yachtcharter-connection.com\/es\/sailing-mauritius-2\/","title":{"rendered":"Sailing Mauritius"},"content":{"rendered":"<h3>Sailing round Mauritius<\/h3>\n<p>\n<img loading=\"lazy\" class=\"content-image\"  height=\"199\" width=\"300\" alt=\"Islas Mauricio playa - explorar navegando\" src=\"https:\/\/yachtcharter-connection.com\/wp-content\/uploads\/converted_files\/24934\/24934-561d106f4cbd1.jpg\" \/>La Rep\u00fablica de Mauricio no es descubierta en realidad como una \u00e1rea de ch\u00e1rter. Pero ahora usted puede viajar alrededor de la isla entera navegando en un catamar\u00e1n con tripulaci\u00f3n &#8211; y seguir sus vacaciones despu\u00e9s en un hotel o un chalet de vacaciones lujoso (opcional). Durante el crucero hay muchas oportunidades de llegar a conocer la isla de dentro en excursiones dirigidas.<\/p>\n<p><b>El programa &ndash; posibilidad de cambios por viento y tiempo:   <\/b><\/p>\n<p>Despu\u00e9s del embarque en Grand Baie (aproximadamente un hora de traslado del del aeropuerto) un crucero corto conduce a la isla Ilot Gabriel. Entonces se puede relajar despu\u00e9s del vuelo largo &#8211; nadando, buceando con tubo de respiraci\u00f3n y disfrutando de la barbacoa. Durante el d\u00eda siguiente, el viaje contin\u00faa a la isla Ile aux Cerfs, que es bien conocida para sus playas hermosas. Duraci\u00f3n del crucero: aproximadamente cinco horas. Al d\u00eda siguiente usted puede explorar las cascadas GRSE &#8211; y tomar un paseo m\u00e1s tarde a la isla Ile aux Aigrettes: La naturaleza de esta isla es protegida &#8211; usted encuentra muchas plantas end\u00e9micas y especies de animales. El d\u00eda termina en Mahebourg, no lejos de este para\u00edso.<\/p>\n<p>\nEl parte de navegaci\u00f3n m\u00e1s emocionante espera un d\u00eda m\u00e1s tarde: el crucero del sudeste de Mauricio al sudoeste, a lo largo de la costa del sur que es un poco m\u00e1s \u00e1spera. A lo largo de la l\u00ednea de la costa no hay ningunos arrecifes o lagunas que de otra manera marcan el litoral &ndash; por eso el catamar\u00e1n navega directamente a Riviere Noire (el R\u00edo Negro \/ Black River). Duraci\u00f3n: aprox. ocho horas. Aqu\u00ed se ofrecen un viaje en autob\u00fas a Grand Bassin y Chamarell por la pr\u00f3xima ma\u00f1ana. Con varios templos y un lago sagrado Grand Bassin es un sitio de oraci\u00f3n de los hind\u00faes &#8211; en Chamarell la tierra muestra siete colores diferentes entonces la Tierra Coloreada (Coloured Earth) es considerada como un fen\u00f3meno de naturaleza.<\/p>\n<p><img loading=\"lazy\" class=\"content-image\"  height=\"181\" width=\"300\" alt=\"Navegar Mauricio\" src=\"https:\/\/yachtcharter-connection.com\/wp-content\/uploads\/converted_files\/24934\/24934-561d10708f9a0.jpg\" \/>Despu\u00e9s del viaje en autob\u00fas un crucero de un hora conduce a Tamarin. El siguiente d\u00eda se puede mirar a los delfines delante de la isla Ilot Benitiers. Entonces, despu\u00e9s de cuatro horas de navegaci\u00f3n, la capital de la isla Port Louis espera para los navegantes con muelles interesantes, tiendas y el mercado animado. El mercado es un para\u00edso para los a quienes gusta cocinar: esto huele de las cantidades enormes de la mayor\u00eda de las varias especias. Durante el s\u00e9ptimo d\u00eda el catamar\u00e1n vuele a Grand Baie, con una parada en Balaclave.<\/p>\n<p>Si usted se queda en Mauricio una semana m\u00e1s, barbacoas, reuniones con familias nativos o excursiones a plantaciones de az\u00facar o f\u00e1bricas de ron podr\u00edan ser organizadas.<\/p>\n<p><b>Ofrecemos varios tipos de catamaranes con tripulaci\u00f3n. <\/b><b>No dude de ponerse en contacto con nosotros &ndash; vamos a calcular los precios para la ch\u00e1rter exclusiva y las vacaciones en tierra en un hotel o el chalet para usted.<\/b><\/p>\n<p><\/p>\n","protected":false},"excerpt":{"rendered":"<p>Sailing round Mauritius La Rep\u00fablica de Mauricio no es descubierta en realidad como una \u00e1rea de ch\u00e1rter. Pero ahora usted puede viajar alrededor de la isla entera navegando en un catamar\u00e1n con tripulaci\u00f3n &#8211; y seguir sus vacaciones despu\u00e9s en un hotel o un chalet de vacaciones lujoso (opcional). Durante<\/p>\n","protected":false},"author":11,"featured_media":0,"parent":0,"menu_order":0,"comment_status":"open","ping_status":"open","template":"","meta":[],"aioseo_notices":[],"_links":{"self":[{"href":"https:\/\/yachtcharter-connection.com\/es\/wp-json\/wp\/v2\/pages\/202"}],"collection":[{"href":"https:\/\/yachtcharter-connection.com\/es\/wp-json\/wp\/v2\/pages"}],"about":[{"href":"https:\/\/yachtcharter-connection.com\/es\/wp-json\/wp\/v2\/types\/page"}],"author":[{"embeddable":true,"href":"https:\/\/yachtcharter-connection.com\/es\/wp-json\/wp\/v2\/users\/11"}],"replies":[{"embeddable":true,"href":"https:\/\/yachtcharter-connection.com\/es\/wp-json\/wp\/v2\/comments?post=202"}],"version-history":[{"count":1,"href":"https:\/\/yachtcharter-connection.com\/es\/wp-json\/wp\/v2\/pages\/202\/revisions"}],"predecessor-version":[{"id":14462,"href":"https:\/\/yachtcharter-connection.com\/es\/wp-json\/wp\/v2\/pages\/202\/revisions\/14462"}],"wp:attachment":[{"href":"https:\/\/yachtcharter-connection.com\/es\/wp-json\/wp\/v2\/media?parent=202"}],"curies":[{"name":"wp","href":"https:\/\/api.w.org\/{rel}","templated":true}]}}