{"id":203,"date":"2014-07-12T16:46:40","date_gmt":"2014-07-12T16:46:40","guid":{"rendered":"http:\/\/yachtcharter-connection.com.w01e47c6.kasserver.com\/diving-safari-maldivas\/"},"modified":"2016-10-29T18:59:45","modified_gmt":"2016-10-29T16:59:45","slug":"diving-safari-maldivas","status":"publish","type":"page","link":"https:\/\/yachtcharter-connection.com\/es\/diving-safari-maldivas\/","title":{"rendered":"Diving Safari Maldivas"},"content":{"rendered":"<h3>Diving Safari Maldivas<\/h3>\n<p>\n<img loading=\"lazy\" class=\"content-image\"  height=\"145\" width=\"300\" alt=\"yate de motor para bucear en las maldivas\" src=\"https:\/\/yachtcharter-connection.com\/wp-content\/uploads\/converted_files\/25011\/25011-561d1071d0a4b.jpg\" \/>A usted y su familia o a sus amigos, le gusta bucear? Aqu\u00ed la oportunidad perfecta para navegar en un yate de ch\u00e1rter esplendido y explorar los sitios submarinos mas hermosos de las Maldivas. Se puede bucear tres o cuatro veces al d\u00eda &#8211; y disfrutar navegando del ambiente pintoreso del archipi\u00e9lago en el Oc\u00e9ano  \u00cdndico.<\/p>\n<p>El yate elegante llamado Bolero ofrece mucho espacio y es muy confortable. Se puede alquilar para un m\u00e1ximo de 14 personas. Es equipado perfectamente para bucear &#8211; y el PADI Dive Master que est\u00e1 a bordo conoce todos sitios fascinantes. <\/p>\n<p>Para ver detalles del yate, m\u00e1s fotos y los precios para la Diving Safari hay que mirar a los <a href=\"~\/Yates\/Yates_de_lujo\/Bolero.html\">yates de lujo con tripulaci\u00f3n \/ Bolero<\/a>. <\/p>\n<p><\/p>\n","protected":false},"excerpt":{"rendered":"<p>Diving Safari Maldivas A usted y su familia o a sus amigos, le gusta bucear? Aqu\u00ed la oportunidad perfecta para navegar en un yate de ch\u00e1rter esplendido y explorar los sitios submarinos mas hermosos de las Maldivas. Se puede bucear tres o cuatro veces al d\u00eda &#8211; y disfrutar navegando<\/p>\n","protected":false},"author":11,"featured_media":0,"parent":0,"menu_order":0,"comment_status":"open","ping_status":"open","template":"","meta":[],"aioseo_notices":[],"_links":{"self":[{"href":"https:\/\/yachtcharter-connection.com\/es\/wp-json\/wp\/v2\/pages\/203"}],"collection":[{"href":"https:\/\/yachtcharter-connection.com\/es\/wp-json\/wp\/v2\/pages"}],"about":[{"href":"https:\/\/yachtcharter-connection.com\/es\/wp-json\/wp\/v2\/types\/page"}],"author":[{"embeddable":true,"href":"https:\/\/yachtcharter-connection.com\/es\/wp-json\/wp\/v2\/users\/11"}],"replies":[{"embeddable":true,"href":"https:\/\/yachtcharter-connection.com\/es\/wp-json\/wp\/v2\/comments?post=203"}],"version-history":[{"count":1,"href":"https:\/\/yachtcharter-connection.com\/es\/wp-json\/wp\/v2\/pages\/203\/revisions"}],"predecessor-version":[{"id":13636,"href":"https:\/\/yachtcharter-connection.com\/es\/wp-json\/wp\/v2\/pages\/203\/revisions\/13636"}],"wp:attachment":[{"href":"https:\/\/yachtcharter-connection.com\/es\/wp-json\/wp\/v2\/media?parent=203"}],"curies":[{"name":"wp","href":"https:\/\/api.w.org\/{rel}","templated":true}]}}