{"id":2031,"date":"2015-08-10T05:53:52","date_gmt":"2015-08-10T05:53:52","guid":{"rendered":"http:\/\/yachtcharter-connection.com.w01e47c6.kasserver.com\/tenerife-san-miguel-535\/"},"modified":"2017-07-13T01:17:00","modified_gmt":"2017-07-12T23:17:00","slug":"tenerife-san-miguel-535","status":"publish","type":"page","link":"https:\/\/yachtcharter-connection.com\/es\/regiones\/atlantico-africa-occidental\/alquiler-barcos-canarias\/tenerife-san-miguel-535\/","title":{"rendered":"Tenerife \/ San Miguel"},"content":{"rendered":"<h3>Alquiler de barcos Tenerife \/ San Miguel<\/h3>\n<p>\n<img loading=\"lazy\" class=\"content-image\"  width=\"300\" height=\"225\" alt=\"\" src=\"https:\/\/yachtcharter-connection.com\/wp-content\/uploads\/converted_files\/20791\/20791-5624e19169e22.jpg\" \/>El muy moderno puerto deportivo de San Miguel, sede de una base de Alquiler de barcos, se encuentra cerca del aeropuerto de Tenerife Sur en la urbanizaci\u00f3n Amarilla Golf. Viniendo desde el mar, se extiende entre Monta\u00f1a Roja y Monta\u00f1a Amarilla &#8211; y desde el mar se ve as\u00ed el curso de Amarillo Golf.<\/p>\n<p>El entorno es prestigiosa y tranquila, las tripulaciones que viajan en ch\u00e1rter en Tenerife, llegan a pie a una peque\u00f1a ciudad muy cerca con restaurantes, cafeter\u00edas y bares. Pero hay tambi\u00e9n un bar directamente en el puerto deportivo, por lo que los turistas de Alquiler de barcos en Tenerife pueden reunirse para una &quot;puesta de sol&quot; all\u00ed. El peque\u00f1o puerto de Los Abrigos, con muy buenos restaurantes en el pintoresco entorno est\u00e1 cerca, a s\u00f3lo una unidad de corta distancia en taxi. Aquellos que comiencen su viaje en charter en Tenerife aqu\u00ed en el Puerto de San Miguel,normalmente navegan hacia el sur, en primer lugar, a la Isla de La Gomera o los centros tur\u00edsticos  de Los Cristianos y Playa de Las Am\u00e9ricas, donde pueden amarrar en el Puerto Col\u00f3n.<\/p>\n<p>\n<img loading=\"lazy\" class=\"content-image\"  width=\"300\" height=\"203\" src=\"https:\/\/yachtcharter-connection.com\/wp-content\/uploads\/converted_files\/20791\/20791-5624e192ce1af.jpg\" alt=\"Navegar_Islas_Canarias_Tenerife\" \/><\/p>\n<p><\/p>\n","protected":false},"excerpt":{"rendered":"<p>Alquiler de barcos Tenerife \/ San Miguel El muy moderno puerto deportivo de San Miguel, sede de una base de Alquiler de barcos, se encuentra cerca del aeropuerto de Tenerife Sur en la urbanizaci\u00f3n Amarilla Golf. Viniendo desde el mar, se extiende entre Monta\u00f1a Roja y Monta\u00f1a Amarilla &#8211; y<\/p>\n","protected":false},"author":11,"featured_media":0,"parent":651,"menu_order":0,"comment_status":"open","ping_status":"open","template":"","meta":[],"aioseo_notices":[],"_links":{"self":[{"href":"https:\/\/yachtcharter-connection.com\/es\/wp-json\/wp\/v2\/pages\/2031"}],"collection":[{"href":"https:\/\/yachtcharter-connection.com\/es\/wp-json\/wp\/v2\/pages"}],"about":[{"href":"https:\/\/yachtcharter-connection.com\/es\/wp-json\/wp\/v2\/types\/page"}],"author":[{"embeddable":true,"href":"https:\/\/yachtcharter-connection.com\/es\/wp-json\/wp\/v2\/users\/11"}],"replies":[{"embeddable":true,"href":"https:\/\/yachtcharter-connection.com\/es\/wp-json\/wp\/v2\/comments?post=2031"}],"version-history":[{"count":1,"href":"https:\/\/yachtcharter-connection.com\/es\/wp-json\/wp\/v2\/pages\/2031\/revisions"}],"predecessor-version":[{"id":13860,"href":"https:\/\/yachtcharter-connection.com\/es\/wp-json\/wp\/v2\/pages\/2031\/revisions\/13860"}],"up":[{"embeddable":true,"href":"https:\/\/yachtcharter-connection.com\/es\/wp-json\/wp\/v2\/pages\/651"}],"wp:attachment":[{"href":"https:\/\/yachtcharter-connection.com\/es\/wp-json\/wp\/v2\/media?parent=2031"}],"curies":[{"name":"wp","href":"https:\/\/api.w.org\/{rel}","templated":true}]}}