{"id":2032,"date":"2012-06-10T05:49:56","date_gmt":"2012-06-10T05:49:56","guid":{"rendered":"http:\/\/yachtcharter-connection.com.w01e47c6.kasserver.com\/nosy-be-237\/"},"modified":"2016-10-29T22:09:07","modified_gmt":"2016-10-29T20:09:07","slug":"nosy-be-237","status":"publish","type":"page","link":"https:\/\/yachtcharter-connection.com\/es\/regiones\/oceano-indio\/alquiler-barcos-isla-madagascar\/nosy-be-237\/","title":{"rendered":"Nosy Be"},"content":{"rendered":"<h3>Alquiler de barcos Nosy B\u00e9<\/h3>\n<p>\n<img loading=\"lazy\" class=\"content-image\"  height=\"225\" width=\"300\" src=\"https:\/\/yachtcharter-connection.com\/wp-content\/uploads\/converted_files\/20793\/20793-5624e1943e40c.jpg\" alt=\"\" \/>A partir de Nosy B\u00e9, un viaje con un catamar\u00e1n es especialmente fascinante para los que quiete bucear &#8211; el mundo subacu\u00e1tico de los arrecifes es maravillosa.  Las playas ideales  como en el paraiso, las bah\u00edas ocultadas y las islas id\u00edlicas enga\u00f1an con la naturaleza &#8211; usted har\u00e1 f\u00e1cilmente a amigos con el Madagascans en mercados coloridos y en aldeas pintorescas. <\/p>\n<p>Nosy Be est\u00e1 situado cerca de 370 millas lejos de Antanarivo, el capital de Madagascar; el vuelo de all\u00ed tardar\u00e1 cerca de una hora.<\/p>\n<p><img loading=\"lazy\" class=\"content-image\"  height=\"225\" width=\"300\" src=\"https:\/\/yachtcharter-connection.com\/wp-content\/uploads\/converted_files\/20793\/20793-5624e195c76fd.jpg\" alt=\"\" \/><strong>Ofrecmos catamaranes con base en Nosy B\u00e9 &#8211; no dude en contactarnos!<\/strong><\/p>\n","protected":false},"excerpt":{"rendered":"<p>Alquiler de barcos Nosy B\u00e9 A partir de Nosy B\u00e9, un viaje con un catamar\u00e1n es especialmente fascinante para los que quiete bucear &#8211; el mundo subacu\u00e1tico de los arrecifes es maravillosa. Las playas ideales como en el paraiso, las bah\u00edas ocultadas y las islas id\u00edlicas enga\u00f1an con la naturaleza<\/p>\n","protected":false},"author":11,"featured_media":0,"parent":717,"menu_order":0,"comment_status":"open","ping_status":"open","template":"","meta":[],"aioseo_notices":[],"_links":{"self":[{"href":"https:\/\/yachtcharter-connection.com\/es\/wp-json\/wp\/v2\/pages\/2032"}],"collection":[{"href":"https:\/\/yachtcharter-connection.com\/es\/wp-json\/wp\/v2\/pages"}],"about":[{"href":"https:\/\/yachtcharter-connection.com\/es\/wp-json\/wp\/v2\/types\/page"}],"author":[{"embeddable":true,"href":"https:\/\/yachtcharter-connection.com\/es\/wp-json\/wp\/v2\/users\/11"}],"replies":[{"embeddable":true,"href":"https:\/\/yachtcharter-connection.com\/es\/wp-json\/wp\/v2\/comments?post=2032"}],"version-history":[{"count":1,"href":"https:\/\/yachtcharter-connection.com\/es\/wp-json\/wp\/v2\/pages\/2032\/revisions"}],"predecessor-version":[{"id":14440,"href":"https:\/\/yachtcharter-connection.com\/es\/wp-json\/wp\/v2\/pages\/2032\/revisions\/14440"}],"up":[{"embeddable":true,"href":"https:\/\/yachtcharter-connection.com\/es\/wp-json\/wp\/v2\/pages\/717"}],"wp:attachment":[{"href":"https:\/\/yachtcharter-connection.com\/es\/wp-json\/wp\/v2\/media?parent=2032"}],"curies":[{"name":"wp","href":"https:\/\/api.w.org\/{rel}","templated":true}]}}