{"id":2034,"date":"2014-10-07T05:40:47","date_gmt":"2014-10-07T05:40:47","guid":{"rendered":"http:\/\/yachtcharter-connection.com.w01e47c6.kasserver.com\/karlshamn-437\/"},"modified":"2016-10-29T19:07:56","modified_gmt":"2016-10-29T17:07:56","slug":"karlshamn-437","status":"publish","type":"page","link":"https:\/\/yachtcharter-connection.com\/es\/regiones\/mar-baltico\/alquiler-barcos-western-sweden-bohuslan\/karlshamn-437\/","title":{"rendered":"Karlshamn"},"content":{"rendered":"<h3>Alquiler de barcos Karlshamn<\/h3>\n<p>\nKarlshamn est\u00e1 en el sur de Suecia. Este puerto ya tuvo una gran importancia en la \u00e9poca de la emigraci\u00f3n. De hecho en \u00e9l encontramos un monumento al emigrante.  De aqu\u00ed parten los ferris hacia Letonia y Lituania.<br type=\"_moz\" \/><\/p>\n","protected":false},"excerpt":{"rendered":"<p>Alquiler de barcos Karlshamn Karlshamn est\u00e1 en el sur de Suecia. Este puerto ya tuvo una gran importancia en la \u00e9poca de la emigraci\u00f3n. De hecho en \u00e9l encontramos un monumento al emigrante. De aqu\u00ed parten los ferris hacia Letonia y Lituania.<\/p>\n","protected":false},"author":11,"featured_media":0,"parent":661,"menu_order":0,"comment_status":"open","ping_status":"open","template":"","meta":[],"aioseo_notices":[],"_links":{"self":[{"href":"https:\/\/yachtcharter-connection.com\/es\/wp-json\/wp\/v2\/pages\/2034"}],"collection":[{"href":"https:\/\/yachtcharter-connection.com\/es\/wp-json\/wp\/v2\/pages"}],"about":[{"href":"https:\/\/yachtcharter-connection.com\/es\/wp-json\/wp\/v2\/types\/page"}],"author":[{"embeddable":true,"href":"https:\/\/yachtcharter-connection.com\/es\/wp-json\/wp\/v2\/users\/11"}],"replies":[{"embeddable":true,"href":"https:\/\/yachtcharter-connection.com\/es\/wp-json\/wp\/v2\/comments?post=2034"}],"version-history":[{"count":1,"href":"https:\/\/yachtcharter-connection.com\/es\/wp-json\/wp\/v2\/pages\/2034\/revisions"}],"predecessor-version":[{"id":14070,"href":"https:\/\/yachtcharter-connection.com\/es\/wp-json\/wp\/v2\/pages\/2034\/revisions\/14070"}],"up":[{"embeddable":true,"href":"https:\/\/yachtcharter-connection.com\/es\/wp-json\/wp\/v2\/pages\/661"}],"wp:attachment":[{"href":"https:\/\/yachtcharter-connection.com\/es\/wp-json\/wp\/v2\/media?parent=2034"}],"curies":[{"name":"wp","href":"https:\/\/api.w.org\/{rel}","templated":true}]}}