{"id":204,"date":"2015-03-30T18:40:04","date_gmt":"2015-03-30T18:40:04","guid":{"rendered":"http:\/\/yachtcharter-connection.com.w01e47c6.kasserver.com\/ofertas-one-way\/"},"modified":"2022-12-09T17:10:44","modified_gmt":"2022-12-09T15:10:44","slug":"ofertas-one-way","status":"publish","type":"page","link":"https:\/\/yachtcharter-connection.com\/es\/ofertas-one-way\/","title":{"rendered":"Ofertas one-way"},"content":{"rendered":"<h1><strong>Alquiler barcos &#8220;one-way&#8221; &#8211; Ofertas especiales<\/strong><\/h1>\n<p>&nbsp;<\/p>\n<p><a href=\"https:\/\/yachtcharter-connection.com\/wp-content\/uploads\/2015\/03\/sailing-yacht-sailing.jpg\"><img loading=\"lazy\" class=\"size-full wp-image-25769 aligncenter\" src=\"https:\/\/yachtcharter-connection.com\/wp-content\/uploads\/2015\/03\/sailing-yacht-sailing.jpg\" alt=\"Ofertas alquiler veleros oneway\" width=\"781\" height=\"567\" srcset=\"https:\/\/yachtcharter-connection.com\/wp-content\/uploads\/2015\/03\/sailing-yacht-sailing.jpg 781w, https:\/\/yachtcharter-connection.com\/wp-content\/uploads\/2015\/03\/sailing-yacht-sailing-300x218.jpg 300w, https:\/\/yachtcharter-connection.com\/wp-content\/uploads\/2015\/03\/sailing-yacht-sailing-768x558.jpg 768w\" sizes=\"(max-width: 781px) 100vw, 781px\" \/><\/a><\/p>\n<p>Aqu\u00ed podr\u00e1 encontrar ofertas seleccionadas para &#8220;oneway&#8221; sin suplemento y algunas ofertas de \u00faltima hora. Todos los mencionados tipos de yates se puede encontrar aqu\u00ed: <a href=\"https:\/\/yachtcharter-connection.com\/es\/yates-sin-patron\/\" target=\"_blank\" rel=\"noopener noreferrer\">Yates sin patr\u00f3n<\/a>. Esta p\u00e1gina se actualiza peri\u00f3dicamente. Muchas otras ofertas para un mont\u00f3n de regiones de tambi\u00e9n se puede encontrar en nuestro <a href=\"https:\/\/yachtcharter-connection.com\/es\/yachtfinder-2\/\" target=\"_blank\" rel=\"noopener noreferrer\">buscador de yates<\/a> o en la p\u00e1gina de <a href=\"https:\/\/yachtcharter-connection.com\/es\/ofertas-especiales\/\" target=\"_blank\" rel=\"noopener noreferrer\">ofertas especiales<\/a>. Y aqu\u00ed hay un listado de m\u00e1s ofertas one-way: <span style=\"color: #003366;\"><a style=\"color: #003366;\" href=\"https:\/\/www.yachtcharternet.com\/one-way-yacht-charter-offers\/\" target=\"_blank\" rel=\"noopener noreferrer\"><strong>Yachtcharternet.com<\/strong><\/a><\/span> Si no encuentra el viaje &#8220;oneway&#8221; que busca por favor preg\u00fantenos.<\/p>\n<p>\u00daltima actualizaci\u00f3n: diciembre 2022<\/p>\n<div style=\"clear: both;\"><\/div>\n<p><img style=\"width: 60px; height: 60px;\" src=\"https:\/\/yachtcharter-connection.com\/wp-content\/uploads\/converted_files\/25020\/25020-561d107d021d1.png\" alt=\"\" \/>Para mas ofertas especiales, puede tambi\u00e9n buscar en nuesta p\u00e1gina en <a href=\"http:\/\/www.facebook.com\/YachtcharterConnection\">Facebook<\/a>.<\/p>\n<div style=\"clear: both;\"><\/div>\n<h3><strong>Alquiler de barcos oneway\u00a0 en <a href=\"https:\/\/yachtcharter-connection.com\/es\/paises\/alquiler-barcos-grecia\/\">Grecia<\/a> 2023:<\/strong><\/h3>\n<p><strong>Ofertas a petici\u00f3n<\/strong><\/p>\n<h3>Ch\u00e1rter de yates oneway en <a href=\"https:\/\/yachtcharter-connection.com\/es\/paises\/alquiler-barcos-croacia\/\">Croacia:<\/a><\/h3>\n<p><strong>Ofertas a petici\u00f3n<\/strong><\/p>\n<h3><strong>&#8220;Oneway&#8221; en <\/strong><a href=\"https:\/\/yachtcharter-connection.com\/es\/paises\/alquiler-barcos-turquia\/\"><strong>Turqu\u00eda<\/strong><\/a><\/h3>\n<p><strong>Ofertas a petici\u00f3n<\/strong><\/p>\n<h3>Atl\u00e1ntico &#8211; Mediterr\u00e1neo: Alquilar veleros y catamaranes oneway entre <a href=\"https:\/\/yachtcharter-connection.com\/es\/regiones\/mediterraneo\/alquiler-barcos-baleares-mallorca-menorca-ibiza\/\">Islas Baleares<\/a> y <a href=\"https:\/\/yachtcharter-connection.com\/es\/regiones\/atlantico-africa-occidental\/alquiler-barcos-canarias\/\">Canarias<\/a>:<\/h3>\n<p><strong>TENERIFE &#8211; IBIZA<\/strong><\/p>\n<p><strong>Embarque 15 April\u00a0 2023 (+\/-3 d\u00edas) &#8211; 3 semanas<\/strong><br \/>\nHanse 415 &#8211; 2015, 3 cabins &#8211; 2.500\u20ac<br \/>\nOceanis 46,1 &#8211; 2019, 5 cabins &#8211; 4.500\u20ac<br \/>\nLagoon 42 &#8211; 2022, 4+1 cabins &#8211; 4.500\u20ac<br \/>\nLagoon 40 &#8211; 2019, 5 cabins &#8211; 3.500\u20ac<br \/>\nCatamaran Excess 11 &#8211; 2022, 4 cabins &#8211; 4.500\u20ac<br \/>\nFountaine Pajot Lucia 40 &#8211; 2019, 4 cabins &#8211; 3.500\u20ac<\/p>\n<p>Precios m\u00e1s extras<\/p>\n<p><strong>TENERIFE-MALLORCA<\/strong><\/p>\n<p><strong>Embarque 15 April 2023 &#8211; 3 semanas<\/strong><br \/>\nOCEANIS 41, 2012\u20262.500 EUROS<br \/>\nOCEANIS 43, 2009\u20262.800 EUROS<br \/>\nJEANNEAU 490, 2019\u20265.900 EUROS<br \/>\nJEANNEAU 54, 2019\u20266.300 EUROS<\/p>\n<p>Motor fuerabordo y ropa de cama incluido<br \/>\nLimpieza 250 EUROS 5 cabinas &#8211; 180 EUROS 3 y 4 cabinas<br \/>\nBotella gas 30 EUROS<\/p>\n<p>&nbsp;<\/p>\n<p><strong>LAS PALMAS DE GRAN CANARIA \u2013 PALMA DE MALLORCA<\/strong><\/p>\n<p>08.04 \u2013 29.04.2023 &#8211; SUN ODYSSEY 519 (2018) &#8211; 4.968 \u20ac<br \/>\n22.04 \u2013 13.05.2023 &#8211; OCEANIS 45\u00a0 (2014) &#8211; 3.000 \u20ac<\/p>\n<p><strong>TENERIFE &#8211; MARINA DEL SUR \u2013 PALMA DE MALLORCA<\/strong><\/p>\n<p>11.03 \u2013 01.04.2023<\/p>\n<p>OCEANIS 40\u00a0 (2011) &#8211; 2000\u20ac<br \/>\nELAN 434 IMPRESSION\u00a0 (2005) &#8211; 2000\u20ac<\/p>\n<p>15.04 \u2013 06.05.2023<\/p>\n<p>OCEANIS 43\u00a0 (2007) &#8211; 2000\u20ac<br \/>\nELAN 434 IMPRESSION\u00a0 (2006) &#8211; 2000\u20ac<\/p>\n<p>22.04 \u2013 13.05.2023<\/p>\n<p>LEOPARD 44\u00a0 (2015) &#8211; 8000\u20ac<br \/>\nSUN ODYSSEY 410\u00a0 (2022) &#8211; 5000\u20ac<br \/>\nSUN ODYSSEY 519\u00a0 (2017) &#8211; 6000\u20ac<br \/>\nSUN ODYSSEY 519\u00a0 (2018) &#8211; 6300\u20ac<\/p>\n<p><strong>TENERIFE &#8211; PUERTO DEPORTIVO RADAZUL \u2013 PALMA DE MALLORCA<\/strong><\/p>\n<p>11.03 \u2013 01.04.2023<br \/>\nELAN 50 IMPRESSION (2015) &#8211; 5000\u20ac<\/p>\n<p>08.04 \u2013 29.04.2023<br \/>\nOCEANIS 45 (2016) &#8211; 4000\u20ac<\/p>\n<p>22.04 \u2013 13.05.2023<\/p>\n<p>SUN ODYSSEY 440 (2019) &#8211; 4500\u20ac<br \/>\nOCEANIS 45 (2015) &#8211; 4000\u20ac<br \/>\nBENETEAU 50 (1998) &#8211; 2500\u20ac<br \/>\nBAH\u00cdA 46 (2006) &#8211; 3000\u20ac<\/p>\n<h3>ONE-WAY ch\u00e1rter Mallorca &#8211; Tenerife Oto\u00f1o 2023<\/h3>\n<h3><\/h3>\n<h3>MALLORCA &#8211; TENERIFE <strong><br \/>\n<\/strong><\/h3>\n<p><strong>Ofertas a petici\u00f3n<\/strong><\/p>\n<h4><strong>IBIZA &#8211; TENERIFE<\/strong><\/h4>\n<p><strong>Ofertas a petici\u00f3n<\/strong><\/p>\n<p><strong>ONE-WAY MALLORCA &#8211; GRAN CANARIA Noviembre 2023 <\/strong><\/p>\n<p><strong>ofertas a petici\u00f3n<br \/>\n<\/strong><\/p>\n<p>&nbsp;<\/p>\n<h3>Ofertas alquiler de barcos One-way Francia \/ C\u00f3rcega \/ Cerde\u00f1a<\/h3>\n<p><strong>Ofertas a a petici\u00f3n<\/strong><\/p>\n<h3>&#8230;y algunas ofertas seleccionadas para ofertas de especiales y de \u00faltima hora!<\/h3>\n<p><strong><br \/>\nOfertas a petici\u00f3n<\/strong><\/p>\n<p>&nbsp;<\/p>\n","protected":false},"excerpt":{"rendered":"<p>Alquiler barcos &#8220;one-way&#8221; &#8211; Ofertas especiales &nbsp; Aqu\u00ed podr\u00e1 encontrar ofertas seleccionadas para &#8220;oneway&#8221; sin suplemento y algunas ofertas de \u00faltima hora. Todos los mencionados tipos de yates se puede encontrar aqu\u00ed: Yates sin patr\u00f3n. Esta p\u00e1gina se actualiza peri\u00f3dicamente. Muchas otras ofertas para un mont\u00f3n de regiones de tambi\u00e9n<\/p>\n","protected":false},"author":11,"featured_media":0,"parent":0,"menu_order":0,"comment_status":"open","ping_status":"open","template":"","meta":[],"aioseo_notices":[],"_links":{"self":[{"href":"https:\/\/yachtcharter-connection.com\/es\/wp-json\/wp\/v2\/pages\/204"}],"collection":[{"href":"https:\/\/yachtcharter-connection.com\/es\/wp-json\/wp\/v2\/pages"}],"about":[{"href":"https:\/\/yachtcharter-connection.com\/es\/wp-json\/wp\/v2\/types\/page"}],"author":[{"embeddable":true,"href":"https:\/\/yachtcharter-connection.com\/es\/wp-json\/wp\/v2\/users\/11"}],"replies":[{"embeddable":true,"href":"https:\/\/yachtcharter-connection.com\/es\/wp-json\/wp\/v2\/comments?post=204"}],"version-history":[{"count":22,"href":"https:\/\/yachtcharter-connection.com\/es\/wp-json\/wp\/v2\/pages\/204\/revisions"}],"predecessor-version":[{"id":30131,"href":"https:\/\/yachtcharter-connection.com\/es\/wp-json\/wp\/v2\/pages\/204\/revisions\/30131"}],"wp:attachment":[{"href":"https:\/\/yachtcharter-connection.com\/es\/wp-json\/wp\/v2\/media?parent=204"}],"curies":[{"name":"wp","href":"https:\/\/api.w.org\/{rel}","templated":true}]}}