{"id":205,"date":"2014-07-12T16:49:14","date_gmt":"2014-07-12T16:49:14","guid":{"rendered":"http:\/\/yachtcharter-connection.com.w01e47c6.kasserver.com\/flotillas-712\/"},"modified":"2018-02-23T18:16:40","modified_gmt":"2018-02-23T16:16:40","slug":"flotillas-1","status":"publish","type":"page","link":"https:\/\/yachtcharter-connection.com\/es\/flotillas-1\/","title":{"rendered":"Flotillas"},"content":{"rendered":"<h1>Alquiler de barcos: Flotillas y &#8220;Fun Regatas&#8221;<span style=\"font-weight: bold;\"><br \/>\n<\/span><\/h1>\n<p><span style=\"font-weight: bold;\">Los equipos de alquiler de barcos a que les gusta disfrutar de la compa\u00f1\u00eda de otros navegantes, tal vez incluso explorando una nueva zona desconocida o que todav\u00eda tienen poca experiencia en materia de planificaci\u00f3n de viajes pueden unirse a una flotilla. Peri\u00f3dicamente estas flotas se organizan en el Caribe, Turqu\u00eda, Grecia y Croacia &#8211; idioma suele Ingl\u00e9s. Preg\u00fantenos por ofertas!!<\/span><\/p>\n<h2><strong>Flotillas en Croacia<\/strong><\/h2>\n<p><a href=\"https:\/\/yachtcharter-connection.com\/wp-content\/uploads\/2014\/05\/Flotillas-Croatia.jpg\"><img loading=\"lazy\" class=\"alignleft size-full wp-image-26080\" src=\"https:\/\/yachtcharter-connection.com\/wp-content\/uploads\/2014\/05\/Flotillas-Croatia.jpg\" alt=\"Flotillas Croatia\" width=\"555\" height=\"327\" srcset=\"https:\/\/yachtcharter-connection.com\/wp-content\/uploads\/2014\/05\/Flotillas-Croatia.jpg 555w, https:\/\/yachtcharter-connection.com\/wp-content\/uploads\/2014\/05\/Flotillas-Croatia-300x177.jpg 300w\" sizes=\"(max-width: 555px) 100vw, 555px\" \/><\/a><\/p>\n<p>En <strong><span style=\"color: #003366;\"><a style=\"color: #003366;\" href=\"https:\/\/yachtcharter-connection.com\/es\/paises\/alquiler-barcos-croacia\/\" target=\"_blank\">Croacia<\/a><\/span><\/strong> ofrecemos navegar en flotilla desde Trogir &#8211; Seget Donji. Estas flotillas se organizan regularmente desde mayo hasta septiembre. El itinerario cambia cada semana, alternando entre una Ruta del Norte que incluye Rogoznica o Skradin, y una Ruta del Sur que visita Solta, Vis y Hvar. Por favor, pregunte por los detalles del programa y las ofertas.<\/p>\n<p>&nbsp;<\/p>\n<h2><strong>Ch\u00e1rter de yates: Flotillas con Regattas, fiestas y cocina t\u00edpica<\/strong><\/h2>\n<p>En cooperaci\u00f3n con otra agencia ofrecemos la navegaci\u00f3n con flotillas. Las regatas, las fiestas con otros tripulaciones, la navegaci\u00f3n relajada sin necesidad de organizar el programa usted mismo, descubriendo la nuevas \u00e1reas de navegaci\u00f3n &#8211; esos son las ventajas de navegar en flotilla. Aqu\u00ed usted encuentran la informaci\u00f3n sobre el programa. Ofrecemos m\u00e1s flotillas a petici\u00f3n. Con todas estas flotillas, usted puede reservar un yate como un equipo completo o reservar cabinas o camarotes. Las lenguas habladas son el alem\u00e1n y el ingl\u00e9s.<\/p>\n<h3>Flotillas 2018:<\/h3>\n<p>Marzo:<br \/>\nSan Mart\u00edn &#8211; Heineken regata<\/p>\n<p>Marzo \/ Abril &#8211; Cuba<\/p>\n<p>Abril:<br \/>\nAntigua semana de los yates cl\u00e1sicos<\/p>\n<p>Abril \/ Mayo:<br \/>\nAntigua Sailing Week<\/p>\n<p>Mayo &#8211; Junio:<br \/>\nSardinia &#8211; Cocina &amp; Cultura<\/p>\n<p>Mayo \/ Junio:<br \/>\nMar del Sur- Tahiti<\/p>\n<p>Junio:<br \/>\nIslas Seychelles<\/p>\n<p>Agosto \/ Septiembre:<br \/>\nCroacia<\/p>\n<p>Octubre:<br \/>\nSicilia &#8211; Cocina de Sicilia<\/p>\n<p>Octubre:<br \/>\nSemana de yates Mediterr\u00e1neo &#8211; Elba<\/p>\n<p>Noviembre \/ Diciembre:<br \/>\nTrofeo del Caribe &#8211; Regatas y fiestas en el Caribe<\/p>\n<p><img loading=\"lazy\" class=\"content-image\" src=\"https:\/\/yachtcharter-connection.com\/wp-content\/uploads\/converted_files\/25021\/25021-561d107e2585c.jpg\" alt=\"\" width=\"300\" height=\"224\" \/><\/p>\n<p><img loading=\"lazy\" class=\"content-image\" src=\"https:\/\/yachtcharter-connection.com\/wp-content\/uploads\/converted_files\/25021\/25021-561d107f6be29.jpg\" alt=\"\" width=\"300\" height=\"199\" \/><\/p>\n<p>No deje de p\u00f3ngase en contacto con nosotros en cuanto a fechas y programas detallados.<\/p>\n","protected":false},"excerpt":{"rendered":"<p>Alquiler de barcos: Flotillas y &#8220;Fun Regatas&#8221; Los equipos de alquiler de barcos a que les gusta disfrutar de la compa\u00f1\u00eda de otros navegantes, tal vez incluso explorando una nueva zona desconocida o que todav\u00eda tienen poca experiencia en materia de planificaci\u00f3n de viajes pueden unirse a una flotilla. Peri\u00f3dicamente<\/p>\n","protected":false},"author":11,"featured_media":0,"parent":0,"menu_order":0,"comment_status":"open","ping_status":"open","template":"","meta":[],"aioseo_notices":[],"_links":{"self":[{"href":"https:\/\/yachtcharter-connection.com\/es\/wp-json\/wp\/v2\/pages\/205"}],"collection":[{"href":"https:\/\/yachtcharter-connection.com\/es\/wp-json\/wp\/v2\/pages"}],"about":[{"href":"https:\/\/yachtcharter-connection.com\/es\/wp-json\/wp\/v2\/types\/page"}],"author":[{"embeddable":true,"href":"https:\/\/yachtcharter-connection.com\/es\/wp-json\/wp\/v2\/users\/11"}],"replies":[{"embeddable":true,"href":"https:\/\/yachtcharter-connection.com\/es\/wp-json\/wp\/v2\/comments?post=205"}],"version-history":[{"count":6,"href":"https:\/\/yachtcharter-connection.com\/es\/wp-json\/wp\/v2\/pages\/205\/revisions"}],"predecessor-version":[{"id":26090,"href":"https:\/\/yachtcharter-connection.com\/es\/wp-json\/wp\/v2\/pages\/205\/revisions\/26090"}],"wp:attachment":[{"href":"https:\/\/yachtcharter-connection.com\/es\/wp-json\/wp\/v2\/media?parent=205"}],"curies":[{"name":"wp","href":"https:\/\/api.w.org\/{rel}","templated":true}]}}