{"id":2050,"date":"2015-08-10T05:53:52","date_gmt":"2015-08-10T05:53:52","guid":{"rendered":"http:\/\/yachtcharter-connection.com.w01e47c6.kasserver.com\/mallorca-portocolom\/"},"modified":"2017-07-15T19:28:38","modified_gmt":"2017-07-15T17:28:38","slug":"mallorca-portocolom","status":"publish","type":"page","link":"https:\/\/yachtcharter-connection.com\/es\/regiones\/mediterraneo\/alquiler-barcos-baleares-mallorca-menorca-ibiza\/mallorca-portocolom\/","title":{"rendered":"Mallorca \/ Portocolom"},"content":{"rendered":"<h3>Alquiler de barcos Porto Colom<\/h3>\n<p>\n<img loading=\"lazy\" class=\"content-image\"  width=\"300\" height=\"82\" alt=\"\" src=\"https:\/\/yachtcharter-connection.com\/wp-content\/uploads\/converted_files\/20833\/20833-5624e1993d7ca.jpg\" \/>Porto Colom se encuentra en una amplia bah\u00eda,  Bah\u00eda Azul, en la que podemos encontrar amarres en el muelle principal o en los pantalanes flotantes y adem\u00e1s boyas de amarre &#8211; se puede preguntar al puerto de la comunidad o al Club N\u00e1utico loca. En el paseo del puerto tenemos algunos de los restaurantes m\u00e1s famosos de Mallorca.  <\/p>\n<p>Dicen que el gran navegador Cristob\u00e1l Colon nac\u00ed en Porto Colom&#8230; <\/p>\n<p>Desde la base de Alquiler de barcos en Porto Colom, se encuentran muy cerca bonitas bahias a la costa rom\u00e1ntica del este de Mallorca. El archipi\u00e9lago de Cabrera no es muy lejos &#8211; y los que quieren navegar por algunas milas m\u00e1s pueden hacer una excursi\u00f3n a Menorca.<\/p>\n","protected":false},"excerpt":{"rendered":"<p>Alquiler de barcos Porto Colom Porto Colom se encuentra en una amplia bah\u00eda, Bah\u00eda Azul, en la que podemos encontrar amarres en el muelle principal o en los pantalanes flotantes y adem\u00e1s boyas de amarre &#8211; se puede preguntar al puerto de la comunidad o al Club N\u00e1utico loca. En<\/p>\n","protected":false},"author":11,"featured_media":0,"parent":667,"menu_order":0,"comment_status":"open","ping_status":"open","template":"","meta":[],"aioseo_notices":[],"_links":{"self":[{"href":"https:\/\/yachtcharter-connection.com\/es\/wp-json\/wp\/v2\/pages\/2050"}],"collection":[{"href":"https:\/\/yachtcharter-connection.com\/es\/wp-json\/wp\/v2\/pages"}],"about":[{"href":"https:\/\/yachtcharter-connection.com\/es\/wp-json\/wp\/v2\/types\/page"}],"author":[{"embeddable":true,"href":"https:\/\/yachtcharter-connection.com\/es\/wp-json\/wp\/v2\/users\/11"}],"replies":[{"embeddable":true,"href":"https:\/\/yachtcharter-connection.com\/es\/wp-json\/wp\/v2\/comments?post=2050"}],"version-history":[{"count":1,"href":"https:\/\/yachtcharter-connection.com\/es\/wp-json\/wp\/v2\/pages\/2050\/revisions"}],"predecessor-version":[{"id":14188,"href":"https:\/\/yachtcharter-connection.com\/es\/wp-json\/wp\/v2\/pages\/2050\/revisions\/14188"}],"up":[{"embeddable":true,"href":"https:\/\/yachtcharter-connection.com\/es\/wp-json\/wp\/v2\/pages\/667"}],"wp:attachment":[{"href":"https:\/\/yachtcharter-connection.com\/es\/wp-json\/wp\/v2\/media?parent=2050"}],"curies":[{"name":"wp","href":"https:\/\/api.w.org\/{rel}","templated":true}]}}