{"id":2052,"date":"2015-07-13T05:55:49","date_gmt":"2015-07-13T05:55:49","guid":{"rendered":"http:\/\/yachtcharter-connection.com.w01e47c6.kasserver.com\/baska-voda-397\/"},"modified":"2017-07-15T01:38:13","modified_gmt":"2017-07-14T23:38:13","slug":"baska-voda-397","status":"publish","type":"page","link":"https:\/\/yachtcharter-connection.com\/es\/regiones\/mediterraneo\/alquiler-barcos-adriatico-del-sud\/baska-voda-397\/","title":{"rendered":"Baska Voda"},"content":{"rendered":"<h3>Alquiler de barcos Baska Voda \/ Krvavica<\/h3>\n<p>\n<img loading=\"lazy\" class=\"content-image\"  width=\"300\" height=\"200\" src=\"https:\/\/yachtcharter-connection.com\/wp-content\/uploads\/converted_files\/20837\/20837-5624e19a9a383.jpg\" alt=\"Navegar_Croacia_Korcula\" \/>Baska Voda, el hogar de varias compa\u00f1\u00edas de alquiler de yates, es un popular destino vacacional en el centro de Dalmacia, entre las ciudades de Makarska y Brela. El punto de partida para los cruceros de alquiler de barcos Baska Voda en la Riviera Makarska est\u00e1 situado a los pies de San Ilia y las monta\u00f1as de Biokovo con el parque natural Biokovo. Los based de alquiler de barcos en Baska Voda en el puerto deportivo se encuentran directamente en la ciudad. La ciudad de Makarska est\u00e1 a unos nueve kil\u00f3metros de distancia, el moderno puerto deportivo Marina Krvavica, destino muy popular para las tripulaciones de barcos de charter Baska Voda, es cinco kilometros m\u00e1s al sur. El m\u00e1s cercano aeropuerto internacional de Split est\u00e1 a unos 50 kil\u00f3metros de distancia.<\/p>\n<p>En la Makarska Riviera, los turistas del alquiler de yates Baska Voda son principalmente atra\u00eddos por las playas de arena y las playas de grava y las aguas cristalinas del mar Adri\u00e1tico. En los \u00faltimos a\u00f1os, varios nuevos puertos fueron construidos para que las tripulaciones de alquiler de yates Baska Voda encontran en cualquier lugar una excelente infraestructura. Destinos m\u00e1s populares para los equipos de alquiler yates de Baska Voda incluyen las islas de Hvar, Brac y Korcula, as\u00ed como el sur de Dalmacia con<a href=\"~\/Alquiler_barcos_croacia\/dubrovnik.html\"> Dubrovnik<\/a> y el archipi\u00e9lago de Elafiti.<\/p>\n<p>La zona de alquiler de barcos Makarska Riviera , bendecida por la naturaleza con hermosas playas, fue habitada en la antig\u00fcedad. Cerca de la ciudad, los turistas de alquiler de yates Baska Voda pueden disfrutar visitando las iglesias y monasterios, o simplemente caminar en los bosques de pinos sombr\u00edos. Una excursi\u00f3n a los lugares m\u00e1s peque\u00f1os Bast, tema o Bratus tambi\u00e9n tiene sentido.<\/p>\n","protected":false},"excerpt":{"rendered":"<p>Alquiler de barcos Baska Voda \/ Krvavica Baska Voda, el hogar de varias compa\u00f1\u00edas de alquiler de yates, es un popular destino vacacional en el centro de Dalmacia, entre las ciudades de Makarska y Brela. El punto de partida para los cruceros de alquiler de barcos Baska Voda en la<\/p>\n","protected":false},"author":11,"featured_media":0,"parent":649,"menu_order":0,"comment_status":"open","ping_status":"open","template":"","meta":[],"aioseo_notices":[],"_links":{"self":[{"href":"https:\/\/yachtcharter-connection.com\/es\/wp-json\/wp\/v2\/pages\/2052"}],"collection":[{"href":"https:\/\/yachtcharter-connection.com\/es\/wp-json\/wp\/v2\/pages"}],"about":[{"href":"https:\/\/yachtcharter-connection.com\/es\/wp-json\/wp\/v2\/types\/page"}],"author":[{"embeddable":true,"href":"https:\/\/yachtcharter-connection.com\/es\/wp-json\/wp\/v2\/users\/11"}],"replies":[{"embeddable":true,"href":"https:\/\/yachtcharter-connection.com\/es\/wp-json\/wp\/v2\/comments?post=2052"}],"version-history":[{"count":1,"href":"https:\/\/yachtcharter-connection.com\/es\/wp-json\/wp\/v2\/pages\/2052\/revisions"}],"predecessor-version":[{"id":14112,"href":"https:\/\/yachtcharter-connection.com\/es\/wp-json\/wp\/v2\/pages\/2052\/revisions\/14112"}],"up":[{"embeddable":true,"href":"https:\/\/yachtcharter-connection.com\/es\/wp-json\/wp\/v2\/pages\/649"}],"wp:attachment":[{"href":"https:\/\/yachtcharter-connection.com\/es\/wp-json\/wp\/v2\/media?parent=2052"}],"curies":[{"name":"wp","href":"https:\/\/api.w.org\/{rel}","templated":true}]}}