{"id":2053,"date":"2015-08-10T05:53:52","date_gmt":"2015-08-10T05:53:52","guid":{"rendered":"http:\/\/yachtcharter-connection.com.w01e47c6.kasserver.com\/lanzarote-marina-rubicon-576\/"},"modified":"2017-07-13T00:27:15","modified_gmt":"2017-07-12T22:27:15","slug":"lanzarote-marina-rubicon-576","status":"publish","type":"page","link":"https:\/\/yachtcharter-connection.com\/es\/regiones\/atlantico-africa-occidental\/alquiler-barcos-canarias\/lanzarote-marina-rubicon-576\/","title":{"rendered":"Lanzarote \/ Marina Rubicon"},"content":{"rendered":"<h3>Alquiler de barcos Lanzarote \/ Marina Rubicon<\/h3>\n<p>\n<img class=\"content-image\"  src=\"https:\/\/yachtcharter-connection.com\/wp-content\/uploads\/converted_files\/20839\/20839-5624e19d5485b.jpg\" alt=\"Lanzarote-Marina-Rubicon-3.JPG\" style=\"width:300px; height:169px;\" \/>La Marina Rubic\u00f3n, en el sur, tambi\u00e9n est\u00e1 equipada a la perfecci\u00f3n. Est\u00e1 cerca del Puerto del Carmen que est\u00e1 lleno de barcas de pescadores y barcos de excursionistas; es mejor fondear delante del puerto. Y evitar la cercana Playa Blanca, que est\u00e1 llena de ferris.<\/p>\n<p><img class=\"content-image\"  src=\"https:\/\/yachtcharter-connection.com\/wp-content\/uploads\/converted_files\/20839\/20839-5624e19e42c4c.jpg\" alt=\"Lanzarote-Marina-Rubicon-6.JPG\" style=\"width:300px; height:169px;\" \/><\/p>\n<p><img class=\"content-image\"  src=\"https:\/\/yachtcharter-connection.com\/wp-content\/uploads\/converted_files\/20839\/20839-5624e19f70679.jpg\" alt=\"Lanzarote-Marina-Rubicon.JPG\" style=\"width:300px; height:169px;\" \/><\/p>\n<p><\/p>\n","protected":false},"excerpt":{"rendered":"<p>Alquiler de barcos Lanzarote \/ Marina Rubicon La Marina Rubic\u00f3n, en el sur, tambi\u00e9n est\u00e1 equipada a la perfecci\u00f3n. Est\u00e1 cerca del Puerto del Carmen que est\u00e1 lleno de barcas de pescadores y barcos de excursionistas; es mejor fondear delante del puerto. Y evitar la cercana Playa Blanca, que est\u00e1<\/p>\n","protected":false},"author":11,"featured_media":0,"parent":651,"menu_order":0,"comment_status":"open","ping_status":"open","template":"","meta":[],"aioseo_notices":[],"_links":{"self":[{"href":"https:\/\/yachtcharter-connection.com\/es\/wp-json\/wp\/v2\/pages\/2053"}],"collection":[{"href":"https:\/\/yachtcharter-connection.com\/es\/wp-json\/wp\/v2\/pages"}],"about":[{"href":"https:\/\/yachtcharter-connection.com\/es\/wp-json\/wp\/v2\/types\/page"}],"author":[{"embeddable":true,"href":"https:\/\/yachtcharter-connection.com\/es\/wp-json\/wp\/v2\/users\/11"}],"replies":[{"embeddable":true,"href":"https:\/\/yachtcharter-connection.com\/es\/wp-json\/wp\/v2\/comments?post=2053"}],"version-history":[{"count":1,"href":"https:\/\/yachtcharter-connection.com\/es\/wp-json\/wp\/v2\/pages\/2053\/revisions"}],"predecessor-version":[{"id":13853,"href":"https:\/\/yachtcharter-connection.com\/es\/wp-json\/wp\/v2\/pages\/2053\/revisions\/13853"}],"up":[{"embeddable":true,"href":"https:\/\/yachtcharter-connection.com\/es\/wp-json\/wp\/v2\/pages\/651"}],"wp:attachment":[{"href":"https:\/\/yachtcharter-connection.com\/es\/wp-json\/wp\/v2\/media?parent=2053"}],"curies":[{"name":"wp","href":"https:\/\/api.w.org\/{rel}","templated":true}]}}