{"id":2055,"date":"2014-06-28T01:06:41","date_gmt":"2014-06-28T01:06:41","guid":{"rendered":"http:\/\/yachtcharter-connection.com.w01e47c6.kasserver.com\/fort-lauderdale-243\/"},"modified":"2016-10-29T19:07:05","modified_gmt":"2016-10-29T17:07:05","slug":"fort-lauderdale-243","status":"publish","type":"page","link":"https:\/\/yachtcharter-connection.com\/es\/regiones\/eeuu-sudeste-florida-bahamas\/alquiler-barcos-florida\/fort-lauderdale-243\/","title":{"rendered":"Fort Lauderdale"},"content":{"rendered":"<h3>Alquiler de barcos Fort Lauderdale<\/h3>\n<p>\n<img class=\"content-image\"  style=\"width: 300px; height: 199px;\" alt=\"Alquiler de barcos Fort Lauderdale\" src=\"https:\/\/yachtcharter-connection.com\/wp-content\/uploads\/converted_files\/20843\/20843-5624e1a246cbd.jpg\" \/>El destino de alquiler de yates Fort Lauderdale, tercera ciudad m\u00e1s grande de Florida, se llama tambi\u00e9n &quot;Venecia de EE.UU.&quot; a causa de los muchos canales. La ciudad con la base de ch\u00e1rter est\u00e1 a unos 30 km al norte de Miami. Edificios hist\u00f3ricos en la ciudad son un recordatorio de los tiempos de la colonizaci\u00f3n de la Florida. Vale la pena visitar la casa Stranahan House: fue construido originalmente como un puesto de comercio para los indios y los blancos, m\u00e1s tarde, entre otros sirvi\u00f2 como un ayuntamiento, oficina de correos y residencia privada. Hoy en d\u00eda se encuentra totalmente restaurada para dar ideas sobre la vida en el siglo 19. Otros puntos destacados para hacer turismo antes o despu\u00e9s del viaje de alquiler de barcos en la Florida: el gran mercado rastrillo Fort Lauderdale Swap Shop, el &quot;Parque de las Artes en Young Circle&quot; en Hollywood Beach con anfiteatro, un pabell\u00f3n de &quot;Visual arts&quot; y varias exposiciones al aire libre, o los pantanos en el Sawgrass Recreation Park.<\/p>\n<p>Los equipos de alquiler de yates de Fort Lauderdale pueden disfrutar de las zonas circundantes, como Miami y South Beach y la Bah\u00eda de Biscayne, o explorar los Cayos de la Florida en Key Largo, Islamorada y por supuesto visitar Key West &#8211; o empezar a navegar hacia las Bahamas.<\/p>\n<p>Para alquiler de yates de Fort Lauderdale, hay veleros de 34 a 50 pies de diferentes astilleros y catamaranes de vela &#8211;  y por supuesto yates de lujo. Preguntenos por ofertas.<\/p>\n","protected":false},"excerpt":{"rendered":"<p>Alquiler de barcos Fort Lauderdale El destino de alquiler de yates Fort Lauderdale, tercera ciudad m\u00e1s grande de Florida, se llama tambi\u00e9n &quot;Venecia de EE.UU.&quot; a causa de los muchos canales. La ciudad con la base de ch\u00e1rter est\u00e1 a unos 30 km al norte de Miami. Edificios hist\u00f3ricos en<\/p>\n","protected":false},"author":11,"featured_media":0,"parent":720,"menu_order":0,"comment_status":"open","ping_status":"open","template":"","meta":[],"aioseo_notices":[],"_links":{"self":[{"href":"https:\/\/yachtcharter-connection.com\/es\/wp-json\/wp\/v2\/pages\/2055"}],"collection":[{"href":"https:\/\/yachtcharter-connection.com\/es\/wp-json\/wp\/v2\/pages"}],"about":[{"href":"https:\/\/yachtcharter-connection.com\/es\/wp-json\/wp\/v2\/types\/page"}],"author":[{"embeddable":true,"href":"https:\/\/yachtcharter-connection.com\/es\/wp-json\/wp\/v2\/users\/11"}],"replies":[{"embeddable":true,"href":"https:\/\/yachtcharter-connection.com\/es\/wp-json\/wp\/v2\/comments?post=2055"}],"version-history":[{"count":1,"href":"https:\/\/yachtcharter-connection.com\/es\/wp-json\/wp\/v2\/pages\/2055\/revisions"}],"predecessor-version":[{"id":13979,"href":"https:\/\/yachtcharter-connection.com\/es\/wp-json\/wp\/v2\/pages\/2055\/revisions\/13979"}],"up":[{"embeddable":true,"href":"https:\/\/yachtcharter-connection.com\/es\/wp-json\/wp\/v2\/pages\/720"}],"wp:attachment":[{"href":"https:\/\/yachtcharter-connection.com\/es\/wp-json\/wp\/v2\/media?parent=2055"}],"curies":[{"name":"wp","href":"https:\/\/api.w.org\/{rel}","templated":true}]}}