{"id":206,"date":"2014-07-12T16:44:19","date_gmt":"2014-07-12T16:44:19","guid":{"rendered":"http:\/\/yachtcharter-connection.com.w01e47c6.kasserver.com\/yates-de-lujo-charter-de-cabinas\/"},"modified":"2016-10-29T22:09:24","modified_gmt":"2016-10-29T20:09:24","slug":"yates-de-lujo-ch%c3%a1rter-de-cabinas","status":"publish","type":"page","link":"https:\/\/yachtcharter-connection.com\/es\/yates-de-lujo-ch%c3%a1rter-de-cabinas\/","title":{"rendered":"Yates de Lujo &#8211; Ch\u00e1rter de Cabinas"},"content":{"rendered":"<h3>Crucero en Yates De lujo &#8211; Ch\u00e1rter de Cabinas<\/h3>\n<p>\n<img loading=\"lazy\" class=\"content-image\"  height=\"199\" width=\"300\" src=\"https:\/\/yachtcharter-connection.com\/wp-content\/uploads\/converted_files\/25022\/25022-561d1080b5df6.jpg\" alt=\"\" \/>Descubra el crucero m\u00e1s hermoso en \u00e1reas como <a target=\"_blank\" href=\"~\/mediterraneo\/Alquiler_barcos_cerdena.html\">Cerde\u00f1a<\/a> y <a target=\"_blank\" href=\"~\/mediterraneo\/Alquiler_barcos_liguria_corcega_elba.html\">C\u00f3rcega<\/a>, <a target=\"_blank\" href=\"https:\/\/yachtcharter-connection.com\/wp-content\/uploads\/converted_files\/25022\/25022-561d1083f3689.jpg\">Mallorca<\/a>, <a target=\"_blank\" href=\"~\/Alquiler_barcos_croacia.html\">Croacia<\/a>, <a target=\"_blank\" href=\"~\/Alquiler_barcos_montenegro.html\">Montenegro<\/a>, Dubai y Om\u00e1n, o las <a target=\"_blank\" href=\"~\/Alquiler_barcos_maldivas.html\">Maldivas<\/a> &#8211; y disfrute del ambiente exclusivo de un yate de lujo de motor: El crucero de yate exclusivo est\u00e1 ahora tambi\u00e9n posible por la ch\u00e1rter de cabinas individuales, asistidas por equipos profesionales, siempre listos a encontrar sus deseos, pero retirada si usted quiere solamentela intimidad.<\/p>\n<p>Para este nuevo programa hay yates exclusivos con flybridge, cada uno con tres cabinas para invitados. Los yates ofrecen toda la comodidad, el sistema de aire acondicionado, sistemas de musica o TV y todo que se necesita para el deporte n\u00e1utico. Los datos espec\u00edficos detallados de los yates est\u00e1n disponibles por  petici\u00f3n.<\/p>\n<p>\n<b>Cerde<\/b><b>\u00f1<\/b><b>a &#038; Corsica:<\/b> 70 pies &#8211; customyacht de Futura Yachts UK<\/p>\n<p><b>Mallorca:<\/b> 72-pies Montefino <\/p>\n<p><b>Croacia:<\/b> Sunseeker Manhattan 64 con jet ski, esqu\u00edes acuaticos etc. <\/p>\n<p><b>Montenegro:<\/b> 72 pies &#8211;  custom yacht <\/p>\n<p><b>Dubai:<\/b> Azimuth  16 metros<br \/>\n<img loading=\"lazy\" class=\"content-image\"  height=\"200\" width=\"300\" src=\"https:\/\/yachtcharter-connection.com\/wp-content\/uploads\/converted_files\/25022\/25022-561d1088110fc.jpg\" alt=\"\" \/>   <img loading=\"lazy\" class=\"content-image\"  height=\"225\" width=\"300\" src=\"https:\/\/yachtcharter-connection.com\/wp-content\/uploads\/converted_files\/25022\/25022-561d108950722.jpg\" alt=\"\" \/><br \/>\nDubai Creek y pescadores en Oman &#8211; dos aspectos muy  diferentes en el Oriente Pr\u00f3ximo<\/p>\n<p>\n<b>Maldivas:<\/b> yate de 105 pies con 2 cubiertos m\u00e1s flybridge y centro de bucear completo <br \/>\n<img loading=\"lazy\" class=\"content-image\"  height=\"199\" width=\"300\" src=\"https:\/\/yachtcharter-connection.com\/wp-content\/uploads\/converted_files\/25022\/25022-561d108aa30e3.jpg\" alt=\"\" \/><\/p>\n<p>\nLos yates pueden ser alquilados completamente tambi\u00e9n, durante d\u00edas y durante semanas. Precios para daycharter incluyendo tres cabinas para seis invitados, capit\u00e1n y azafata: 3000 a 5000 euros por d\u00eda, dependiendo de la temporada. Precios 2009 para ch\u00e1rter de cabinas &#8211; 2 ejemplos: una semana Cerde\u00f1a que comienza de 3,990 euros por persona, una semana viajando y golf que comienza en Dubai que comienza de 8,340 euros por persona &#8211; comida, traslados, excursiones etc. incluidos.<\/p>\n<p><b>La lengua de a bordo es el ingl\u00e9s, a veces tambi\u00e9n el alem\u00e1n es hablado. Nosotros le enviaremos fechas exactas, descripciones de los itinerarios y detalles \/ fotos de los yates por petici\u00f3n. <\/b><\/p>\n<p><\/p>\n","protected":false},"excerpt":{"rendered":"<p>Crucero en Yates De lujo &#8211; Ch\u00e1rter de Cabinas Descubra el crucero m\u00e1s hermoso en \u00e1reas como Cerde\u00f1a y C\u00f3rcega, Mallorca, Croacia, Montenegro, Dubai y Om\u00e1n, o las Maldivas &#8211; y disfrute del ambiente exclusivo de un yate de lujo de motor: El crucero de yate exclusivo est\u00e1 ahora tambi\u00e9n<\/p>\n","protected":false},"author":11,"featured_media":0,"parent":0,"menu_order":0,"comment_status":"open","ping_status":"open","template":"","meta":[],"aioseo_notices":[],"_links":{"self":[{"href":"https:\/\/yachtcharter-connection.com\/es\/wp-json\/wp\/v2\/pages\/206"}],"collection":[{"href":"https:\/\/yachtcharter-connection.com\/es\/wp-json\/wp\/v2\/pages"}],"about":[{"href":"https:\/\/yachtcharter-connection.com\/es\/wp-json\/wp\/v2\/types\/page"}],"author":[{"embeddable":true,"href":"https:\/\/yachtcharter-connection.com\/es\/wp-json\/wp\/v2\/users\/11"}],"replies":[{"embeddable":true,"href":"https:\/\/yachtcharter-connection.com\/es\/wp-json\/wp\/v2\/comments?post=206"}],"version-history":[{"count":1,"href":"https:\/\/yachtcharter-connection.com\/es\/wp-json\/wp\/v2\/pages\/206\/revisions"}],"predecessor-version":[{"id":14466,"href":"https:\/\/yachtcharter-connection.com\/es\/wp-json\/wp\/v2\/pages\/206\/revisions\/14466"}],"wp:attachment":[{"href":"https:\/\/yachtcharter-connection.com\/es\/wp-json\/wp\/v2\/media?parent=206"}],"curies":[{"name":"wp","href":"https:\/\/api.w.org\/{rel}","templated":true}]}}