{"id":2072,"date":"2014-06-28T01:01:36","date_gmt":"2014-06-28T01:01:36","guid":{"rendered":"http:\/\/yachtcharter-connection.com.w01e47c6.kasserver.com\/valencia-727\/"},"modified":"2017-07-16T05:43:52","modified_gmt":"2017-07-16T03:43:52","slug":"valencia-727","status":"publish","type":"page","link":"https:\/\/yachtcharter-connection.com\/es\/regiones\/mediterraneo\/alquiler-barcos-costa-espanola-barcelona\/valencia-727\/","title":{"rendered":"Valencia"},"content":{"rendered":"<h3>Alquiler de barcos Valencia<\/h3>\n<p>\n<img loading=\"lazy\" class=\"content-image\"  height=\"225\" width=\"300\" alt=\"\" src=\"https:\/\/yachtcharter-connection.com\/wp-content\/uploads\/converted_files\/20878\/20878-5624e1a83c4cd.jpg\" \/>Desde el &quot;America&#8217;s Cup&quot; en 2007, Valencia es bien conocido como destinaci\u00f3n de la navegaci\u00f3n. El nuevo puerto  Port America&#8217;s Cup es uno de los puntos tur\u00edsticos m\u00e1s visitados de la ciudad que tiene mucho m\u00e1s a ofrecer: por ejemplo los sitios hist\u00f3ricos en la ciudad vieja como la catedral, el museo de Almudin o el palacio de los Almirantes de Arag\u00f3n o varios parques y jardines &#8211; como los Jardines de la Almeda o los Jardines de Monforte. <\/p>\n<p>Los visitantes pueden disfrutar de hacer compras, de la cocina espa\u00f1ola (el paella m\u00e1s t\u00edpico es la Paella Valenciana) y de la vida nocturna en el muy t\u00edpico &quot;Barrio del Carmen.&quot; <\/p>\n<p>Desde la base de Alquiler de barcos en Valencia, los navegantes tienen la opci\u00f3n de navegar al norte a la costa Brava o al sur hacia la Costa del Sol. Por todas partes encontrar\u00e1n puertos deportivos muy modernos y las playas fant\u00e1sticas.<\/p>\n","protected":false},"excerpt":{"rendered":"<p>Alquiler de barcos Valencia Desde el &quot;America&#8217;s Cup&quot; en 2007, Valencia es bien conocido como destinaci\u00f3n de la navegaci\u00f3n. El nuevo puerto Port America&#8217;s Cup es uno de los puntos tur\u00edsticos m\u00e1s visitados de la ciudad que tiene mucho m\u00e1s a ofrecer: por ejemplo los sitios hist\u00f3ricos en la ciudad<\/p>\n","protected":false},"author":11,"featured_media":0,"parent":647,"menu_order":0,"comment_status":"open","ping_status":"open","template":"","meta":[],"aioseo_notices":[],"_links":{"self":[{"href":"https:\/\/yachtcharter-connection.com\/es\/wp-json\/wp\/v2\/pages\/2072"}],"collection":[{"href":"https:\/\/yachtcharter-connection.com\/es\/wp-json\/wp\/v2\/pages"}],"about":[{"href":"https:\/\/yachtcharter-connection.com\/es\/wp-json\/wp\/v2\/types\/page"}],"author":[{"embeddable":true,"href":"https:\/\/yachtcharter-connection.com\/es\/wp-json\/wp\/v2\/users\/11"}],"replies":[{"embeddable":true,"href":"https:\/\/yachtcharter-connection.com\/es\/wp-json\/wp\/v2\/comments?post=2072"}],"version-history":[{"count":1,"href":"https:\/\/yachtcharter-connection.com\/es\/wp-json\/wp\/v2\/pages\/2072\/revisions"}],"predecessor-version":[{"id":14260,"href":"https:\/\/yachtcharter-connection.com\/es\/wp-json\/wp\/v2\/pages\/2072\/revisions\/14260"}],"up":[{"embeddable":true,"href":"https:\/\/yachtcharter-connection.com\/es\/wp-json\/wp\/v2\/pages\/647"}],"wp:attachment":[{"href":"https:\/\/yachtcharter-connection.com\/es\/wp-json\/wp\/v2\/media?parent=2072"}],"curies":[{"name":"wp","href":"https:\/\/api.w.org\/{rel}","templated":true}]}}