{"id":2077,"date":"2015-08-10T05:53:52","date_gmt":"2015-08-10T05:53:52","guid":{"rendered":"http:\/\/yachtcharter-connection.com.w01e47c6.kasserver.com\/mallorca-puerto-pollensa\/"},"modified":"2017-07-15T19:46:30","modified_gmt":"2017-07-15T17:46:30","slug":"mallorca-puerto-pollensa","status":"publish","type":"page","link":"https:\/\/yachtcharter-connection.com\/es\/regiones\/mediterraneo\/alquiler-barcos-baleares-mallorca-menorca-ibiza\/mallorca-puerto-pollensa\/","title":{"rendered":"Mallorca \/ Puerto Pollensa"},"content":{"rendered":"<h3>Alquiler de barcos Puerto Pollensa<\/h3>\n<p>\n<img loading=\"lazy\" class=\"content-image\"  height=\"168\" width=\"300\" src=\"https:\/\/yachtcharter-connection.com\/wp-content\/uploads\/converted_files\/20888\/20888-5624e1acd4b7b.jpg\" alt=\"Mallorca - Bahia cerca de Puerto Pollensa\" \/>En ambas bah\u00edas, Pollensa y Alcudia, hay un buen n\u00famero de fondeaderos localizados en peque\u00f1as calas. Cuanto m\u00e1s nos acercamos al Cabo de Formentor, m\u00e1s hermoso es el panorama. Cala Murta es uno de los lugares m\u00e1s codiciados.<\/p>\n<p><\/p>\n","protected":false},"excerpt":{"rendered":"<p>Alquiler de barcos Puerto Pollensa En ambas bah\u00edas, Pollensa y Alcudia, hay un buen n\u00famero de fondeaderos localizados en peque\u00f1as calas. Cuanto m\u00e1s nos acercamos al Cabo de Formentor, m\u00e1s hermoso es el panorama. Cala Murta es uno de los lugares m\u00e1s codiciados.<\/p>\n","protected":false},"author":11,"featured_media":0,"parent":667,"menu_order":0,"comment_status":"open","ping_status":"open","template":"","meta":[],"aioseo_notices":[],"_links":{"self":[{"href":"https:\/\/yachtcharter-connection.com\/es\/wp-json\/wp\/v2\/pages\/2077"}],"collection":[{"href":"https:\/\/yachtcharter-connection.com\/es\/wp-json\/wp\/v2\/pages"}],"about":[{"href":"https:\/\/yachtcharter-connection.com\/es\/wp-json\/wp\/v2\/types\/page"}],"author":[{"embeddable":true,"href":"https:\/\/yachtcharter-connection.com\/es\/wp-json\/wp\/v2\/users\/11"}],"replies":[{"embeddable":true,"href":"https:\/\/yachtcharter-connection.com\/es\/wp-json\/wp\/v2\/comments?post=2077"}],"version-history":[{"count":1,"href":"https:\/\/yachtcharter-connection.com\/es\/wp-json\/wp\/v2\/pages\/2077\/revisions"}],"predecessor-version":[{"id":14191,"href":"https:\/\/yachtcharter-connection.com\/es\/wp-json\/wp\/v2\/pages\/2077\/revisions\/14191"}],"up":[{"embeddable":true,"href":"https:\/\/yachtcharter-connection.com\/es\/wp-json\/wp\/v2\/pages\/667"}],"wp:attachment":[{"href":"https:\/\/yachtcharter-connection.com\/es\/wp-json\/wp\/v2\/media?parent=2077"}],"curies":[{"name":"wp","href":"https:\/\/api.w.org\/{rel}","templated":true}]}}