{"id":2086,"date":"2014-06-28T17:10:50","date_gmt":"2014-06-28T17:10:50","guid":{"rendered":"http:\/\/yachtcharter-connection.com.w01e47c6.kasserver.com\/cayo-largo-229\/"},"modified":"2016-10-29T19:04:20","modified_gmt":"2016-10-29T17:04:20","slug":"cayo-largo-229","status":"publish","type":"page","link":"https:\/\/yachtcharter-connection.com\/es\/regiones\/caribe\/alquiler-barcos-cuba-cayo-largo\/cayo-largo-229\/","title":{"rendered":"Cayo Largo"},"content":{"rendered":"<h3>Alquiler de barcos Cayo Largo<\/h3>\n<p>\n<img loading=\"lazy\" class=\"content-image\"  width=\"300\" height=\"226\" src=\"https:\/\/yachtcharter-connection.com\/wp-content\/uploads\/converted_files\/20907\/20907-5624e1b12aaed.jpg\" alt=\"Fondeando al ancla - Cuba - Cayo Largo\" \/>A veces hay ofertas de Alquiler de barcos one-way entre la base de Alquiler de barcos en Cienfuegos y Cayo Largo del Sur, el nombre oficial. Cayo Largo es la segunda mayor isla del archipi\u00e9lago cubano de los Canarreos en el Mar Caribe, con 25 km de largo y 3 km de ancho. Para el turismo de Alquiler de barcos, la isla es muy popular. El norte de la isla est\u00e1 cubierta de manglares y marismas &#8211; en el sur atraen aguas cristalinas, playas de arena blanca y los ex\u00f3ticos a los que viajan en ch\u00e1rter. Es bastante f\u00e1cil la pesca de langostas. Y muy interesante de bucear entra los arrecifes. <\/p>\n<p>Si no se llega all\u00ed en el yate de ch\u00e1rter, se puede llegar a este paraiso para el turismo de Alquiler de barcos con ferry o avi\u00f3n.<\/p>\n","protected":false},"excerpt":{"rendered":"<p>Alquiler de barcos Cayo Largo A veces hay ofertas de Alquiler de barcos one-way entre la base de Alquiler de barcos en Cienfuegos y Cayo Largo del Sur, el nombre oficial. Cayo Largo es la segunda mayor isla del archipi\u00e9lago cubano de los Canarreos en el Mar Caribe, con 25<\/p>\n","protected":false},"author":11,"featured_media":0,"parent":676,"menu_order":0,"comment_status":"open","ping_status":"open","template":"","meta":[],"aioseo_notices":[],"_links":{"self":[{"href":"https:\/\/yachtcharter-connection.com\/es\/wp-json\/wp\/v2\/pages\/2086"}],"collection":[{"href":"https:\/\/yachtcharter-connection.com\/es\/wp-json\/wp\/v2\/pages"}],"about":[{"href":"https:\/\/yachtcharter-connection.com\/es\/wp-json\/wp\/v2\/types\/page"}],"author":[{"embeddable":true,"href":"https:\/\/yachtcharter-connection.com\/es\/wp-json\/wp\/v2\/users\/11"}],"replies":[{"embeddable":true,"href":"https:\/\/yachtcharter-connection.com\/es\/wp-json\/wp\/v2\/comments?post=2086"}],"version-history":[{"count":1,"href":"https:\/\/yachtcharter-connection.com\/es\/wp-json\/wp\/v2\/pages\/2086\/revisions"}],"predecessor-version":[{"id":13940,"href":"https:\/\/yachtcharter-connection.com\/es\/wp-json\/wp\/v2\/pages\/2086\/revisions\/13940"}],"up":[{"embeddable":true,"href":"https:\/\/yachtcharter-connection.com\/es\/wp-json\/wp\/v2\/pages\/676"}],"wp:attachment":[{"href":"https:\/\/yachtcharter-connection.com\/es\/wp-json\/wp\/v2\/media?parent=2086"}],"curies":[{"name":"wp","href":"https:\/\/api.w.org\/{rel}","templated":true}]}}