{"id":2087,"date":"2014-06-28T17:12:44","date_gmt":"2014-06-28T17:12:44","guid":{"rendered":"http:\/\/yachtcharter-connection.com.w01e47c6.kasserver.com\/isla-juventud-622\/"},"modified":"2016-10-29T19:04:21","modified_gmt":"2016-10-29T17:04:21","slug":"isla-juventud-622","status":"publish","type":"page","link":"https:\/\/yachtcharter-connection.com\/es\/regiones\/caribe\/alquiler-barcos-cuba-cayo-largo\/isla-juventud-622\/","title":{"rendered":"Isla Juventud"},"content":{"rendered":"<h3>Alquiler de barcos Isla de la Juventud<\/h3>\n<p>\nLa Isla de la Juventud, muy popular en el turismo de Alquiler de barcos es la isla m\u00e1s grande del archipi\u00e9lago cubano de los Canarreos en el Mar Caribe. Cerca de 90.000 personas viven all\u00ed, la ciudad m\u00e1s grande es Nueva Gerona. El nombre de la isla ha sido cambiado a menudo: Cristobal Col\u00f3n la llamaba La Evangelista, En los tiempos de los piratas, llevaba el nombre Parrot Island. En la era del dictador Baptista, se llamaba Isla de los Pinos y sirvi\u00f3 como prisi\u00f3n.<\/p>\n<p>Despu\u00e9s de la revoluci\u00f3n cubana, el desarrollo de la agricultura se llevar\u00e1 a cabo en la isla. Para ello hubo muchos miles de personas j\u00f3venes, especialmente de pa\u00edses del tercer mundo para aprender y trabajar en la Isla, lo que explica el cambio al nombre simb\u00f3lico a Isla de la Juventud (1978). La isla se conoc\u00eda tambi\u00e9n como Isla de Tesoros, Isla de piratas y Isla de Oro.  <\/p>\n<p>La isla tiene paisajes interesantes y variados, hermosas playas, uno de los mejores lugares de buceo en el Caribe, un n\u00famero de sitios hist\u00f3ricos y y tambi\u00e9n reservas de parques naturales protegidos.<\/p>\n<p><\/p>\n","protected":false},"excerpt":{"rendered":"<p>Alquiler de barcos Isla de la Juventud La Isla de la Juventud, muy popular en el turismo de Alquiler de barcos es la isla m\u00e1s grande del archipi\u00e9lago cubano de los Canarreos en el Mar Caribe. Cerca de 90.000 personas viven all\u00ed, la ciudad m\u00e1s grande es Nueva Gerona. El<\/p>\n","protected":false},"author":11,"featured_media":0,"parent":676,"menu_order":0,"comment_status":"open","ping_status":"open","template":"","meta":[],"aioseo_notices":[],"_links":{"self":[{"href":"https:\/\/yachtcharter-connection.com\/es\/wp-json\/wp\/v2\/pages\/2087"}],"collection":[{"href":"https:\/\/yachtcharter-connection.com\/es\/wp-json\/wp\/v2\/pages"}],"about":[{"href":"https:\/\/yachtcharter-connection.com\/es\/wp-json\/wp\/v2\/types\/page"}],"author":[{"embeddable":true,"href":"https:\/\/yachtcharter-connection.com\/es\/wp-json\/wp\/v2\/users\/11"}],"replies":[{"embeddable":true,"href":"https:\/\/yachtcharter-connection.com\/es\/wp-json\/wp\/v2\/comments?post=2087"}],"version-history":[{"count":1,"href":"https:\/\/yachtcharter-connection.com\/es\/wp-json\/wp\/v2\/pages\/2087\/revisions"}],"predecessor-version":[{"id":13942,"href":"https:\/\/yachtcharter-connection.com\/es\/wp-json\/wp\/v2\/pages\/2087\/revisions\/13942"}],"up":[{"embeddable":true,"href":"https:\/\/yachtcharter-connection.com\/es\/wp-json\/wp\/v2\/pages\/676"}],"wp:attachment":[{"href":"https:\/\/yachtcharter-connection.com\/es\/wp-json\/wp\/v2\/media?parent=2087"}],"curies":[{"name":"wp","href":"https:\/\/api.w.org\/{rel}","templated":true}]}}