{"id":209,"date":"2014-07-12T16:13:47","date_gmt":"2014-07-12T16:13:47","guid":{"rendered":"http:\/\/yachtcharter-connection.com.w01e47c6.kasserver.com\/goletas-en-turquia\/"},"modified":"2023-09-19T10:39:43","modified_gmt":"2023-09-19T08:39:43","slug":"goletas-en-turquia","status":"publish","type":"page","link":"https:\/\/yachtcharter-connection.com\/es\/goletas-en-turquia\/","title":{"rendered":"Yates de Lujo y Goletas en Turqu\u00eda"},"content":{"rendered":"<h1>Goletas y yates con tripulaci\u00f3n &#8211; las mejores vacaciones en Turqu\u00eda<\/h1>\n<p>Una de las mejores maneras de descubrir las costas hermosas de Turqu\u00eda, la hospitalidad tradicional y la historia antigua y cultura es alquilar su propio yate privado o gulet turco tradicional. Vacaciones en ch\u00e1rter aqu\u00ed \u2013 tambi\u00e9n llamado \u00ab viaje azul \u00bb &#8211; le da la oportunidad de conocer lo mejor de la costa turca, con aguas azules, las bah\u00edas hermosas y los golfos pintorescos, de disfrutar de la atm\u00f3sfera de las ciudades, de los pueblos y de los mercados multicolores, de encontrar a la gente amistosa, y al mismo tiempo disfrutar de una forma de vida lujosa a bordo.<\/p>\n<table border=\"0\" width=\"550\" cellspacing=\"1\" cellpadding=\"1\">\n<tbody>\n<tr>\n<td><img loading=\"lazy\" class=\"content-image\" src=\"https:\/\/yachtcharter-connection.com\/wp-content\/uploads\/converted_files\/26577\/26577-561d108be8524.jpg\" alt=\"\" width=\"180\" height=\"137\" \/><\/td>\n<td><img loading=\"lazy\" class=\"content-image\" src=\"https:\/\/yachtcharter-connection.com\/wp-content\/uploads\/converted_files\/26577\/26577-561d108d45ba3.jpg\" alt=\"\" width=\"180\" height=\"143\" \/><\/td>\n<td><img loading=\"lazy\" class=\"content-image\" src=\"https:\/\/yachtcharter-connection.com\/wp-content\/uploads\/converted_files\/26577\/26577-561d108eb6f9a.jpg\" alt=\"\" width=\"170\" height=\"144\" \/><\/td>\n<\/tr>\n<\/tbody>\n<\/table>\n<p>Hay literalmente centenares de motoras, de moto-veleros, de goletas cl\u00e1sicas y modernos y veleros lujosos basados en el el mediterr\u00e1neo y egeo durante la estaci\u00f3n de verano. Los viajes en Gulet son cruceros de lujo, y muy populares en Turqu\u00eda y en el Mar Egeo del este. Los yates y goletas tienen cabinas con los cuartos de ba\u00f1o privados y las duchas con la agua caliente, las cocinas llenas, y todas tienen equipo adicional para deportes de agua. Los dem\u00e1s tienen aire acondicionado.<\/p>\n<p><strong>Las goletas tienen m\u00e1s cabinas que los yates de lujo t\u00edpicos &#8211; as\u00ed que el viaje en goleta es perfecto para los vacaciones de las familias grandes, con todos sus amigos o para los incentivos con los clientes de su empresa. Las bases de para casi todos los yates que cruzan en el suroeste de Turqu\u00eda son los puertos de Bodrum, Marmaris, Fethye y G\u00f6cek. Su viaje comienza y termina en una de estas ciudades &#8211; o en Grecia en las islas de Kos o Rhodes, si prefiere. Y pos supuesto podemos enviar sugerencias para su itinerario de su &#8220;viaje azul&#8221;.<\/strong><\/p>\n<p>El capit\u00e1n y el equipo est\u00e1n continuamente a su disposici\u00f3n y se occupan de todas sus necesidades. El cocinero preparar\u00e1 todas las especialidades de la cocina turca deliciosa. Usted cruzar\u00e1 generalmente cerca de cuatro horas por d\u00eda &#8211; y usted puede pasar horas en las bah\u00edas hermosas, gozando del sol y del mar, tomando el sol en la cubierta, nadando en aguas claras, buceando, con windsurfing, esqu\u00ed n\u00e1utico o pescando\u2026<\/p>\n<p><strong>Tenemos un buscador especial para las goletas de lujo, los yates de lujo y los moto-veleros en Turqu\u00eda &#8211; compruebe por favor aqu\u00ed para de los <\/strong><a href=\"http:\/\/yacht-charter.charterindexturkey.com\/\" target=\"_blank\" rel=\"noopener\"><strong>yates con tripulaci\u00f3n en Turqu\u00eda<\/strong><\/a><strong> si usted encuentra el yate de sus sue\u00f1os &#8211; o p\u00eddanos una oferta.<\/strong><\/p>\n<p>&nbsp;<\/p>\n<h3 style=\"text-align: center;\"><span style=\"color: #000000;\"><b>Alquiler de Yates de Motor en Turqu\u00eda<\/b><\/span><\/h3>\n<p style=\"text-align: center;\"><span style=\"color: #ff6600;\"><a style=\"color: #ff6600;\" href=\"https:\/\/yachtcharter-connection.com\/es\/yates-de-lujo-de-motor-en-turquia\/\">Haga clic aqui para ver una gran selecci\u00f3n de yates de motor<\/a><\/span><\/p>\n<p>&nbsp;<\/p>\n","protected":false},"excerpt":{"rendered":"<p>Goletas y yates con tripulaci\u00f3n &#8211; las mejores vacaciones en Turqu\u00eda Una de las mejores maneras de descubrir las costas hermosas de Turqu\u00eda, la hospitalidad tradicional y la historia antigua y cultura es alquilar su propio yate privado o gulet turco tradicional. Vacaciones en ch\u00e1rter aqu\u00ed \u2013 tambi\u00e9n llamado \u00ab<\/p>\n","protected":false},"author":11,"featured_media":0,"parent":0,"menu_order":0,"comment_status":"open","ping_status":"open","template":"","meta":[],"aioseo_notices":[],"_links":{"self":[{"href":"https:\/\/yachtcharter-connection.com\/es\/wp-json\/wp\/v2\/pages\/209"}],"collection":[{"href":"https:\/\/yachtcharter-connection.com\/es\/wp-json\/wp\/v2\/pages"}],"about":[{"href":"https:\/\/yachtcharter-connection.com\/es\/wp-json\/wp\/v2\/types\/page"}],"author":[{"embeddable":true,"href":"https:\/\/yachtcharter-connection.com\/es\/wp-json\/wp\/v2\/users\/11"}],"replies":[{"embeddable":true,"href":"https:\/\/yachtcharter-connection.com\/es\/wp-json\/wp\/v2\/comments?post=209"}],"version-history":[{"count":10,"href":"https:\/\/yachtcharter-connection.com\/es\/wp-json\/wp\/v2\/pages\/209\/revisions"}],"predecessor-version":[{"id":30512,"href":"https:\/\/yachtcharter-connection.com\/es\/wp-json\/wp\/v2\/pages\/209\/revisions\/30512"}],"wp:attachment":[{"href":"https:\/\/yachtcharter-connection.com\/es\/wp-json\/wp\/v2\/media?parent=209"}],"curies":[{"name":"wp","href":"https:\/\/api.w.org\/{rel}","templated":true}]}}