{"id":2090,"date":"2015-02-09T05:35:23","date_gmt":"2015-02-09T05:35:23","guid":{"rendered":"http:\/\/yachtcharter-connection.com.w01e47c6.kasserver.com\/vancouver-island-nanaimo-672\/"},"modified":"2016-10-29T19:07:02","modified_gmt":"2016-10-29T17:07:02","slug":"vancouver-island-nanaimo-672","status":"publish","type":"page","link":"https:\/\/yachtcharter-connection.com\/es\/regiones\/eeuu-noroeste-canada\/alquiler-barcos-british-columbia\/vancouver-island-nanaimo-672\/","title":{"rendered":"Vancouver Island \/ Nanaimo"},"content":{"rendered":"<h3>Alquiler de barcos Nanaimo \/ Vancouver Island<\/h3>\n<p>\n<img loading=\"lazy\" class=\"content-image\"  height=\"200\" width=\"300\" src=\"https:\/\/yachtcharter-connection.com\/wp-content\/uploads\/converted_files\/20915\/20915-5624e1b27f075.jpg\" alt=\"Navegar_Canada_Puerto_Deportivo\" \/>Las Islas del Golfo, junto con Vancouver Island no ofrecen s\u00f3lo Wildlife, Whale Watching y Fishing, sino tambi\u00e9n cultura y artesan\u00eda tradicional, as\u00ed como una excelente gastronom\u00eda. En Canad\u00e1 encontramos vinos excelentes y una cultura gourmet muy desarrollada. <\/p>\n","protected":false},"excerpt":{"rendered":"<p>Alquiler de barcos Nanaimo \/ Vancouver Island Las Islas del Golfo, junto con Vancouver Island no ofrecen s\u00f3lo Wildlife, Whale Watching y Fishing, sino tambi\u00e9n cultura y artesan\u00eda tradicional, as\u00ed como una excelente gastronom\u00eda. En Canad\u00e1 encontramos vinos excelentes y una cultura gourmet muy desarrollada.<\/p>\n","protected":false},"author":11,"featured_media":0,"parent":721,"menu_order":0,"comment_status":"open","ping_status":"open","template":"","meta":[],"aioseo_notices":[],"_links":{"self":[{"href":"https:\/\/yachtcharter-connection.com\/es\/wp-json\/wp\/v2\/pages\/2090"}],"collection":[{"href":"https:\/\/yachtcharter-connection.com\/es\/wp-json\/wp\/v2\/pages"}],"about":[{"href":"https:\/\/yachtcharter-connection.com\/es\/wp-json\/wp\/v2\/types\/page"}],"author":[{"embeddable":true,"href":"https:\/\/yachtcharter-connection.com\/es\/wp-json\/wp\/v2\/users\/11"}],"replies":[{"embeddable":true,"href":"https:\/\/yachtcharter-connection.com\/es\/wp-json\/wp\/v2\/comments?post=2090"}],"version-history":[{"count":1,"href":"https:\/\/yachtcharter-connection.com\/es\/wp-json\/wp\/v2\/pages\/2090\/revisions"}],"predecessor-version":[{"id":13973,"href":"https:\/\/yachtcharter-connection.com\/es\/wp-json\/wp\/v2\/pages\/2090\/revisions\/13973"}],"up":[{"embeddable":true,"href":"https:\/\/yachtcharter-connection.com\/es\/wp-json\/wp\/v2\/pages\/721"}],"wp:attachment":[{"href":"https:\/\/yachtcharter-connection.com\/es\/wp-json\/wp\/v2\/media?parent=2090"}],"curies":[{"name":"wp","href":"https:\/\/api.w.org\/{rel}","templated":true}]}}