{"id":2098,"date":"2014-06-29T00:57:39","date_gmt":"2014-06-29T00:57:39","guid":{"rendered":"http:\/\/yachtcharter-connection.com.w01e47c6.kasserver.com\/lofoten-727\/"},"modified":"2017-07-16T22:37:59","modified_gmt":"2017-07-16T20:37:59","slug":"lofoten-727","status":"publish","type":"page","link":"https:\/\/yachtcharter-connection.com\/es\/regiones\/mar-de-noruega\/alquiler-barcos-norway-atlantic-coast\/lofoten-727\/","title":{"rendered":"Lofoten"},"content":{"rendered":"<h3>Alquiler de barcos Lofoten<\/h3>\n<p>\nLas islas est\u00e1n situadas en el Atl\u00e1ntico Norte en un \u00e1rea que se extiende hasta una distancia de s\u00f3lo 300 kil\u00f3metros del C\u00edrculo Polar. Las islas m\u00e1s importantes est\u00e1n conectadas entre s\u00ed. Entre el continente noruego y el archipi\u00e9lago se sit\u00faa el fiordo de  Vest. El clima de las Islas Lofoten se ve condicionado por las altas monta\u00f1as. La mayor\u00eda de la poblaci\u00f3n, que antes viv\u00eda de la pesca y suministraba a los comerciantes de Bergen, se ha ido asentando en la regi\u00f3n oriental, que disfruta de un clima m\u00e1s suave. La pesca, sobre todo el bacalao y el abadejo, sigue siendo, junto con el turismo, su mayor fuente de ingresos. Las corrientes de marea entre las islas pueden ser fuertes y ocasionar incluso remolinos. En las Lofoten tenemos bases ch\u00e1rter y tambi\u00e9n en el continente en Bergen.<br type=\"_moz\" \/><\/p>\n","protected":false},"excerpt":{"rendered":"<p>Alquiler de barcos Lofoten Las islas est\u00e1n situadas en el Atl\u00e1ntico Norte en un \u00e1rea que se extiende hasta una distancia de s\u00f3lo 300 kil\u00f3metros del C\u00edrculo Polar. Las islas m\u00e1s importantes est\u00e1n conectadas entre s\u00ed. Entre el continente noruego y el archipi\u00e9lago se sit\u00faa el fiordo de Vest. El<\/p>\n","protected":false},"author":11,"featured_media":0,"parent":707,"menu_order":0,"comment_status":"open","ping_status":"open","template":"","meta":[],"aioseo_notices":[],"_links":{"self":[{"href":"https:\/\/yachtcharter-connection.com\/es\/wp-json\/wp\/v2\/pages\/2098"}],"collection":[{"href":"https:\/\/yachtcharter-connection.com\/es\/wp-json\/wp\/v2\/pages"}],"about":[{"href":"https:\/\/yachtcharter-connection.com\/es\/wp-json\/wp\/v2\/types\/page"}],"author":[{"embeddable":true,"href":"https:\/\/yachtcharter-connection.com\/es\/wp-json\/wp\/v2\/users\/11"}],"replies":[{"embeddable":true,"href":"https:\/\/yachtcharter-connection.com\/es\/wp-json\/wp\/v2\/comments?post=2098"}],"version-history":[{"count":1,"href":"https:\/\/yachtcharter-connection.com\/es\/wp-json\/wp\/v2\/pages\/2098\/revisions"}],"predecessor-version":[{"id":14096,"href":"https:\/\/yachtcharter-connection.com\/es\/wp-json\/wp\/v2\/pages\/2098\/revisions\/14096"}],"up":[{"embeddable":true,"href":"https:\/\/yachtcharter-connection.com\/es\/wp-json\/wp\/v2\/pages\/707"}],"wp:attachment":[{"href":"https:\/\/yachtcharter-connection.com\/es\/wp-json\/wp\/v2\/media?parent=2098"}],"curies":[{"name":"wp","href":"https:\/\/api.w.org\/{rel}","templated":true}]}}