{"id":2099,"date":"2014-06-29T01:01:05","date_gmt":"2014-06-29T01:01:05","guid":{"rendered":"http:\/\/yachtcharter-connection.com.w01e47c6.kasserver.com\/tromso-155\/"},"modified":"2016-10-29T19:08:13","modified_gmt":"2016-10-29T17:08:13","slug":"tromso-155","status":"publish","type":"page","link":"https:\/\/yachtcharter-connection.com\/es\/regiones\/mar-de-noruega\/alquiler-barcos-norway-atlantic-coast\/tromso-155\/","title":{"rendered":"Tromso"},"content":{"rendered":"<h3>Alquiler de barcos Tromso<\/h3>\n<p><img loading=\"lazy\" class=\"content-image\"  width=\"300\" height=\"182\" alt=\"Noruega-puente-de Tromsoe\" src=\"https:\/\/yachtcharter-connection.com\/wp-content\/uploads\/converted_files\/20933\/20933-5624e1b57b55d.jpg\" \/>Tromso es la ciudad m\u00e1s grande de Noruega. Se sit\u00faa a casi 350 kil\u00f3metros al norte del C\u00edrculo Polar \u00c1rtico. En ella encontramos la catedral y la universidad m\u00e1s septentrionales del mundo.  El territorio de la ciudad se reparte entre el continente y las islas. Para los que les afecta el fr\u00edo o para los que navegan a motor no es precisamente el lugar m\u00e1s adecuado para Alquiler de barcos, ya que la temperatura media anual no llega a los 3 grados Celsius. Si bien el sol brilla 1.250 horas al a\u00f1o; de hecho desde mitades de  mayo hasta mitades de junio no se pone. Los que aprecian el Mar del Norte vivir\u00e1n aqu\u00ed un viaje en yate de ch\u00e1rter lleno de experiencias inolvidables.  <\/p>\n<p>Hay una peque\u00f1a base de Alquiler de barcos con veleros en Tromsoe &#8211; los que quieren navegar en verano tienen que reservar muy temprano porque el inter\u00e9s para Alquiler de barcos en esta regi\u00f3n es muy grande. La base de Alquiler de barcos ofrece tamb\u00e9n combinaciones de Alquiler de barcos &#038; Trekking y Alquiler de barcos &#038; esquiar!<\/p>\n","protected":false},"excerpt":{"rendered":"<p>Alquiler de barcos Tromso Tromso es la ciudad m\u00e1s grande de Noruega. Se sit\u00faa a casi 350 kil\u00f3metros al norte del C\u00edrculo Polar \u00c1rtico. En ella encontramos la catedral y la universidad m\u00e1s septentrionales del mundo. El territorio de la ciudad se reparte entre el continente y las islas. Para<\/p>\n","protected":false},"author":11,"featured_media":0,"parent":707,"menu_order":0,"comment_status":"open","ping_status":"open","template":"","meta":[],"aioseo_notices":[],"_links":{"self":[{"href":"https:\/\/yachtcharter-connection.com\/es\/wp-json\/wp\/v2\/pages\/2099"}],"collection":[{"href":"https:\/\/yachtcharter-connection.com\/es\/wp-json\/wp\/v2\/pages"}],"about":[{"href":"https:\/\/yachtcharter-connection.com\/es\/wp-json\/wp\/v2\/types\/page"}],"author":[{"embeddable":true,"href":"https:\/\/yachtcharter-connection.com\/es\/wp-json\/wp\/v2\/users\/11"}],"replies":[{"embeddable":true,"href":"https:\/\/yachtcharter-connection.com\/es\/wp-json\/wp\/v2\/comments?post=2099"}],"version-history":[{"count":1,"href":"https:\/\/yachtcharter-connection.com\/es\/wp-json\/wp\/v2\/pages\/2099\/revisions"}],"predecessor-version":[{"id":14098,"href":"https:\/\/yachtcharter-connection.com\/es\/wp-json\/wp\/v2\/pages\/2099\/revisions\/14098"}],"up":[{"embeddable":true,"href":"https:\/\/yachtcharter-connection.com\/es\/wp-json\/wp\/v2\/pages\/707"}],"wp:attachment":[{"href":"https:\/\/yachtcharter-connection.com\/es\/wp-json\/wp\/v2\/media?parent=2099"}],"curies":[{"name":"wp","href":"https:\/\/api.w.org\/{rel}","templated":true}]}}