{"id":2100,"date":"2015-08-10T05:53:52","date_gmt":"2015-08-10T05:53:52","guid":{"rendered":"http:\/\/yachtcharter-connection.com.w01e47c6.kasserver.com\/neustadt-681\/"},"modified":"2017-07-14T02:34:27","modified_gmt":"2017-07-14T00:34:27","slug":"neustadt-681","status":"publish","type":"page","link":"https:\/\/yachtcharter-connection.com\/es\/regiones\/mar-baltico\/alquiler-barcos-baltico-del-sudoeste\/neustadt-681\/","title":{"rendered":"Neustadt"},"content":{"rendered":"<h3>Alquiler de barcos Neustadt \/ Holstein<\/h3>\n<p>\n<img class=\"content-image\"  src=\"https:\/\/yachtcharter-connection.com\/wp-content\/uploads\/converted_files\/20936\/20936-5624e1b69d84a.jpg\" alt=\"alquiler-veleros-mar-baltico-Neustadt-Holstein-Alemania.jpg\" style=\"width: 400px; height: 300px;\" \/>El destino de alquiler de barcos Neustadt in Holstein es un puerto perfecto para empezar cruceros en el Mar B\u00e1ltico. El lugar hist\u00f3rico que se remonta hasta el siglo 13 ha sido un famoso puerto para buques de carga durante siglos.<\/p>\n<p>Hoy en d\u00eda la ciudad tiene el muy moderno puerto deportivo Ancora Marina con todos los servicios que los tripulantes de un velero podr\u00edan necesitar. De Neustadt, que est\u00e1 en la bah\u00eda de L\u00fcbeck, se puede navegar f\u00e1cilmente a otros puertos alemanes a lo largo de la costa, o en el &quot;Mar del Sur de Dinamarca&quot;. Hermosas ciudades, pueblos, playas y paisajes pintorescos est\u00e1n esperando en todas partes.<\/p>\n<p>La flota de veleros de alquiler desde Neustadt es una moderna flota de monocascos de 31 a 46 pies.<\/p>\n","protected":false},"excerpt":{"rendered":"<p>Alquiler de barcos Neustadt \/ Holstein El destino de alquiler de barcos Neustadt in Holstein es un puerto perfecto para empezar cruceros en el Mar B\u00e1ltico. El lugar hist\u00f3rico que se remonta hasta el siglo 13 ha sido un famoso puerto para buques de carga durante siglos. Hoy en d\u00eda<\/p>\n","protected":false},"author":11,"featured_media":0,"parent":652,"menu_order":0,"comment_status":"open","ping_status":"open","template":"","meta":[],"aioseo_notices":[],"_links":{"self":[{"href":"https:\/\/yachtcharter-connection.com\/es\/wp-json\/wp\/v2\/pages\/2100"}],"collection":[{"href":"https:\/\/yachtcharter-connection.com\/es\/wp-json\/wp\/v2\/pages"}],"about":[{"href":"https:\/\/yachtcharter-connection.com\/es\/wp-json\/wp\/v2\/types\/page"}],"author":[{"embeddable":true,"href":"https:\/\/yachtcharter-connection.com\/es\/wp-json\/wp\/v2\/users\/11"}],"replies":[{"embeddable":true,"href":"https:\/\/yachtcharter-connection.com\/es\/wp-json\/wp\/v2\/comments?post=2100"}],"version-history":[{"count":1,"href":"https:\/\/yachtcharter-connection.com\/es\/wp-json\/wp\/v2\/pages\/2100\/revisions"}],"predecessor-version":[{"id":14007,"href":"https:\/\/yachtcharter-connection.com\/es\/wp-json\/wp\/v2\/pages\/2100\/revisions\/14007"}],"up":[{"embeddable":true,"href":"https:\/\/yachtcharter-connection.com\/es\/wp-json\/wp\/v2\/pages\/652"}],"wp:attachment":[{"href":"https:\/\/yachtcharter-connection.com\/es\/wp-json\/wp\/v2\/media?parent=2100"}],"curies":[{"name":"wp","href":"https:\/\/api.w.org\/{rel}","templated":true}]}}