{"id":2104,"date":"2014-06-29T01:06:44","date_gmt":"2014-06-29T01:06:44","guid":{"rendered":"http:\/\/yachtcharter-connection.com.w01e47c6.kasserver.com\/san-blas-el-porvenir-188\/"},"modified":"2018-02-03T13:54:44","modified_gmt":"2018-02-03T11:54:44","slug":"san-blas-el-porvenir-188","status":"publish","type":"page","link":"https:\/\/yachtcharter-connection.com\/es\/regiones\/caribe\/alquiler-barcos-central-america\/san-blas-el-porvenir-188\/","title":{"rendered":"San Blas \/ El Porvenir"},"content":{"rendered":"<h1><strong>Alquiler de barcos San Blas \/ El Porvenir<\/strong><\/h1>\n<p><a href=\"https:\/\/yachtcharter-connection.com\/wp-content\/uploads\/2014\/05\/2018San-Blas-Kat-Beach-800.jpg\"><img loading=\"lazy\" class=\"alignleft size-full wp-image-26029\" src=\"https:\/\/yachtcharter-connection.com\/wp-content\/uploads\/2014\/05\/2018San-Blas-Kat-Beach-800.jpg\" alt=\"Yachtcharter San Blas El Porvenir\" width=\"600\" height=\"360\" srcset=\"https:\/\/yachtcharter-connection.com\/wp-content\/uploads\/2014\/05\/2018San-Blas-Kat-Beach-800.jpg 600w, https:\/\/yachtcharter-connection.com\/wp-content\/uploads\/2014\/05\/2018San-Blas-Kat-Beach-800-300x180.jpg 300w\" sizes=\"(max-width: 600px) 100vw, 600px\" \/><\/a>El Porvenir, punto de partida de fascinantes cruceros en barcos alquilados en las aguas caribe\u00f1as de Panam\u00e1, es la ciudad capital del archipi\u00e9lago de San Blas, el territorio aut\u00f3nomo de los Guna (indios Kuna). Se encuentra en la isla llamada del mismo nombre de El Porvenir (que significa futuro= . La ciudad es m\u00e1s un peque\u00f1o pueblo con pocos habitantes, un hotel, una peque\u00f1a pista de aterrizaje con vuelos directos a la ciudad de Panam\u00e1 y una oficina de aduanas. El Porvenir es uno de los principales puertos de las Islas San Blas.<\/p>\n<p>El Porvenir es un buen punto de partida para las vacaciones de ch\u00e1rter de yates a bordo de un catamar\u00e1n con tripulaci\u00f3n o yate de vela en este archipi\u00e9lago protegido de San Blas con sus 365 islas id\u00edlicas. Aqu\u00ed encontrar\u00e1 <span style=\"color: #003366;\"><strong><a style=\"color: #003366;\" href=\"https:\/\/yachtcharter-connection.com\/es\/paises\/alquiler-barcos-panama\/\" target=\"_blank\">m\u00e1s informaci\u00f3n sobre navegaci\u00f3n y yates tripulados en el San Blas<\/a><\/strong><\/span>.<\/p>\n","protected":false},"excerpt":{"rendered":"<p>Alquiler de barcos San Blas \/ El Porvenir El Porvenir, punto de partida de fascinantes cruceros en barcos alquilados en las aguas caribe\u00f1as de Panam\u00e1, es la ciudad capital del archipi\u00e9lago de San Blas, el territorio aut\u00f3nomo de los Guna (indios Kuna). Se encuentra en la isla llamada del mismo<\/p>\n","protected":false},"author":11,"featured_media":0,"parent":718,"menu_order":0,"comment_status":"open","ping_status":"open","template":"","meta":[],"aioseo_notices":[],"_links":{"self":[{"href":"https:\/\/yachtcharter-connection.com\/es\/wp-json\/wp\/v2\/pages\/2104"}],"collection":[{"href":"https:\/\/yachtcharter-connection.com\/es\/wp-json\/wp\/v2\/pages"}],"about":[{"href":"https:\/\/yachtcharter-connection.com\/es\/wp-json\/wp\/v2\/types\/page"}],"author":[{"embeddable":true,"href":"https:\/\/yachtcharter-connection.com\/es\/wp-json\/wp\/v2\/users\/11"}],"replies":[{"embeddable":true,"href":"https:\/\/yachtcharter-connection.com\/es\/wp-json\/wp\/v2\/comments?post=2104"}],"version-history":[{"count":3,"href":"https:\/\/yachtcharter-connection.com\/es\/wp-json\/wp\/v2\/pages\/2104\/revisions"}],"predecessor-version":[{"id":26037,"href":"https:\/\/yachtcharter-connection.com\/es\/wp-json\/wp\/v2\/pages\/2104\/revisions\/26037"}],"up":[{"embeddable":true,"href":"https:\/\/yachtcharter-connection.com\/es\/wp-json\/wp\/v2\/pages\/718"}],"wp:attachment":[{"href":"https:\/\/yachtcharter-connection.com\/es\/wp-json\/wp\/v2\/media?parent=2104"}],"curies":[{"name":"wp","href":"https:\/\/api.w.org\/{rel}","templated":true}]}}