{"id":2106,"date":"2015-08-10T05:53:52","date_gmt":"2015-08-10T05:53:52","guid":{"rendered":"http:\/\/yachtcharter-connection.com.w01e47c6.kasserver.com\/lefkas-nidri-139\/"},"modified":"2017-07-15T21:24:06","modified_gmt":"2017-07-15T19:24:06","slug":"lefkas-nidri-139","status":"publish","type":"page","link":"https:\/\/yachtcharter-connection.com\/es\/regiones\/mediterraneo\/alquiler-barcos-mar-jonico\/lefkas-nidri-139\/","title":{"rendered":"Lefkas \/ Nidri"},"content":{"rendered":"<h3>Alquiler de barcos Lefka Nidri \/ Lefkada Nidri<\/h3>\n<p>\nNidri, sede de varias bases de Alquiler de barcos, es el puerto de ferrys del destino de Alquiler de barcos Lefkada \/ Lefkas y situado en la costa este de la isla en un fiordo largo.<\/p>\n<p>\nNidri antes era un pueblo de pescadores, ahora es m\u00e1s una animada zona tur\u00edstica de Lefkada &#8211; aqu\u00ed los turistas de Alquiler de barcospueden comprar recuerdos y disfrutar de los restaurantes, bares, discotecas y vida nocturna. Un poco m\u00e1s tranquilo es la bah\u00eda adyacente de Vlycho: las tripulaciones de Alquiler de barcos  se encuentran buen anclaje, un  peque\u00f1o pueblo llamado Geni en la parte oriental y algunas tabernas junto al mar.<\/p>\n<p><\/p>\n","protected":false},"excerpt":{"rendered":"<p>Alquiler de barcos Lefka Nidri \/ Lefkada Nidri Nidri, sede de varias bases de Alquiler de barcos, es el puerto de ferrys del destino de Alquiler de barcos Lefkada \/ Lefkas y situado en la costa este de la isla en un fiordo largo. Nidri antes era un pueblo de<\/p>\n","protected":false},"author":11,"featured_media":0,"parent":644,"menu_order":0,"comment_status":"open","ping_status":"open","template":"","meta":[],"aioseo_notices":[],"_links":{"self":[{"href":"https:\/\/yachtcharter-connection.com\/es\/wp-json\/wp\/v2\/pages\/2106"}],"collection":[{"href":"https:\/\/yachtcharter-connection.com\/es\/wp-json\/wp\/v2\/pages"}],"about":[{"href":"https:\/\/yachtcharter-connection.com\/es\/wp-json\/wp\/v2\/types\/page"}],"author":[{"embeddable":true,"href":"https:\/\/yachtcharter-connection.com\/es\/wp-json\/wp\/v2\/users\/11"}],"replies":[{"embeddable":true,"href":"https:\/\/yachtcharter-connection.com\/es\/wp-json\/wp\/v2\/comments?post=2106"}],"version-history":[{"count":1,"href":"https:\/\/yachtcharter-connection.com\/es\/wp-json\/wp\/v2\/pages\/2106\/revisions"}],"predecessor-version":[{"id":14326,"href":"https:\/\/yachtcharter-connection.com\/es\/wp-json\/wp\/v2\/pages\/2106\/revisions\/14326"}],"up":[{"embeddable":true,"href":"https:\/\/yachtcharter-connection.com\/es\/wp-json\/wp\/v2\/pages\/644"}],"wp:attachment":[{"href":"https:\/\/yachtcharter-connection.com\/es\/wp-json\/wp\/v2\/media?parent=2106"}],"curies":[{"name":"wp","href":"https:\/\/api.w.org\/{rel}","templated":true}]}}