{"id":2109,"date":"2015-08-10T05:53:50","date_gmt":"2015-08-10T05:53:50","guid":{"rendered":"http:\/\/yachtcharter-connection.com.w01e47c6.kasserver.com\/martinique-le-marin-610\/"},"modified":"2017-07-14T04:11:03","modified_gmt":"2017-07-14T02:11:03","slug":"martinique-le-marin-610","status":"publish","type":"page","link":"https:\/\/yachtcharter-connection.com\/es\/regiones\/caribe\/alquiler-barcos-leewards-y-windwards\/martinique-le-marin-610\/","title":{"rendered":"Martinique \/ Le Marin"},"content":{"rendered":"<h3>Alquiler de barcos Martinique \/ Le Marin<\/h3>\n<p>\n<img loading=\"lazy\" class=\"content-image\"  width=\"300\" height=\"187\" alt=\"Martinica_barcos_de_pesca\" src=\"https:\/\/yachtcharter-connection.com\/wp-content\/uploads\/converted_files\/23195\/23195-5624e1bc39e24.jpg\" \/> La gran marina Port de Plaisance con numerosas bases de {#keywod#} forma un complejo que se asemeja casi a una ciudad. Es el punto de partida de muchas rutas en ch\u00e1rter. Pero si s\u00f3lo queremos hacer una peque\u00f1a parada en Le Marin, tambi\u00e9n podemos simplemente fondear.  Y entre manglares nos encontramos en la huracanada Baie de Cyclones. En uno de los fondeaderos m\u00e1s apreciados, al oeste de St. Anne, en el lugar en que antes hab\u00eda un Club Mediterran\u00e9e, se ha construido ahora una nueva marina.<br type=\"_moz\" \/><\/p>\n","protected":false},"excerpt":{"rendered":"<p>Alquiler de barcos Martinique \/ Le Marin La gran marina Port de Plaisance con numerosas bases de {#keywod#} forma un complejo que se asemeja casi a una ciudad. Es el punto de partida de muchas rutas en ch\u00e1rter. Pero si s\u00f3lo queremos hacer una peque\u00f1a parada en Le Marin, tambi\u00e9n<\/p>\n","protected":false},"author":11,"featured_media":0,"parent":654,"menu_order":0,"comment_status":"open","ping_status":"open","template":"","meta":[],"aioseo_notices":[],"_links":{"self":[{"href":"https:\/\/yachtcharter-connection.com\/es\/wp-json\/wp\/v2\/pages\/2109"}],"collection":[{"href":"https:\/\/yachtcharter-connection.com\/es\/wp-json\/wp\/v2\/pages"}],"about":[{"href":"https:\/\/yachtcharter-connection.com\/es\/wp-json\/wp\/v2\/types\/page"}],"author":[{"embeddable":true,"href":"https:\/\/yachtcharter-connection.com\/es\/wp-json\/wp\/v2\/users\/11"}],"replies":[{"embeddable":true,"href":"https:\/\/yachtcharter-connection.com\/es\/wp-json\/wp\/v2\/comments?post=2109"}],"version-history":[{"count":2,"href":"https:\/\/yachtcharter-connection.com\/es\/wp-json\/wp\/v2\/pages\/2109\/revisions"}],"predecessor-version":[{"id":24267,"href":"https:\/\/yachtcharter-connection.com\/es\/wp-json\/wp\/v2\/pages\/2109\/revisions\/24267"}],"up":[{"embeddable":true,"href":"https:\/\/yachtcharter-connection.com\/es\/wp-json\/wp\/v2\/pages\/654"}],"wp:attachment":[{"href":"https:\/\/yachtcharter-connection.com\/es\/wp-json\/wp\/v2\/media?parent=2109"}],"curies":[{"name":"wp","href":"https:\/\/api.w.org\/{rel}","templated":true}]}}