{"id":211,"date":"2014-07-12T16:45:29","date_gmt":"2014-07-12T16:45:29","guid":{"rendered":"http:\/\/yachtcharter-connection.com.w01e47c6.kasserver.com\/galapagos-yates-con-tripulacion\/"},"modified":"2023-09-19T11:04:05","modified_gmt":"2023-09-19T09:04:05","slug":"galapagos-yates-con-tripulacion","status":"publish","type":"page","link":"https:\/\/yachtcharter-connection.com\/es\/galapagos-yates-con-tripulacion\/","title":{"rendered":"Galapagos &#8211; Yates con Tripulaci\u00f3n"},"content":{"rendered":"<h3>Galagos &#8211; Yates con tripulaci\u00f3n<\/h3>\n<figure id=\"attachment_7709\" aria-describedby=\"caption-attachment-7709\" style=\"width: 300px\" class=\"wp-caption alignleft\"><img loading=\"lazy\" class=\"size-full wp-image-7709\" src=\"https:\/\/yachtcharter-connection.com\/wp-content\/uploads\/2014\/05\/Galapagos_Islands_Bartolome_Baypict2.jpg\" alt=\"Gorgeous view from peak of hill in the Galapagos Islands\" width=\"300\" height=\"199\" \/><figcaption id=\"caption-attachment-7709\" class=\"wp-caption-text\">Gorgeous view from peak of hill in the Galapagos Islands<\/figcaption><\/figure>\n<p>Cuando los espa\u00f1oles descubrieron por casualidad las Islas Gal\u00e1pagos en 1535, dieron el nombre al archipi\u00e9lago &#8220;Islas Encantadas&#8221; &#8211; Islas Encantadas. En el 17. Siglo sirvi\u00f3 de guarida de piratas. En el 19. Siglo fueron renombrados &#8211; por las tortugas gigantes residente all\u00ed &#8211; Islas Gal\u00e1pagos. Como el Ecuador tom\u00f3 posesi\u00f3n de las islas, que pasaron a llamarse 1832 a &#8220;Archipi\u00e9lago del Ecuador&#8221; y gradualmente se establecieron pac\u00edficamente. 1835 el evolucionista Charles Darwin visit\u00f3 el grupo de islas, que consta de 14 grandes y 100 peque\u00f1as islas .. Desde 1892 el archipi\u00e9lago es ahora llamado oficialmente &#8220;Archipi\u00e9lago de Col\u00f3n &#8211; Archipi\u00e9lago de Col\u00f3n.<\/p>\n<p>Mientras tanto, unas 30.000 personas viven en Gal\u00e1pagos. Hay s\u00f3lo cinco islas habitadas: Santa Cruz, San Crist\u00f3bal, Isabela, Floreana (Santa Mar\u00eda) y Baltra &#8211; en esta isla, llamado tambi\u00e9n Seymour Sur, est\u00e1 el aeropuerto.<\/p>\n<p><img loading=\"lazy\" class=\"content-image\" src=\"https:\/\/yachtcharter-connection.com\/wp-content\/uploads\/converted_files\/27754\/27754-561d109144284.jpg\" alt=\"Ch\u00e1rter Islas Galapagos - animales endemicos\" width=\"300\" height=\"179\" \/>Gal\u00e1pagos es hoy con sus especies end\u00e9micas de plantas y animales como un para\u00edso ecol\u00f3gico \u00fanico. Unos 80.000 turistas visitan cada a\u00f1o, incluyendo para vacaciones de . El sin patr\u00f3n, sin embargo, no hay. Con el fin de preservar el ecosistema tambi\u00e9n el turismo de alquiler de barcos es estrictamente limitada &#8211; hay yates de motor de lujo en ch\u00e1rter, y algunos veleros con tripulaci\u00f3n. Por favor, cont\u00e1tecnos por ofertas.<\/p>\n<p>&nbsp;<\/p>\n<h3 style=\"text-align: center;\"><span style=\"color: #000000;\"><b>Yates de lujo de ch\u00e1rter en Galapagos<\/b><\/span><\/h3>\n<p style=\"text-align: center;\">[fleets max_results=&#8221;15&#8243; sortby=&#8221;3&#8243; location=&#8221;src31&#8243;]<\/p>\n<p style=\"text-align: center;\">\n","protected":false},"excerpt":{"rendered":"<p>Galagos &#8211; Yates con tripulaci\u00f3n Cuando los espa\u00f1oles descubrieron por casualidad las Islas Gal\u00e1pagos en 1535, dieron el nombre al archipi\u00e9lago &#8220;Islas Encantadas&#8221; &#8211; Islas Encantadas. En el 17. Siglo sirvi\u00f3 de guarida de piratas. En el 19. Siglo fueron renombrados &#8211; por las tortugas gigantes residente all\u00ed &#8211; Islas<\/p>\n","protected":false},"author":11,"featured_media":0,"parent":0,"menu_order":0,"comment_status":"open","ping_status":"open","template":"","meta":[],"aioseo_notices":[],"_links":{"self":[{"href":"https:\/\/yachtcharter-connection.com\/es\/wp-json\/wp\/v2\/pages\/211"}],"collection":[{"href":"https:\/\/yachtcharter-connection.com\/es\/wp-json\/wp\/v2\/pages"}],"about":[{"href":"https:\/\/yachtcharter-connection.com\/es\/wp-json\/wp\/v2\/types\/page"}],"author":[{"embeddable":true,"href":"https:\/\/yachtcharter-connection.com\/es\/wp-json\/wp\/v2\/users\/11"}],"replies":[{"embeddable":true,"href":"https:\/\/yachtcharter-connection.com\/es\/wp-json\/wp\/v2\/comments?post=211"}],"version-history":[{"count":8,"href":"https:\/\/yachtcharter-connection.com\/es\/wp-json\/wp\/v2\/pages\/211\/revisions"}],"predecessor-version":[{"id":30522,"href":"https:\/\/yachtcharter-connection.com\/es\/wp-json\/wp\/v2\/pages\/211\/revisions\/30522"}],"wp:attachment":[{"href":"https:\/\/yachtcharter-connection.com\/es\/wp-json\/wp\/v2\/media?parent=211"}],"curies":[{"name":"wp","href":"https:\/\/api.w.org\/{rel}","templated":true}]}}