{"id":2113,"date":"2015-01-23T06:03:39","date_gmt":"2015-01-23T06:03:39","guid":{"rendered":"http:\/\/yachtcharter-connection.com.w01e47c6.kasserver.com\/union-island-clifton-habour-213\/"},"modified":"2017-07-14T05:01:04","modified_gmt":"2017-07-14T03:01:04","slug":"union-island-clifton-habour-213","status":"publish","type":"page","link":"https:\/\/yachtcharter-connection.com\/es\/regiones\/caribe\/alquiler-barcos-leewards-y-windwards\/union-island-clifton-habour-213\/","title":{"rendered":"Union Island \/ Clifton Habour"},"content":{"rendered":"<h3>Alquiler de barcos Union Island (Isla Uni\u00f3n)<\/h3>\n<p>\n<img loading=\"lazy\" class=\"content-image\"  width=\"300\" height=\"200\" src=\"https:\/\/yachtcharter-connection.com\/wp-content\/uploads\/converted_files\/23207\/23207-5624e1c19a5dd.jpg\" alt=\"Islas_Caraibes_Isla_union_bote\" \/>La m\u00e1s meridional de las islas grandes de San Vicente y Las Granadinas es la Isla Uni\u00f3n. No es demasiado grande pero ha construido una buena infraestructura  n\u00e1utica para los que llegan a ella en velero y para los turistas en general. En la gran bah\u00eda que es Clifton Harbour encontramos dos marinas: el Anchorage Yacht Club y la marina Bougainvillea; tambi\u00e9n boyas de amarre  y ahora ya una base de Alquiler de barcos. Se est\u00e1 realizando un nuevo proyecto en la Ashton Bay, en la costa sur. Y un buen lugar para fondear durante el d\u00eda es la bah\u00eda Chatham Bay, que se encuentra en la costa oeste de la isla. En  Clifton Harbour se nos ofrecen todo tipo de servicios para el yate. La ciudad es peque\u00f1a y polvorienta, pero llena de vida y color como corresponde al Caribe. Y dicen que es un buen lugar para ir de compras, ya que es territorio libre de impuestos. Adem\u00e1s Fort Hill es un lugar muy bonito para disfrutar de una buena vista panor\u00e1mica.  <\/p>\n<p>Palm Island (la Isla de la Palmera) est\u00e1 al suroeste de  Union Island. Se encuentra rodeada de arrecifes casi en su totalidad. S\u00f3lo en la costa oeste hay un paso que lleva a un maravilloso fondeadero.  La isla es la copia exacta de lo que entendemos por un lugar paradisiaco, con sus aguas turquesas y sus playas blancas con palmeras. Antes se llamaba &ldquo;Prune Island&rdquo; pero le cambi\u00f3 el nombre un americano que la arrend\u00f3 y plant\u00f3 en ella cocoteros. Tambi\u00e9n fund\u00f3 el Beach Club, que con su atracadero, hotel,  bar y base de buceo, sigue funcionando a la perfecci\u00f3n. <\/p>\n<p>La isla vecina Peque\u00f1o San Vicente es igual de encantadora. En realidad es una isla hotel donde se puede disfrutar de una excelente gastronom\u00eda. Por supuesto tambi\u00e9n abre sus puertas a los navegantes. Lo mejor es amarrar delante mismo del hotel, que tiene pantal\u00e1n para dinghys. <\/p>\n","protected":false},"excerpt":{"rendered":"<p>Alquiler de barcos Union Island (Isla Uni\u00f3n) La m\u00e1s meridional de las islas grandes de San Vicente y Las Granadinas es la Isla Uni\u00f3n. No es demasiado grande pero ha construido una buena infraestructura n\u00e1utica para los que llegan a ella en velero y para los turistas en general. En<\/p>\n","protected":false},"author":11,"featured_media":0,"parent":654,"menu_order":0,"comment_status":"open","ping_status":"open","template":"","meta":[],"aioseo_notices":[],"_links":{"self":[{"href":"https:\/\/yachtcharter-connection.com\/es\/wp-json\/wp\/v2\/pages\/2113"}],"collection":[{"href":"https:\/\/yachtcharter-connection.com\/es\/wp-json\/wp\/v2\/pages"}],"about":[{"href":"https:\/\/yachtcharter-connection.com\/es\/wp-json\/wp\/v2\/types\/page"}],"author":[{"embeddable":true,"href":"https:\/\/yachtcharter-connection.com\/es\/wp-json\/wp\/v2\/users\/11"}],"replies":[{"embeddable":true,"href":"https:\/\/yachtcharter-connection.com\/es\/wp-json\/wp\/v2\/comments?post=2113"}],"version-history":[{"count":1,"href":"https:\/\/yachtcharter-connection.com\/es\/wp-json\/wp\/v2\/pages\/2113\/revisions"}],"predecessor-version":[{"id":13965,"href":"https:\/\/yachtcharter-connection.com\/es\/wp-json\/wp\/v2\/pages\/2113\/revisions\/13965"}],"up":[{"embeddable":true,"href":"https:\/\/yachtcharter-connection.com\/es\/wp-json\/wp\/v2\/pages\/654"}],"wp:attachment":[{"href":"https:\/\/yachtcharter-connection.com\/es\/wp-json\/wp\/v2\/media?parent=2113"}],"curies":[{"name":"wp","href":"https:\/\/api.w.org\/{rel}","templated":true}]}}