{"id":2115,"date":"2015-08-10T05:53:50","date_gmt":"2015-08-10T05:53:50","guid":{"rendered":"http:\/\/yachtcharter-connection.com.w01e47c6.kasserver.com\/izola-954\/"},"modified":"2016-10-29T19:08:39","modified_gmt":"2016-10-29T17:08:39","slug":"izola-954","status":"publish","type":"page","link":"https:\/\/yachtcharter-connection.com\/es\/regiones\/mediterraneo\/alquiler-barcos-adriatico-norte\/izola-954\/","title":{"rendered":"Izola"},"content":{"rendered":"<h3>Alquiler de barcos Izola<\/h3>\n<p>\n<img class=\"content-image\"  style=\"width: 300px; height: 449px;\" alt=\"Alquiler-de-barcos-Izola-Eslovenia.jpg\" src=\"https:\/\/yachtcharter-connection.com\/wp-content\/uploads\/converted_files\/23213\/23213-5624e1c35a3c4.jpg\" \/>La isla en la que se sit\u00faa la ciudad antigua del destino de alquiler de barcos Izola se conecta con el continente desde hace much\u00edsimo tiempo, y en alg\u00fan momento perteneci\u00f3 al reino de Venecia, a Austria, a Italia o a Trieste. En las pintorescas construcciones del casco antiguo podemos observar las huellas de ese pasado. Su riqueza en aguas termales y minerales ha atra\u00eddo desde siempre turismo, pero sus habitantes tienen adem\u00e1s otras fuentes de ingresos, como la pesca, que sigue jugando un papel fundamental. Un atractivo para los que van de paso en yates de ch\u00e1rter es la variada y deliciosa oferta de platos preparados con pescado. <\/p>\n<p>La mayor\u00eda de los tripulaciones de ch\u00e1rter de yates en Izola llega en coche o a trav\u00e9s del aeropuerto de Trieste. La base de alquiler de barcos Izola es el punto de partida perfecto para explorar la costa de Eslovenia, el norte del Mar Adri\u00e1tico Italiano con hermosas ciudades y puertos como Trieste y Grado y sobre todo la laguna de Venecia, y adem\u00e1s la costa de Istria, en el norte de Croacia. Aquellos que quieran participar en la regata Barcolana que tiene lugar en octubre, en Trieste, y es uno de los m\u00e1s grandes regatas del mundo, pueden alquilar sus yates de vela de Izola tambi\u00e9n.<\/p>\n<h4>Alquiler de yates Izola &#8211; el puerto deportivo<\/h4>\n<p>\nEl puerto deportivo de Izola, situado cerca del casco antiguo, con grandes bases de alquiler de barcos Eslovenia es uno de los puertos deportivos m\u00e1s importantes de Eslovenia y tambi\u00e9n anfitri\u00f3n de muchas regatas importantes. Hay muchos amarres, tambi\u00e9n lo suficientemente grandes para que incluso los s\u00faper yates, servicio de hotel, canchas de tenis, una piscina, un casino y ofrece todos los servicios a las tripulaciones de alquiler de yates en Izola incluyendo WiFi.<\/p>\n<p>\n<strong>Yates de ch\u00e1rter Izola:<\/strong> En Izola, hay una grande flota de ch\u00e1rter de veleros de casi todos los grandes astilleros para navegar en Eslovenia &#8211; incluyendo Bavaria, Dufour, Jeanneau Sun Odyssey o Hanse, y tambi\u00e9n hay yates a motor. Alquile su mejor barco para su viaje en ch\u00e1rter en Eslovenia desde Izola en l\u00ednea o preg\u00fantenos por ofertas!<\/p>\n","protected":false},"excerpt":{"rendered":"<p>Alquiler de barcos Izola La isla en la que se sit\u00faa la ciudad antigua del destino de alquiler de barcos Izola se conecta con el continente desde hace much\u00edsimo tiempo, y en alg\u00fan momento perteneci\u00f3 al reino de Venecia, a Austria, a Italia o a Trieste. En las pintorescas construcciones<\/p>\n","protected":false},"author":11,"featured_media":0,"parent":662,"menu_order":0,"comment_status":"open","ping_status":"open","template":"","meta":[],"aioseo_notices":[],"_links":{"self":[{"href":"https:\/\/yachtcharter-connection.com\/es\/wp-json\/wp\/v2\/pages\/2115"}],"collection":[{"href":"https:\/\/yachtcharter-connection.com\/es\/wp-json\/wp\/v2\/pages"}],"about":[{"href":"https:\/\/yachtcharter-connection.com\/es\/wp-json\/wp\/v2\/types\/page"}],"author":[{"embeddable":true,"href":"https:\/\/yachtcharter-connection.com\/es\/wp-json\/wp\/v2\/users\/11"}],"replies":[{"embeddable":true,"href":"https:\/\/yachtcharter-connection.com\/es\/wp-json\/wp\/v2\/comments?post=2115"}],"version-history":[{"count":1,"href":"https:\/\/yachtcharter-connection.com\/es\/wp-json\/wp\/v2\/pages\/2115\/revisions"}],"predecessor-version":[{"id":14140,"href":"https:\/\/yachtcharter-connection.com\/es\/wp-json\/wp\/v2\/pages\/2115\/revisions\/14140"}],"up":[{"embeddable":true,"href":"https:\/\/yachtcharter-connection.com\/es\/wp-json\/wp\/v2\/pages\/662"}],"wp:attachment":[{"href":"https:\/\/yachtcharter-connection.com\/es\/wp-json\/wp\/v2\/media?parent=2115"}],"curies":[{"name":"wp","href":"https:\/\/api.w.org\/{rel}","templated":true}]}}