{"id":2116,"date":"2011-03-14T05:10:05","date_gmt":"2011-03-14T05:10:05","guid":{"rendered":"http:\/\/yachtcharter-connection.com.w01e47c6.kasserver.com\/rust-739\/"},"modified":"2016-10-29T19:03:08","modified_gmt":"2016-10-29T17:03:08","slug":"rust-739","status":"publish","type":"page","link":"https:\/\/yachtcharter-connection.com\/es\/regiones\/aguas-interiores\/alquiler-barcos-lago-di-neusiedel\/rust-739\/","title":{"rendered":"Rust"},"content":{"rendered":"<h3>Alquiler de barcos Rust<\/h3>\n<p>\nRust tiene 1700 habitantes. La ciudad al suroeste del lago, el departamento administrativo m\u00e1s peque\u00f1o de Austria, combina la vida rural y la arquitectura hist\u00f3rica &#8211; la arquitectura es digna de verse. Rust es una ciudad de amantes de vino y viticultores.  <br type=\"_moz\" \/><\/p>\n","protected":false},"excerpt":{"rendered":"<p>Alquiler de barcos Rust Rust tiene 1700 habitantes. La ciudad al suroeste del lago, el departamento administrativo m\u00e1s peque\u00f1o de Austria, combina la vida rural y la arquitectura hist\u00f3rica &#8211; la arquitectura es digna de verse. Rust es una ciudad de amantes de vino y viticultores.<\/p>\n","protected":false},"author":11,"featured_media":0,"parent":675,"menu_order":0,"comment_status":"open","ping_status":"open","template":"","meta":[],"aioseo_notices":[],"_links":{"self":[{"href":"https:\/\/yachtcharter-connection.com\/es\/wp-json\/wp\/v2\/pages\/2116"}],"collection":[{"href":"https:\/\/yachtcharter-connection.com\/es\/wp-json\/wp\/v2\/pages"}],"about":[{"href":"https:\/\/yachtcharter-connection.com\/es\/wp-json\/wp\/v2\/types\/page"}],"author":[{"embeddable":true,"href":"https:\/\/yachtcharter-connection.com\/es\/wp-json\/wp\/v2\/users\/11"}],"replies":[{"embeddable":true,"href":"https:\/\/yachtcharter-connection.com\/es\/wp-json\/wp\/v2\/comments?post=2116"}],"version-history":[{"count":1,"href":"https:\/\/yachtcharter-connection.com\/es\/wp-json\/wp\/v2\/pages\/2116\/revisions"}],"predecessor-version":[{"id":13809,"href":"https:\/\/yachtcharter-connection.com\/es\/wp-json\/wp\/v2\/pages\/2116\/revisions\/13809"}],"up":[{"embeddable":true,"href":"https:\/\/yachtcharter-connection.com\/es\/wp-json\/wp\/v2\/pages\/675"}],"wp:attachment":[{"href":"https:\/\/yachtcharter-connection.com\/es\/wp-json\/wp\/v2\/media?parent=2116"}],"curies":[{"name":"wp","href":"https:\/\/api.w.org\/{rel}","templated":true}]}}