{"id":2117,"date":"2014-06-28T16:05:46","date_gmt":"2014-06-28T16:05:46","guid":{"rendered":"http:\/\/yachtcharter-connection.com.w01e47c6.kasserver.com\/bequia-616\/"},"modified":"2016-10-29T19:04:23","modified_gmt":"2016-10-29T17:04:23","slug":"bequia-616","status":"publish","type":"page","link":"https:\/\/yachtcharter-connection.com\/es\/regiones\/caribe\/alquiler-barcos-leewards-y-windwards\/bequia-616\/","title":{"rendered":"Bequia"},"content":{"rendered":"<h3>Alquiler de barcos Bequia<\/h3>\n<p>\n<img loading=\"lazy\" class=\"content-image\"  width=\"300\" height=\"200\" src=\"https:\/\/yachtcharter-connection.com\/wp-content\/uploads\/converted_files\/23219\/23219-5624e1c54fe2c.jpg\" alt=\"islas_caraibes_bahia_veleros\" \/>La  Admiralty Bay es una enorme bah\u00eda de la peque\u00f1a isla Bequia en el sur del estado <a href=\"~\/Alquiler_barcos_saint_vincent_and_the_grenadines.html\"><u><b>San Vicente y Las Granadinas<\/b><\/u><\/a> con su peque\u00f1a ciudad Port Elizabeth y es uno de los m\u00e1s bellos puntos de encuentro de los que practican la vela, tanto si van en un yate ch\u00e1rter como si est\u00e1n realizando largas traves\u00edas. Esto se debe por un lado a la belleza natural de esta preciosa bah\u00eda y sus playas, que  adem\u00e1s es una zona muy segura para echar el ancla o fondear en boyas de amarre, pero tambi\u00e9n y, sobre todo, a sus habitantes: una colorida mezcla de razas y religiones, descendientes de mujeres negras y cazadores de ballenas escoceses que son, ante todo, amables y hospitalarios. Bequia tambi\u00e9n se ha hecho un nombre como lugar de encuentro de artistas y por todas partes descubrimos hermosos caf\u00e9s y tiendas, casas de muchos colores, restaurantes, algunos de primera clase&hellip; La verdad es que se mire por donde se mire, la isla merece la pena.  Y est\u00e1 perfectamente  preparada para acoger el turismo n\u00e1utico. Si necesitamos repostar agua y diesel podemos hacerlo en la peque\u00f1a Bequia Marina pero tambi\u00e9n hay un barco de servicios mar\u00edtimos que se acerca al lugar en el que estemos fondeados para abastecernos de agua. En Bequia da gusto hacer la compra: en el mercado que hay en la playa encontramos  productos frescos y detr\u00e1s son  los propios pescadores los que nos venden lo que acaban de capturar. Tenemos adem\u00e1s tienda de delicatessen, librer\u00eda, peque\u00f1as galer\u00edas de arte. Tranquilamente nos podemos tomar un buen tiempo para conocer y disfrutar de un paseo por  Port Elizabeth donde seguro encontraremos navegantes y tripulaciones de todo el mundo.  <\/p>\n<p>En el sur de  Bequia tenemos adem\u00e1s un bonito fondeadero con una playa con palmeras: la Friendship Bay. Es en el peque\u00f1o pueblo de Friendship, en el oeste de la bah\u00eda, donde iniciaban la faena los balleneros.  Y al lado, en el pueblo pesquero llamado  Paget Farm, todav\u00eda encontramos restos de viejos astilleros, ya que en Bequia se constru\u00edan antes goletas cl\u00e1sicas. No muy lejos de la bah\u00eda Friendship Bay nos espera otro fondeadero en la isla Petit Nevis, que est\u00e1 deshabitada pero que en otro tiempo fue el lugar en el que se despiezaban y manufacturaban las ballenas.   <\/p>\n","protected":false},"excerpt":{"rendered":"<p>Alquiler de barcos Bequia La Admiralty Bay es una enorme bah\u00eda de la peque\u00f1a isla Bequia en el sur del estado San Vicente y Las Granadinas con su peque\u00f1a ciudad Port Elizabeth y es uno de los m\u00e1s bellos puntos de encuentro de los que practican la vela, tanto si<\/p>\n","protected":false},"author":11,"featured_media":0,"parent":654,"menu_order":0,"comment_status":"open","ping_status":"open","template":"","meta":[],"aioseo_notices":[],"_links":{"self":[{"href":"https:\/\/yachtcharter-connection.com\/es\/wp-json\/wp\/v2\/pages\/2117"}],"collection":[{"href":"https:\/\/yachtcharter-connection.com\/es\/wp-json\/wp\/v2\/pages"}],"about":[{"href":"https:\/\/yachtcharter-connection.com\/es\/wp-json\/wp\/v2\/types\/page"}],"author":[{"embeddable":true,"href":"https:\/\/yachtcharter-connection.com\/es\/wp-json\/wp\/v2\/users\/11"}],"replies":[{"embeddable":true,"href":"https:\/\/yachtcharter-connection.com\/es\/wp-json\/wp\/v2\/comments?post=2117"}],"version-history":[{"count":1,"href":"https:\/\/yachtcharter-connection.com\/es\/wp-json\/wp\/v2\/pages\/2117\/revisions"}],"predecessor-version":[{"id":13945,"href":"https:\/\/yachtcharter-connection.com\/es\/wp-json\/wp\/v2\/pages\/2117\/revisions\/13945"}],"up":[{"embeddable":true,"href":"https:\/\/yachtcharter-connection.com\/es\/wp-json\/wp\/v2\/pages\/654"}],"wp:attachment":[{"href":"https:\/\/yachtcharter-connection.com\/es\/wp-json\/wp\/v2\/media?parent=2117"}],"curies":[{"name":"wp","href":"https:\/\/api.w.org\/{rel}","templated":true}]}}