{"id":2119,"date":"2015-08-10T05:53:50","date_gmt":"2015-08-10T05:53:50","guid":{"rendered":"http:\/\/yachtcharter-connection.com.w01e47c6.kasserver.com\/tortola-road-town-944\/"},"modified":"2018-01-06T14:55:06","modified_gmt":"2018-01-06T12:55:06","slug":"tortola-road-town-944","status":"publish","type":"page","link":"https:\/\/yachtcharter-connection.com\/es\/regiones\/caribe\/alquiler-barcos-leewards-y-windwards\/tortola-road-town-944\/","title":{"rendered":"Tortola \/ Road Town"},"content":{"rendered":"<h1><strong>Alquiler de barcos Tortola &#8211; veleros, catamaranes, motoras, yates de lujo<\/strong><\/h1>\n<p><img loading=\"lazy\" class=\"content-image\" src=\"https:\/\/yachtcharter-connection.com\/wp-content\/uploads\/converted_files\/23225\/23225-5624e1c99eb55.jpg\" alt=\"\" width=\"300\" height=\"189\" \/>La isla m\u00e1s grande, y capital del archipi\u00e9lago, es T\u00f3rtola. Muchos ch\u00e1rter tiene como base el puerto natural Road Harbour en la capital Road Town, o en alguna de las marinas lim\u00edtrofes.<\/p>\n<p>Road Town es una ciudad t\u00edpicamente caribe\u00f1a: con casas de colores, muchas tiendas, caf\u00e9s y restaurantes, donde adem\u00e1s encontramos el Virgin Island Folk Museum, un jard\u00edn bot\u00e1nico enorme en pleno centro, y muchas posibilidades para abastecer al navegante de todo lo necesario. Hay supermercados que entregan pedidos directamente en los yates ch\u00e1rter.<\/p>\n<p><img loading=\"lazy\" class=\"content-image\" src=\"https:\/\/yachtcharter-connection.com\/wp-content\/uploads\/converted_files\/23225\/23225-5624e1cb59796.jpg\" alt=\"\" width=\"300\" height=\"203\" \/>La mayor\u00eda de los viajeros va a conocer muy pronto dos tradiciones locales importantes. Una, la bebida nacional, que se llama Painkiller y que se prepara con ron, licuado de pl\u00e1tano, zumo de naranja, leche de coco y nuez moscada. Se puede preparar m\u00e1s o menos fuerte. La otra, The Pusser\u2019s, una aut\u00e9ntica instituci\u00f3n. Combina la oferta de un buen Nautik-Shop con bar restaurante. Se encuentra en Road Town, Soper\u2019s Hole (Pusser\u2019s Landing), en la isla Marina Cay y en la Leverick Bay. Por supuesto en estas tiendas se vende tambi\u00e9n el aut\u00e9ntico ron Pusser\u2019s Orignal Navy. Si queremos emprender una excursi\u00f3n en tierra, el Sage Mountain National Park, el Mount Healthy National Park, donde encontramos restos de una vieja plantaci\u00f3n azucarera, el North Shore Shell Museum, antiguos fortines, o la Callwood Rum Distillery, nos ofrecen variedad de rutas.<\/p>\n","protected":false},"excerpt":{"rendered":"<p>Alquiler de barcos Tortola &#8211; veleros, catamaranes, motoras, yates de lujo La isla m\u00e1s grande, y capital del archipi\u00e9lago, es T\u00f3rtola. Muchos ch\u00e1rter tiene como base el puerto natural Road Harbour en la capital Road Town, o en alguna de las marinas lim\u00edtrofes. Road Town es una ciudad t\u00edpicamente caribe\u00f1a:<\/p>\n","protected":false},"author":11,"featured_media":0,"parent":654,"menu_order":0,"comment_status":"open","ping_status":"open","template":"","meta":[],"aioseo_notices":[],"_links":{"self":[{"href":"https:\/\/yachtcharter-connection.com\/es\/wp-json\/wp\/v2\/pages\/2119"}],"collection":[{"href":"https:\/\/yachtcharter-connection.com\/es\/wp-json\/wp\/v2\/pages"}],"about":[{"href":"https:\/\/yachtcharter-connection.com\/es\/wp-json\/wp\/v2\/types\/page"}],"author":[{"embeddable":true,"href":"https:\/\/yachtcharter-connection.com\/es\/wp-json\/wp\/v2\/users\/11"}],"replies":[{"embeddable":true,"href":"https:\/\/yachtcharter-connection.com\/es\/wp-json\/wp\/v2\/comments?post=2119"}],"version-history":[{"count":3,"href":"https:\/\/yachtcharter-connection.com\/es\/wp-json\/wp\/v2\/pages\/2119\/revisions"}],"predecessor-version":[{"id":25809,"href":"https:\/\/yachtcharter-connection.com\/es\/wp-json\/wp\/v2\/pages\/2119\/revisions\/25809"}],"up":[{"embeddable":true,"href":"https:\/\/yachtcharter-connection.com\/es\/wp-json\/wp\/v2\/pages\/654"}],"wp:attachment":[{"href":"https:\/\/yachtcharter-connection.com\/es\/wp-json\/wp\/v2\/media?parent=2119"}],"curies":[{"name":"wp","href":"https:\/\/api.w.org\/{rel}","templated":true}]}}