{"id":212,"date":"2011-10-30T15:35:49","date_gmt":"2011-10-30T15:35:49","guid":{"rendered":"http:\/\/yachtcharter-connection.com.w01e47c6.kasserver.com\/archivo-de-noticias-1\/"},"modified":"2016-10-29T18:59:38","modified_gmt":"2016-10-29T16:59:38","slug":"archivo-de-noticias-1","status":"publish","type":"page","link":"https:\/\/yachtcharter-connection.com\/es\/archivo-de-noticias-1\/","title":{"rendered":"Archivo de Noticias"},"content":{"rendered":"<h3>: Archivo de Noticias<\/h3>\n<h4>\nNueva temporada de Alquiler de barcos 2011<\/h4>\n<p>\n21\/10\/2010 &#8211; Despu\u00e9s del viaje en ch\u00e1rter, se inicia la planificaci\u00f3n para el pr\u00f3ximo viaje: los precios para el a\u00f1o 2011 se han publicado, con yates nuevos y muy interesantes en las flotas &#8211;  muchas tripulaciones ya han reservado! La mayor\u00eda de las listas de precios de Alquiler de barcos para la temporada siguiente ya est\u00e1n disponibles, las compa\u00f1\u00edas ch\u00e1rter ofrecen generosos descuentos de reserva anticipada en todas las zonas de navegaci\u00f3n. Organice su viaje en ch\u00e1rter siguiente para la pr\u00f3xima temporada ahora y obtenga los mejores yates pagando los mejores precios! En las flotas de ch\u00e1rter  hay muchos veleros nuevos  &#8211; los yates tipo Bavaria 40 y 45, por ejemplo, Jeanneau  53, Sun Odyssey  409 catamaranes del tipo Lipari o los nuevos modelos de  Lagoon. Los nuevos tipos m\u00e1s populares ya est\u00e1n bien reservados en la temporada alta del 2011 &ndash; hay que darse prisa si se quiere alquilarlos a algunas fechas en julio o agosto. Echa un vistazo al YachtFinder &#8211; o simplemente cont\u00e1ctanos.<\/p>\n<h4>\nNuevas bases de ch\u00e1rter<\/h4>\n<p>\n21\/10\/2010 &#8211; Justo a tiempo para los viajes de larga distancia en la temporada de invierno, m\u00e1s bases de ch\u00e1rter se abrieron como en <a href=\"~\/Alquiler_barcos_australia.html\">Australia<\/a>, <a href=\"~\/Alquiler_barcos_cuba.html\">Cuba<\/a> y <a href=\"~\/Alquiler_barcos_grenada.html\">Grenada <\/a>en el Mar Caribe. Bases para navegar en el verano 2011: Para los pr\u00f3ximos viajes en verano en el  <a href=\"~\/mediterraneo.html\">Mediterr\u00e1neo<\/a>, hay m\u00e1s veleros en <a href=\"~\/Alquiler_barcos_grecia.html\">Grecia<\/a> por ejemplo en Skiathos en las Islas Esp\u00f3radas y en Poros en el Golfo Arg\u00f3lico. Algunos barcos est\u00e1n ahora disponibles para reserva en l\u00ednea en Santorini! Para los que quieren disfrutar del verano navegando en  Nueva Inglaterra: En la Bah\u00eda de Chesapeake en los Estados Unidos est\u00e1 disponible ahora un nuevo catamar\u00e1n tipo Gemini 105 con tres cabinas.<\/p>\n<h4>\n<p>Mejor Calidad en el sector de Ch\u00e1rter de Yates<\/h4>\n<p>\n13\/10\/2010 &#8211; La iniciativa Yacht-Check ha  comenzado a mejorar la calidad en el mercado de alquiler de barcos  con la certificaci\u00f3n de las bases de ch\u00e1rter y la encuesta sistem\u00e1tica de los clientes sobre su satisfacci\u00f3n con la base y el yate. Desde su lanzamiento en la primavera de 2010, muchas compa\u00f1\u00edas de alquiler barcos en Mallorca, Grecia y Croacia han sido certificadas, m\u00e1s seguir\u00e1n pronto. Durante el proceso de certificaci\u00f3n, la calidad del servicio, el equipo de yates y servicios adicionales est\u00e1n siendo examinados. Si  se busca en nuestro YachtFinder por el mejor yate de  ch\u00e1rter para sus vacaciones, se puede identificar los yates de las bases certificadas por estrellas amarillas.<\/p>\n<h4> <\/h4>\n<p>Con la certificaci\u00f3n, los bases reciben hasta un m\u00e1ximo de cinco estrellas &#8211; cada estrella m\u00e1s cuenta con un mejor nivel de calidad. Los empresas de alquiler barcos, que se llaman &quot;Superior Operator&rdquo; clasificadas con 4 estrellas tienen que ofrecer, por ejemplo &#8211; adem\u00e1s de los diferentes requisitos b\u00e1sicos de calidad de servicio y equipo necesarios para Operadores de nivel Econ\u00f3mica, Est\u00e1ndar o Avanzado &#8211; los siguientes servicios: copa de bienvenida y refrigerios en bordo, check-in de \u00faltima hora personal, servicio de compras con la entrega en el yate, chalecos salvavidas para ni\u00f1os, WiFi en el pantal\u00e1n de ch\u00e1rter, previsi\u00f3n de tiempo enviado por SMS, ayuda de emergencia, amarre gratis en el puerto base en el periodo complete del viaje, y los yates que est\u00e1n equipados y mantenidos mucho mejor que en promedio.\n <\/p>\n<h4>\nNuevo sitio web para navegar Cerde\u00f1a<\/h4>\n<p>\n13\/10\/2010 &#8211; Los navegantes que planean su crucero en <a href=\"~\/mediterraneo\/Alquiler_barcos_cerdena.html\">Cerde\u00f1a<\/a> pueden encontrar m\u00e1s informaci\u00f3n sobre los puertos deportivos ahora en un nuevo sition web del &quot;Rete dei Porti Sardegna&quot; &#8211; Red de puertos deportivos en Cerde\u00f1a: Hay mapas, n\u00fameros de contacto, fotos y los precios para amarres de m\u00e1s de una dozena de puerto de Cerde\u00f1a. Se puede tambi\u00e9n reservar amarres en linea. Tambi\u00e9n hay previsiones de tiempo. Algunos de los puertos son por ejemplo Alghero, Arbatax, Calagonone, Castelsardo, Isola Rossa, La Maddalena Cala Gavetta, Marina di Capitana, Olbia, Marina di Baunei o S. Teresa di Gallura. Tambi\u00e9n hay una versi\u00f3n espa\u00f1ola de la p\u00e1gina pero conocer un poco el italiano ayuda a usarla.<\/p>\n<h4>\nTurqu\u00eda: Bozburun ahora  Puerto de Entrada<\/h4>\n<p>\n14\/08\/2010 &#8211; Otro puerto de entrada en <a href=\"~\/Alquiler_barcos_turquia.html\">Turqu\u00eda<\/a> hace m\u00e1s f\u00e1cil cruzar las fronteras entre Grecia y Turqu\u00eda.El Puerto Bozburun justo enfrente de la isla griega de Symi ahora se puede utilizar como puerto de entrada en la costa Turca. Las autoridades tienen su sede en la ciudad m\u00e1s cercana a la mezquita. Hasta ahora, las tripulaciones de barcos en esta zona de navegaci\u00f3n popular en la costa turca utilizan principalmente los puertos de Bodrum, Marmaris, Datca y Fethye. En el lado griego, existen oficinas de aduanas en las islas de Kos, Rodas y Samos. Tras la entrada en Turqu\u00eda, los navegantes tienen que comprar un transitlog turco &#8211; El precio puede variar alrededor de 70-100 &euro;, dependiendo del agente local que es contratado por la tripulaci\u00f3n.<\/p>\n<h4>\n<p>Tasas por turismo en Croacia<\/h4>\n<p>\n03\/06\/2010 &#8211; Para la temporada 2010 de ch\u00e1rter en<a href=\"~\/Alquiler_barcos_croacia.html\"> Croacia<\/a>, hay un nuevo r\u00e9gimen para los tasas de turismo. Esto ya no depende del n\u00famero de personas, pero de la eslora del barco y de la duraci\u00f3n del viaje. Para los navegantes que viajan en ch\u00e1rter, la base paga los tasas directamente a la Autoridad Portuaria. Normalmente los tripulaciones pagan los tasas al embarque a la compa\u00f1ia de ch\u00e1rter, pero hay algunas bases que cobran los impuestos antes.<\/p>\n<p>Los precios var\u00edan dependiendo de la eslora del barco y la duraci\u00f3n del viaje &#8211;  entre 20,70 Euro para barcos de hasta 9 metros y 8 d\u00edas de crucero y 96,50 Euaro para los yates de 15 a 20 metros en viajes de 30-d\u00edas. El recibo deber\u00e1 encontrarse a bordo del barco. Los operadores de los puertos deportivos y de los campos de boyas no pueden cobrar impuestos adicionales en sus facturas de amarre.\n <\/p>\n<h4>Alquiler de barcos Cuba &#8211; Seguro de Salud<\/h4>\n<p>\n03\/06\/2010 &#8211; A la entrada a Cuba, ahora todos los navegantes tienen que presentar un seguro de salud de viaje que cubre el pa\u00eds Cuba. Los viajeros que no lo tienen cuando llegan al aeropuerto, tienen que comprar un seguro de la compa\u00f1ia cubana Asistur. A los que quieren navegar en Cuba, se recomiende de llevarse una confirmaci\u00f3n de su seguro den Ingl\u00e9s o Espa\u00f1ol, que confirma expresamente que los viajes a Cuba son cubiertos en su cobertura de seguro de salud.<\/p>\n<p>En el caso de los residentes en los Estados Unidos que viajan directamente a Cuba, ellos<br \/>\ntienen que comprar una p\u00f3liza de seguro con cobertura de Cuba en el pa\u00eds de residencia &#8211;<br \/>\na trav\u00e9s de una red de agencias asociadas a HAVANATURCELIMAR, porque todas las empresas de seguros del Am\u00e9rica del Norte no pueden vender seguros para con la cobertura del territorio nacional de Cuba.\n <\/p>\n<h4>Puertos deportivos en el Mar B\u00e1ltico<\/h4>\n<p>\n03\/06\/2010 &#8211; La red de puertos deportivos de primera clase en el <a href=\"~\/mar_baltico\/Alquiler_barcos_baltico_del_sudoeste.html\">Mar B\u00e1ltico alem\u00e1n<\/a> sigue creciendo. Al inicio de la temporada el puerto deportivo de Port Olpenitz abri\u00f3,  en el sitio de una antigua base naval de Puerto Marina Olpenitz. Pronto habr\u00e1 varios miles de amarres. En el segmento premium ahora hay el puerto deportivo de lujo nuevo en Boltenhagen, el White Water Owenrs Club, que incluso cuenta con ocho puestos de amarre para buques de hasta 20 metros. En la isla de Ruegen 150 plazas se crean en la bah\u00eda natural Gustow Wiek.\n <\/p>\n<h4>Los mejores bares de los navegantes<\/h4>\n<p>\n05\/01\/2010 &#8211; Tres bares en las <a href=\"~\/Alquiler_barcos_islas_britanicas_de_la_virgen.html\">Islas V\u00edrgenes Brit\u00e1nicas<\/a> alcanzaban en el ranking &quot;Top Ten&quot; de &quot;Mejores Bares para navegantes&quot;, eligido en linea en el internet.<\/p>\n<p>La clasificaci\u00f3n final:<\/p>\n<p>1. Peter-Cafe Sport &#8211; Horta, Azores<br \/>\n2. Royal Hong Kong Yacht Club &#8211; Hong Kong<br \/>\n3. IYAC &#8211; Newport RI, USA<br \/>\n4. Maddie&#8217;s Sail Loft &#8211; Marblehead, MA USA<br \/>\n5. The Candy Store &#8211; Newport, RI, USA<br \/>\n6. Le Select &#8211; St. Barth&#8217;s<br \/>\n7. Bitter End Yacht Club &#8211; British Virgin Islands<br \/>\n8. Royal Bermuda Yacht Club, Hamilton Bermuda<br \/>\n9. Foxy&#8217;s Tamarind Bar and Grill &#8211; Jost Van Dyke, British Virgin Islands<br \/>\n10. Willy T &#8211; Norman Island, British Virgin Islands<\/p>\n<p>La votaci\u00f3n se llev\u00f3 a cabo en l\u00ednea en LinkedIn y Scuttlebutt.\n <\/p>\n<h4>Nuevas bases de ch\u00e1rter<\/h4>\n<p>\n18\/12\/2009 &#8211; Ahora se puede reservar en linea veleros desde nuevos bases de ch\u00e1rter en Turqu\u00eda, en el mar Caribe y en Canada. Las nuevas bases de ch\u00e1rter est\u00e1n en <a href=\"~\/Alquiler_barcos_turquia\/yalikavak_bodrum_peninsula.html\">Yalikavak<\/a> en la pen\u00ednsula de Bordrum en el Mar Egeo de Turqu\u00eda, en St. Lucia y en Port Sidney en Canada (Vancouver Island \/ British Columbia).\n <\/p>\n<h4>Nuevos yates de ch\u00e1rter  2010<\/h4>\n<p>\n18\/12\/2009 &#8211; En la temporada de alquiler yates 2010, en las flotas de ch\u00e1rter hay mucho m\u00e1s yates de una eslora de m\u00e1s de 50 pies. Se pueden alquilar los nuevos yates de Beneteau y Jeanneau &#8211; Sun Odyssey 54 o Jeanneau 53 y Jeanneau 57 &#8211; en Grecia, o pruebe la nueva Bavaria 55 en Mallorca! \n <\/p>\n<h4>Destino de ch\u00e1rter: Egipto<\/h4>\n<p>\n14\/12\/2009 &#8211; Egipto es un nuevo destino de ch\u00e1rter en nuestro YachtFinder &#8211; usted puede alquilar un Lagoon 440 con  patr\u00f3n en linea.El base del catamar\u00e1n es el puerto deportivo de Abu Tig en El Gouna. Desde all\u00ed, usted puede explorar el Mar Rojo, con puertos deportivos nuevos y hermosos arrecifes de coral. En Egipto, ofrecemos tambi\u00e9n un yate a motor en el Mar Rojo para viajes en ch\u00e1rter, as\u00ed como de yates para el buceo &#8211; y un barco de ch\u00e1rter privado en el r\u00edo Nilo.\n <\/p>\n<h4>Navegar el Senegal y el archipi\u00e9lago de Bijagos<\/h4>\n<p>\n20\/10\/2009 &#8211; De diciembre a abril de 2010, usted puede explorar las costas del Senegal y las islas del Archipi\u00e9lago Bijagos a bordo de un catamar\u00e1n con tripulaci\u00f3n completa. Cerca de 700 kil\u00f3metros de playas de arena blanca, los r\u00edos y los manglares, paisajes con \u00e1rboles baobab, parques ricos en flora y fauna, gente c\u00e1lida y hospitalaria y una mezcla de tradici\u00f3n y cultura mar\u00edtima de los pescadores dan el bienvenido a los marineros en la costa de Senegal. En el sur de Senegal, en Guinea-Bissau, el archipi\u00e9lago de Bijagos con cerca de 80 islas &#8211; cerca de 20 de ellas habitadas &#8211; es un mondo insular absolutamente fascinante, uno de los m\u00e1s bellos del mundo. Es tambi\u00e9n uno de los m\u00e1s protegidos: algunas islas como Orango o Poil\u00e3o son &quot;parques nacionales&quot; o &quot;reservas ecol\u00f3gicas&quot;, a fin de preservar las especies en peligro de extinci\u00f3n.\n <\/p>\n<h4>Vigilar el yate fondeando en Elba obliatorio<\/h4>\n<p>\n28\/09\/2009 &#8211; Fondeando en la bah\u00eda de Portoferraio en Elba, ahora es obligatorio que un miembro de la tripulaci\u00f3n se queda a bordo para vigilar el yate.En los yates anclados en la bah\u00eda de Portoferraio, un miembro de la tripulaci\u00f3n tiene que quedar siempre a bordo como alerta de fondeo cuando el resto de la tripulaci\u00f3n llega a tierra. El nuevo reglamento se introdujo por razones de seguridad. Las autoridades realizar\u00e1n controles: los capitanes que dejan sus yates sin guarda tienen que pagar elevadas multas.\n <\/p>\n<h4>Nueva Marina Porto Montenegro abierta<\/h4>\n<p>\n28\/09\/2009 &#8211; En Montenegro , el nuevo puerto deportivo de Porto Montenegro ha comenzado la operaci\u00f3n en Tivat en la bah\u00eda de Kotor.Porto Montenegro fue dise\u00f1ado como un nuevo centro de vela y super yates &#8211; casi una cuarta parte del total de 650 plazas nuevas se han dise\u00f1ado para megayates de 25 metros de longitud. Los primeros 85 plazas se han completado. La gesti\u00f3n de Marina promete un servicio de 24 horas. Adem\u00e1s de las literas, los equipos de la Carta encontran todos los servicios principales en Porto Montenegro &#8211; en el nuevo paseo mar\u00edtimo, bares y restaurantes invitan a pasear. La bah\u00eda de Kotor est\u00e1 en la Lista Mundial de la UNESCO del Patrimonio  natural de la humanidad. En el sur del Mar Adri\u00e1tico, los navegantes pueden cambiar f\u00e1cilmente entre la costa y las aguas interiores.<\/p>\n<h4>\nNueva temporada de alquiler de barcos 2010<\/h4>\n<p>16\/09\/2009 &#8211; Despu\u00e9s del viaje en ch\u00e1rter, se inicia la planificaci\u00f3n para el pr\u00f3ximo viaje: los precios para el a\u00f1o 2010 se han publicado! La mayor\u00eda de las listas de precios de  para la temporada siguiente ya est\u00e1n disponibles, las compa\u00f1\u00edas ch\u00e1rter ofrecen generosos descuentos de reserva anticipada en todas las zonas de navegaci\u00f3n. Organice su viaje en ch\u00e1rter siguiente para la pr\u00f3xima temporada ahora y obtenga los mejores yates pagando los mejores precios! Echa un vistazo al YachtFinder &#8211; o simplemente nos piden.<\/p>\n<h4>Sue\u00f1os del mar del sur<\/h4>\n<p>\n22\/06\/2009  &#8211; Tarifas especiales para  en el <a href=\"~\/oceano_indio.html\">Oc\u00e9ano \u00cdndico<\/a> y el <a href=\"~\/pacifico.html\">Pac\u00edfico<\/a>: Las vacaciones en ch\u00e1rter en el Oc\u00e9ano \u00cdndico y en el Pac\u00edfico para la estaci\u00f3n del verano y del oto\u00f1o se pueden ahora reservar a las tarifas muy atractivas. Los descuentos para  en <a href=\"~\/Alquiler_barcos_madagascar.html\">Madagascar<\/a> a partir de la base de ch\u00e1rter en Nosy B\u00e9 alcanzan hasta 30 por ciento. Usted puede navegar tambi\u00e9n las <a href=\"~\/Alquiler_barcos_seychelles.html\">Islas Seychelles <\/a>desde Mahe y  Praslin con un descuento del 20 a 30 por ciento. Los precios desde Tioman en Malasia han sido bajados por el 30 por ciento &#8211; y desde Langkawi en <a href=\"~\/Alquiler_barcos_malaysia.html\">Malasia<\/a> o desde Phuket en <a href=\"~\/Alquiler_barcos_tailandia.html\">Tailandia<\/a>, usted podr\u00eda ahora navegar m\u00e1s d\u00edas para el mismo precio, tal como 10 d\u00edas en un precio de la semana. Ofertas detalladas a petici\u00f3n. <\/p>\n<h4>Regatas en Asia en yates de ch\u00e1rter<\/h4>\n<p>\n02\/06\/2009 &#8211; Los navegantes de todo el mundo pueden participar en las dos regatas m\u00e1s populares en Asia en yates de ch\u00e1rter: en la Phuket King&#8217;s Cup Regatta (28 de noviembre &#8211; 5 de diciembre de 2009) y en la Royal Langkawi International Regatta ( 8-15 de enero de 2010).<\/p>\n<p>La Phuket King&#8217;s Cup Regatta ( 28. de noviembre- 5 de diciembre de 2009) en Tailandia es la regata m\u00e1s grande y m\u00e1s popular de Tailandia. Y es m\u00e1s que una regata, el evento de una semana ofreces fiestas fant\u00e1sticas tambien.<\/p>\n<p>Durante los a\u00f1os pasados el grupo de Langkawi en Malasia con m\u00e1s de 90 islas se ha convertido en una destinaci\u00f3n de  establecida. La regata Royal Langkawi International Regata (pr\u00f3ximo evento: 8 -15 de enero de 2010) est\u00e1 atrayendo los barcos todas partes del mundo.<\/p>\n<p>Para ambos eventos hay una flota de yates del tipo Harmony disponible (los yates Harmony obtuvieron resultados acertados en varias regatas importantes) as\u00ed como varios tipos de catamaranes. La base de  organizar\u00e1 las formalidades de las regatas para los navegantes que alquilan los barcos. Ofertas y detalles a petici\u00f3n.<\/p>\n<p><\/p>\n<h4>Nuevos yates en las flotas de ch\u00e1rter<\/h4>\n<p>\n01\/06\/2009 &#8211; Ahora hay nov\u00edsimos yates disponibles para ch\u00e1rter en el <a href=\"~\/mediterraneo.html\">Mediterr\u00e1neo<\/a> y en el <a href=\"~\/caribe.html\">Mar Caribe<\/a>.  En algunas regiones los navegantes pueden disfrutar de los ultimos modelos de yates de ch\u00e1rter, catamaranes y monocascos. En Turqu\u00eda, un catamaran tipo Catana 50 espera a los navegantes en Marmaris. En la <a href=\"~\/Alquiler_barcos_francia.html\">Costa Azul<\/a> de Francia, hay nuevos yates Catana 431, Catana 471 y Lagoon 420 desde el Puerto deportivo Port Pin Rolland cerca de Toulon. En Mallorca, se puede alquilar la nueva Bavaria 55, el barco m\u00e1s grande del mayor astillero aleman. Y en las <a href=\"~\/Alquiler_barcos_islas_britanicas_de_la_virgen.html\">Islas Brit\u00e1nicas de la Virgen<\/a> en el Mar Caribe, hay una nueva flota de  con monocascos del tipo Harmony  y tambien las nuevas catamaranes Catana 50, Lagoon 420, Catana 43 Premier, Catana 47 Premier y Leopard 38. Disponibidades y precios para  a petici\u00f3n.<\/p>\n<h4>Nuevo: Ch\u00e1rter de Trimaranes<\/h4>\n<p>\n28\/03\/2009 &#8211; Por primera vez se puede alquilar barcos con tres cascos: Los trimaranes son perfectos para los que quieren navegar con alta velocidad: Los trimaranes tipo Corsair son disponibles al Mar B\u00e1ltico, en el Mar Adri\u00e1tico en Croacia y a los lagos bavaros.<\/p>\n<p>Particularmente para los lagos b\u00e1varos los clientes de ch\u00e1rter pueden coger la Corsair Sprint 750 en un acoplado en Taufkirchen y llevarlo a su lago preferido &#8211; al precio de 1.100 euros por semana. Los trimaranes tipos Corsair 24, Corsair 28 CC y Corsair 31 CC est\u00e1n disponibles al precio de 1.350 euros, de 1.850 euros y de 2.350 euros por semana en el mar B\u00e1ltico y en Croacia. Los &quot;multihulls&quot; animados y r\u00e1pidos se pueden transferir a otras destinos tambi\u00e9n, seg\u00fan las necesidades de los clientes.<\/p>\n<h4>Flotillas en Mediterr\u00e1neo y el Caribe<\/h4>\n<p>\n02\/04\/2009 &#8211; Algunas regatas, fiestas con otros equipos, navegar sin tener que preocuparse de la organizaci\u00f3n, descubrir a nuevas destinos fascinantes: Si quiere disfrutar de estas ventajas de navegar en flotilla vas a encontrar muchas flotillas que tienen lugar en el <a href=\"~\/mediterraneo.html\">Mediterr\u00e1neo<\/a> y en el <a href=\"~\/caribe.html\">Caribe<\/a> en el ano 2009.<\/p>\n<p>En primavera se puede disfrutar del ambiente del Caribe y participar en la regata Heineken en San Mart\u00edn  o en la Antigua Sailing week o navegar de la Mart\u00ednica al Carneval en Trinidad. En verano hay algunas ofertas para el Mediterr\u00e1neo. En autumno espera por ejemplo el Trofeo del Caribe. Idiomas. alem\u00e1n o ingl\u00e9s. Ver m\u00e1s en el programma de flotillas 2009.<\/p>\n<h4>Nuevas especialidades &#8211; ch\u00e1rteres ex\u00f3ticos<\/h4>\n<p>\n02\/04\/2009 &#8211; Con nuestras nuevas especialidades de  usted puede explorar Mauricio como un nuevo destino, disfrutar del mundo submarino de las Maldivas durante un safari de buceo o disfrutar del Carnaval Venica con otros tripulaciones de una flotilla.<\/p>\n<p>Navegar Mauricio &#8211; La navegaci\u00f3n rodeando la isla Mauricio en un catamar\u00e1n tipo Belice 43 con tripulaci\u00f3n es una posibilidad excelente de llegar a conocer un nuevo destino que es todav\u00eda completamente sin explotar como \u00e1rea de ch\u00e1rter. Usted encuentra detalles aqu\u00ed: Navegar Mauricio.<\/p>\n<p>Descubra que el mundo submarino de las <a href=\"~\/Alquiler_barcos_maldivas.html\">Islas Maldivas<\/a> es m\u00e1s f\u00e1cil viajando en un yate de ch\u00e1rter de motor. \u00c9ste es perfectamente equipado para bucear &#8211; leen m\u00e1s: <a href=\"https:\/\/yachtcharter-connection.com\/wp-content\/uploads\/converted_files\/28293\/28293-561d10abba9a3.jpg\">Diving Safari Maldivas.<\/a><\/p>\n<p>Y los que quieren combinar la atm\u00f3sfera \u00fanica del Carnaval de Venecia  con un crucero mediterr\u00e1neo de invierno pueden unirse con una flotilla de Izola en 2010: Navegando al Carnaval de Venecia. M\u00e1s detalles <a href=\"~\/Eventos_Incentivos.html\">aqui!<\/a><\/p>\n<h4>Ch\u00e1rter de cabinas en yates de lujo con motor<\/h4>\n<p>\n18\/09\/2008 &#8211; Para disfrutar de ambiente esclusivo y de servicio individual de un equipo profesional en un yate de lujo usted no tiene que alquilar el yate entero. En varios destinos maravillosos en el mediterr\u00e1neo, en el Oriente Medio y en el Oc\u00e9ano \u00cdndico puede ahora ch\u00e1rter cabinas individuales.<\/p>\n<p>En varios yates exclusivos del motor se puede ahora alquiler cabinas individuales: en Cerde\u00f1a &#038;  C\u00f3rcega, Mallorca, Croatia, Montenegro, Dubai &#038; Om\u00e1n o en los Maldivas. Los yates de flybridge de 16 a 32 metros tienen cada uno tres cabinas. Por supuesto se puede tambi\u00e9n alquilar los yates completamente. Hay itinerarios espceciales para la hu\u00e9spedes que quisiera combinar cruzar y el golf en Dubai, Cerde\u00f1a, y en los Balearic Island. M\u00e1s informaci\u00f3n sobre rutas, fechas y precios a petici\u00f3n. Idioma a bordo : ingles.Ver mas detalles:  <a href=\"https:\/\/yachtcharter-connection.com\/wp-content\/uploads\/converted_files\/28293\/28293-561d10ae08899.jpg\">Ch\u00e1rter de Cabinas en Yates de Lujo<\/a><\/p>\n<h4>Nuevas regulaciones para yates en el <a href=\"~\/mediterraneo\/Alquiler_barcos_adriatico_norte.html\">Mar Adri\u00e1tico<\/a><\/h4>\n<p>\n30\/07\/2008 &#8211; Aumento de los precios del parque nacional en las Islas Kornati. Nuevas regulaciones en <a href=\"~\/Alquiler_barcos_montenegro.html\">Montenegro<\/a>: Los precios de la entrada diaria al parque nacional Kornati han aumentado m\u00e1s de un treinta por ciento. Los boletos son v\u00e1lidos durante24 horas, as\u00ed que aparte de la fecha los tiempos exactos son importantes. Para yates de hasta 11 m. se paga 33,30 euros por d\u00eda; hasta 18 m., 53,20 euros. Los capitanes de los yates m\u00e1s grandes tienen que pagar 100 euros. Un descuento de hasta un cuarenta por ciento es posible  comprando los boletos por adelantado en la base de ch\u00e1rter o en la marina.<\/p>\n<p>Montenegro cambi\u00f3 sus regulaciones: los equipos tienen que llegar a un puerto oficial de registro para realizar el check-in  antes de navegar  dentro del golfo de Kotor. Las tarifas para obtener el permiso han aumentado, no obstante hay nuevos permisos m\u00e1s baratos para una estancia a corto plazo tambi\u00e9n. Hasta ahora ten\u00edan  que ser publicadas siempre por un a\u00f1o entero. <\/p>\n<h4>Marinas en Marruecos<\/h4>\n<p>\n30\/07\/2008 &#8211; Ahora otro nuevo puerto deportive se ha abierto en la costa atl\u00e1ntica de Marruecos despu\u00e9s de la operaci\u00f3n comenzada del puerto deportivo de Agadir  en el verano 2008. El nuevo puerto deportivo Bouregreg se sit\u00faa en el Rabat capital en el r\u00edo del mismo nombre.<\/p>\n<p>El nuevo puerto deportivo  ofrece 250 amarres  con las conexiones para la electricidad y el agua. La gasolinera es ya en funcionamiento, tambi\u00e9n una peque\u00f1a tienda. La infraestructura para navegar en Marruecos se est\u00e1 mejorando continuamente. La Marina Smir en el norte del pa\u00eds a la costa del Mediterr\u00e1neo siempre es un destino apreciado.  La marina de Agadir  en el sur de Marruecos  ofrece m\u00e1s de 300 amarres, electricidad y  agua dulce. Hacer compras para proveerse en los alrededores de la marina no es ning\u00fan problema. Las autoridades portuarias se encuentran en la marina tambi\u00e9n.<\/p>\n<h4> en Turqu\u00eda: amarrar firme a los arboles se prohibe<\/h4>\n<p>\n29\/09\/2008 &#8211; Fondear en bah\u00edas en <a href=\"~\/Alquiler_barcos_turquia.html\">Turqu\u00eda<\/a> y amarrar firme a los arboles de la costa se prohibe ahora.  Turqu\u00eda ha promulgado la ley nueva para proteger la naturaleza &#8211; muchas plantas han padecido al parecer de las traveses. Los navegantes tienen que buscar otras oportunidades de amarradura en tierra tal como rocas.<\/p>\n","protected":false},"excerpt":{"rendered":"<p>: Archivo de Noticias Nueva temporada de Alquiler de barcos 2011 21\/10\/2010 &#8211; Despu\u00e9s del viaje en ch\u00e1rter, se inicia la planificaci\u00f3n para el pr\u00f3ximo viaje: los precios para el a\u00f1o 2011 se han publicado, con yates nuevos y muy interesantes en las flotas &#8211; muchas tripulaciones ya han reservado!<\/p>\n","protected":false},"author":11,"featured_media":0,"parent":0,"menu_order":0,"comment_status":"open","ping_status":"closed","template":"","meta":[],"aioseo_notices":[],"_links":{"self":[{"href":"https:\/\/yachtcharter-connection.com\/es\/wp-json\/wp\/v2\/pages\/212"}],"collection":[{"href":"https:\/\/yachtcharter-connection.com\/es\/wp-json\/wp\/v2\/pages"}],"about":[{"href":"https:\/\/yachtcharter-connection.com\/es\/wp-json\/wp\/v2\/types\/page"}],"author":[{"embeddable":true,"href":"https:\/\/yachtcharter-connection.com\/es\/wp-json\/wp\/v2\/users\/11"}],"replies":[{"embeddable":true,"href":"https:\/\/yachtcharter-connection.com\/es\/wp-json\/wp\/v2\/comments?post=212"}],"version-history":[{"count":1,"href":"https:\/\/yachtcharter-connection.com\/es\/wp-json\/wp\/v2\/pages\/212\/revisions"}],"predecessor-version":[{"id":13628,"href":"https:\/\/yachtcharter-connection.com\/es\/wp-json\/wp\/v2\/pages\/212\/revisions\/13628"}],"wp:attachment":[{"href":"https:\/\/yachtcharter-connection.com\/es\/wp-json\/wp\/v2\/media?parent=212"}],"curies":[{"name":"wp","href":"https:\/\/api.w.org\/{rel}","templated":true}]}}