{"id":2120,"date":"2015-08-10T05:53:50","date_gmt":"2015-08-10T05:53:50","guid":{"rendered":"http:\/\/yachtcharter-connection.com.w01e47c6.kasserver.com\/st-martin-anse-marcel-542\/"},"modified":"2017-07-14T04:26:30","modified_gmt":"2017-07-14T02:26:30","slug":"st-martin-anse-marcel-542","status":"publish","type":"page","link":"https:\/\/yachtcharter-connection.com\/es\/regiones\/caribe\/alquiler-barcos-leewards-y-windwards\/st-martin-anse-marcel-542\/","title":{"rendered":"St. Martin \/ Anse Marcel"},"content":{"rendered":"<h3>Alquiler de barcos St. Martin \/ Anse Marcel<\/h3>\n<p>\n<img loading=\"lazy\" class=\"content-image\"  width=\"300\" height=\"224\" src=\"https:\/\/yachtcharter-connection.com\/wp-content\/uploads\/converted_files\/23228\/23228-5624e1cd08e37.jpg\" alt=\"\" \/>La marina Port Lonivilliers est\u00e1 situada en la parte sur de la bah\u00eda de Anse Marcel. Se trata de una base  para numerosas empresas de Alquiler de barcos, con una infraestructura excelente y una maravillosa playa de arena. Y adem\u00e1s, los navegantes pueden usar las instalaciones del hotel de lujo  L&rsquo;Habitation de Lonivilliers: piscina, restaurante, e instalaciones deportivas. Aqu\u00ed se encontraron en cierta ocasi\u00f3n para hablar de pol\u00edtica Fran\u00e7ois Mitterand y George Bush padre. A pesar del lujo, podemos dejar el chaqu\u00e9 en casa y vestirnos c\u00f3modamente. <br \/>\n<br type=\"_moz\" \/><\/p>\n","protected":false},"excerpt":{"rendered":"<p>Alquiler de barcos St. Martin \/ Anse Marcel La marina Port Lonivilliers est\u00e1 situada en la parte sur de la bah\u00eda de Anse Marcel. Se trata de una base para numerosas empresas de Alquiler de barcos, con una infraestructura excelente y una maravillosa playa de arena. Y adem\u00e1s, los navegantes<\/p>\n","protected":false},"author":11,"featured_media":0,"parent":654,"menu_order":0,"comment_status":"open","ping_status":"open","template":"","meta":[],"aioseo_notices":[],"_links":{"self":[{"href":"https:\/\/yachtcharter-connection.com\/es\/wp-json\/wp\/v2\/pages\/2120"}],"collection":[{"href":"https:\/\/yachtcharter-connection.com\/es\/wp-json\/wp\/v2\/pages"}],"about":[{"href":"https:\/\/yachtcharter-connection.com\/es\/wp-json\/wp\/v2\/types\/page"}],"author":[{"embeddable":true,"href":"https:\/\/yachtcharter-connection.com\/es\/wp-json\/wp\/v2\/users\/11"}],"replies":[{"embeddable":true,"href":"https:\/\/yachtcharter-connection.com\/es\/wp-json\/wp\/v2\/comments?post=2120"}],"version-history":[{"count":1,"href":"https:\/\/yachtcharter-connection.com\/es\/wp-json\/wp\/v2\/pages\/2120\/revisions"}],"predecessor-version":[{"id":13960,"href":"https:\/\/yachtcharter-connection.com\/es\/wp-json\/wp\/v2\/pages\/2120\/revisions\/13960"}],"up":[{"embeddable":true,"href":"https:\/\/yachtcharter-connection.com\/es\/wp-json\/wp\/v2\/pages\/654"}],"wp:attachment":[{"href":"https:\/\/yachtcharter-connection.com\/es\/wp-json\/wp\/v2\/media?parent=2120"}],"curies":[{"name":"wp","href":"https:\/\/api.w.org\/{rel}","templated":true}]}}