{"id":2121,"date":"2012-09-12T11:07:30","date_gmt":"2012-09-12T11:07:30","guid":{"rendered":"http:\/\/yachtcharter-connection.com.w01e47c6.kasserver.com\/portoroz-797\/"},"modified":"2017-07-14T17:58:53","modified_gmt":"2017-07-14T15:58:53","slug":"portoroz-797","status":"publish","type":"page","link":"https:\/\/yachtcharter-connection.com\/es\/regiones\/mediterraneo\/alquiler-barcos-adriatico-norte\/portoroz-797\/","title":{"rendered":"Portoroz"},"content":{"rendered":"<h3>Alquiler de barcos Portoroz<\/h3>\n<p><img class=\"content-image\"  style=\"width: 300px; height: 200px;\" alt=\"Alquiler-de-barcos-Eslovenia-Portoroz.jpg\" src=\"https:\/\/yachtcharter-connection.com\/wp-content\/uploads\/converted_files\/23231\/23231-5624e1ce8f200.jpg\" \/>El destino de alquiler de barcos Portoroz (literalmente Puerto de Rosas) pertenece a la regi\u00f3n de Piran. Un lugar tur\u00edstico enmarcado en una costa rocosa y escarpada, con un playa de arena en el centro. La imagen de la ciudad la componen el puerto de yates con los hoteles y el casino, pero si preferimos los lugares hist\u00f3ricos, hay que callejear un poco. El s\u00edmbolo del lugar es la iglesia de San Clemente, que corona la pen\u00edsula como si de una fortaleza se tratara.  La  Plaza Tartini fue restaurada maravillosamente en el estilo del siglo XIX, pero en toda la ciudad podemos encontrar muestras del estilo veneciano. Y tanto en el paseo de la playa como en la zona del puerto existen numerosos restaurantes. <\/p>\n<p>Para los turistas de alquiler de barcos, tambi\u00e9n merece la pena hacer una excursi\u00f3n a las Salinas de  Secovlje, donde todav\u00eda se produce sal de manera tradicional. Es adem\u00e1s un parque natural protegido que no es s\u00f3lo el h\u00e1bitat del cangrejo salino, sino nido de cientos de especies de aves entre las que se encuentra el ave del para\u00edso. <\/p>\n<h4>Ch\u00e1rter de yates Portoroz &#8211; el puerto deportivo<\/h4>\n<p>El puerto deportivo de Portoroz se encuentra en la parte noreste de la bah\u00eda de Piran, muy cerca de la ciudad Portoroz. El gran puerto deportivo moderno ofrece todos los servicios para yates los equipos de alquiler yates en Portoroz, incluidos los servicios t\u00e9cnicos, WIFI, restaurantes y tiendas &#8211; y as\u00ed de servicio m\u00e9dico, campo de pr\u00e1cticas para los amantes del golf, ten\u00eds o el centro de fitness.<\/p>\n<p>\n<strong>Yates de ch\u00e1rter Portoroz:<\/strong> <strong>En Portoroz, hay una grande flota de ch\u00e1rter de yates de vela &#8211; preg\u00fantenos por ofertas!<\/strong><\/p>\n","protected":false},"excerpt":{"rendered":"<p>Alquiler de barcos Portoroz El destino de alquiler de barcos Portoroz (literalmente Puerto de Rosas) pertenece a la regi\u00f3n de Piran. Un lugar tur\u00edstico enmarcado en una costa rocosa y escarpada, con un playa de arena en el centro. La imagen de la ciudad la componen el puerto de yates<\/p>\n","protected":false},"author":11,"featured_media":0,"parent":662,"menu_order":0,"comment_status":"open","ping_status":"open","template":"","meta":[],"aioseo_notices":[],"_links":{"self":[{"href":"https:\/\/yachtcharter-connection.com\/es\/wp-json\/wp\/v2\/pages\/2121"}],"collection":[{"href":"https:\/\/yachtcharter-connection.com\/es\/wp-json\/wp\/v2\/pages"}],"about":[{"href":"https:\/\/yachtcharter-connection.com\/es\/wp-json\/wp\/v2\/types\/page"}],"author":[{"embeddable":true,"href":"https:\/\/yachtcharter-connection.com\/es\/wp-json\/wp\/v2\/users\/11"}],"replies":[{"embeddable":true,"href":"https:\/\/yachtcharter-connection.com\/es\/wp-json\/wp\/v2\/comments?post=2121"}],"version-history":[{"count":1,"href":"https:\/\/yachtcharter-connection.com\/es\/wp-json\/wp\/v2\/pages\/2121\/revisions"}],"predecessor-version":[{"id":14153,"href":"https:\/\/yachtcharter-connection.com\/es\/wp-json\/wp\/v2\/pages\/2121\/revisions\/14153"}],"up":[{"embeddable":true,"href":"https:\/\/yachtcharter-connection.com\/es\/wp-json\/wp\/v2\/pages\/662"}],"wp:attachment":[{"href":"https:\/\/yachtcharter-connection.com\/es\/wp-json\/wp\/v2\/media?parent=2121"}],"curies":[{"name":"wp","href":"https:\/\/api.w.org\/{rel}","templated":true}]}}