{"id":2122,"date":"2011-03-14T05:10:08","date_gmt":"2011-03-14T05:10:08","guid":{"rendered":"http:\/\/yachtcharter-connection.com.w01e47c6.kasserver.com\/kinsale-co-cork-976\/"},"modified":"2016-10-29T19:04:10","modified_gmt":"2016-10-29T17:04:10","slug":"kinsale-co-cork-976","status":"publish","type":"page","link":"https:\/\/yachtcharter-connection.com\/es\/regiones\/atlantico-europa-occidental\/alquiler-barcos-irelands-coast\/kinsale-co-cork-976\/","title":{"rendered":"Kinsale Co.Cork"},"content":{"rendered":"<h3>Alquiler de barcos Irlanda \/ Kinsale<\/h3>\n<p>\nLa ciudad medieval de Kinsale ha sido influenciada por la gente inglesa, espa\u00f1ola y normanda. Los edificios georgianos y del Victorian hermosos deben ser vistos por todas partes, las galer\u00edas, tiendas y los bares tradicionales en calles estrechas est\u00e1n esperando a visitantes. La cocina es famosa por pescados y los mariscos. <\/p>\n<p>El \u00e1rea de navagaci\u00f3n est\u00e1 bien equipada y ofrece todo que los navegantes en ch\u00e1rter esperar\u00edan. A partir de la Marina de Kinsdale Castlepark Marina Centre que est\u00e1 bien protegida ofrecemos veleros y tambi\u00e9n yates de motor.<br type=\"_moz\" \/><\/p>\n","protected":false},"excerpt":{"rendered":"<p>Alquiler de barcos Irlanda \/ Kinsale La ciudad medieval de Kinsale ha sido influenciada por la gente inglesa, espa\u00f1ola y normanda. Los edificios georgianos y del Victorian hermosos deben ser vistos por todas partes, las galer\u00edas, tiendas y los bares tradicionales en calles estrechas est\u00e1n esperando a visitantes. La cocina<\/p>\n","protected":false},"author":11,"featured_media":0,"parent":678,"menu_order":0,"comment_status":"open","ping_status":"open","template":"","meta":[],"aioseo_notices":[],"_links":{"self":[{"href":"https:\/\/yachtcharter-connection.com\/es\/wp-json\/wp\/v2\/pages\/2122"}],"collection":[{"href":"https:\/\/yachtcharter-connection.com\/es\/wp-json\/wp\/v2\/pages"}],"about":[{"href":"https:\/\/yachtcharter-connection.com\/es\/wp-json\/wp\/v2\/types\/page"}],"author":[{"embeddable":true,"href":"https:\/\/yachtcharter-connection.com\/es\/wp-json\/wp\/v2\/users\/11"}],"replies":[{"embeddable":true,"href":"https:\/\/yachtcharter-connection.com\/es\/wp-json\/wp\/v2\/comments?post=2122"}],"version-history":[{"count":1,"href":"https:\/\/yachtcharter-connection.com\/es\/wp-json\/wp\/v2\/pages\/2122\/revisions"}],"predecessor-version":[{"id":13922,"href":"https:\/\/yachtcharter-connection.com\/es\/wp-json\/wp\/v2\/pages\/2122\/revisions\/13922"}],"up":[{"embeddable":true,"href":"https:\/\/yachtcharter-connection.com\/es\/wp-json\/wp\/v2\/pages\/678"}],"wp:attachment":[{"href":"https:\/\/yachtcharter-connection.com\/es\/wp-json\/wp\/v2\/media?parent=2122"}],"curies":[{"name":"wp","href":"https:\/\/api.w.org\/{rel}","templated":true}]}}