{"id":2124,"date":"2011-11-30T18:50:54","date_gmt":"2011-11-30T18:50:54","guid":{"rendered":"http:\/\/yachtcharter-connection.com.w01e47c6.kasserver.com\/ostende-452\/"},"modified":"2016-10-29T19:08:16","modified_gmt":"2016-10-29T17:08:16","slug":"ostende-452","status":"publish","type":"page","link":"https:\/\/yachtcharter-connection.com\/es\/regiones\/mar-del-norte\/alquiler-barcos-costa-belga\/ostende-452\/","title":{"rendered":"Ostende"},"content":{"rendered":"<h3>Alquiler de barcos Ostende<\/h3>\n<p>\n<img class=\"content-image\"  src=\"https:\/\/yachtcharter-connection.com\/wp-content\/uploads\/converted_files\/23240\/23240-5624e1d029138.jpg\" alt=\"Belgium_Ostende_Yacht_Harbourpict.jpg\" style=\"width:300px; height:199px;\" \/>Ostende, situada en Flandes Occidental en la costa del Mar del Norte, es famosa por sus playas de arena, su largo paseo mar\u00edtimo y el muelle del puerto &#8211; la ciudad fue en tiempos pasados \u200b\u200bel puerto de salida o de tr\u00e1nsito de los buques de vela para el pasaje a Dover. La ciudad es considerada la reina de los balnearios de B\u00e9lgica. Para los equipos de alquiler de barcos, Ostende vale la pena visitar durante un crucero en ch\u00e1rter en la costa belga.<\/p>\n<p>A lo largo de la costa belga, hay flotas de yates a vela con base de alquiler de barcos en <a href=\"~\/Alquiler_barcos_belgica\/nieuwpoort.html\">Nieuwpoort<\/a> y <a href=\"~\/Alquiler_barcos_belgica\/zeebrugge.html\">Zeebrugge<\/a>. Para alquilar su mejor yate para sus vacaciones navegando en B\u00e9lgica, por favor p\u00f3ngase en contacto con nosotros por ofertas.<\/p>\n<p><\/p>\n","protected":false},"excerpt":{"rendered":"<p>Alquiler de barcos Ostende Ostende, situada en Flandes Occidental en la costa del Mar del Norte, es famosa por sus playas de arena, su largo paseo mar\u00edtimo y el muelle del puerto &#8211; la ciudad fue en tiempos pasados \u200b\u200bel puerto de salida o de tr\u00e1nsito de los buques de<\/p>\n","protected":false},"author":11,"featured_media":0,"parent":682,"menu_order":0,"comment_status":"open","ping_status":"open","template":"","meta":[],"aioseo_notices":[],"_links":{"self":[{"href":"https:\/\/yachtcharter-connection.com\/es\/wp-json\/wp\/v2\/pages\/2124"}],"collection":[{"href":"https:\/\/yachtcharter-connection.com\/es\/wp-json\/wp\/v2\/pages"}],"about":[{"href":"https:\/\/yachtcharter-connection.com\/es\/wp-json\/wp\/v2\/types\/page"}],"author":[{"embeddable":true,"href":"https:\/\/yachtcharter-connection.com\/es\/wp-json\/wp\/v2\/users\/11"}],"replies":[{"embeddable":true,"href":"https:\/\/yachtcharter-connection.com\/es\/wp-json\/wp\/v2\/comments?post=2124"}],"version-history":[{"count":1,"href":"https:\/\/yachtcharter-connection.com\/es\/wp-json\/wp\/v2\/pages\/2124\/revisions"}],"predecessor-version":[{"id":14102,"href":"https:\/\/yachtcharter-connection.com\/es\/wp-json\/wp\/v2\/pages\/2124\/revisions\/14102"}],"up":[{"embeddable":true,"href":"https:\/\/yachtcharter-connection.com\/es\/wp-json\/wp\/v2\/pages\/682"}],"wp:attachment":[{"href":"https:\/\/yachtcharter-connection.com\/es\/wp-json\/wp\/v2\/media?parent=2124"}],"curies":[{"name":"wp","href":"https:\/\/api.w.org\/{rel}","templated":true}]}}