{"id":2135,"date":"2014-06-28T16:13:53","date_gmt":"2014-06-28T16:13:53","guid":{"rendered":"http:\/\/yachtcharter-connection.com.w01e47c6.kasserver.com\/martinique-fort-de-france-919\/"},"modified":"2016-10-29T19:06:52","modified_gmt":"2016-10-29T17:06:52","slug":"martinique-fort-de-france-919","status":"publish","type":"page","link":"https:\/\/yachtcharter-connection.com\/es\/regiones\/caribe\/alquiler-barcos-leewards-y-windwards\/martinique-fort-de-france-919\/","title":{"rendered":"Martinique \/ Fort-de-France"},"content":{"rendered":"<h3>Alquiler de barcos Martinique \/ Fort-de-France<\/h3>\n<p>\n<img loading=\"lazy\" class=\"content-image\"  width=\"300\" height=\"200\" src=\"https:\/\/yachtcharter-connection.com\/wp-content\/uploads\/converted_files\/23273\/23273-5624e1d5d49f8.jpg\" alt=\"Martinica_Trois_Ilets\" \/>La capital,  Fort-de-France, antes llamada Fort Royal, est\u00e1 ubicada en una gran bah\u00eda rodeada de monta\u00f1as. El puerto es considerado uno de los m\u00e1s seguros del Caribe y se ha convertido en estaci\u00f3n de partida de muchos cruceros. La  Marina Pointe du Bout est\u00e1 situada al suroeste de la bah\u00eda coronada y vigilada por el Fort Louis y cuenta con todos los servicios. En el sur est\u00e1n los yates en la Marina Trois Ilets. Y hay otra, la marina L&rsquo;Etang Z&rsquo;Abricots,  un proyecto que se construir\u00e1 directamente al oeste de Fort-de-France, y que contar\u00e1 con 900 amarres. <\/p>\n<p>Aparte de Fort Louis tenemos otros tres fuertes que miran al mar. En Fort Gerbaut encontramos un monumento en honor a la emperatriz francesa Josefina, que naci\u00f3 en Martinica. La capital tiene unos 100.000 habitantes y un corte muy franc\u00e9s: con su catedral, una versi\u00f3n caribe\u00f1a del Sagrado Coraz\u00f3n, un ayuntamiento declarado monumento protegido, estrechas callejuelas, caf\u00e9s t\u00edpicos, buenos restaurantes y, por supuesto, un mercado de pescado encantador situado en el l\u00edmite del Rivi\u00e8re Madame. Merece la pena emprender un recorrido por la isla partiendo en taxi o autob\u00fas de Fort-de-France.<br \/>\n<br type=\"_moz\" \/><\/p>\n","protected":false},"excerpt":{"rendered":"<p>Alquiler de barcos Martinique \/ Fort-de-France La capital, Fort-de-France, antes llamada Fort Royal, est\u00e1 ubicada en una gran bah\u00eda rodeada de monta\u00f1as. El puerto es considerado uno de los m\u00e1s seguros del Caribe y se ha convertido en estaci\u00f3n de partida de muchos cruceros. La Marina Pointe du Bout est\u00e1<\/p>\n","protected":false},"author":11,"featured_media":0,"parent":654,"menu_order":0,"comment_status":"open","ping_status":"open","template":"","meta":[],"aioseo_notices":[],"_links":{"self":[{"href":"https:\/\/yachtcharter-connection.com\/es\/wp-json\/wp\/v2\/pages\/2135"}],"collection":[{"href":"https:\/\/yachtcharter-connection.com\/es\/wp-json\/wp\/v2\/pages"}],"about":[{"href":"https:\/\/yachtcharter-connection.com\/es\/wp-json\/wp\/v2\/types\/page"}],"author":[{"embeddable":true,"href":"https:\/\/yachtcharter-connection.com\/es\/wp-json\/wp\/v2\/users\/11"}],"replies":[{"embeddable":true,"href":"https:\/\/yachtcharter-connection.com\/es\/wp-json\/wp\/v2\/comments?post=2135"}],"version-history":[{"count":1,"href":"https:\/\/yachtcharter-connection.com\/es\/wp-json\/wp\/v2\/pages\/2135\/revisions"}],"predecessor-version":[{"id":13953,"href":"https:\/\/yachtcharter-connection.com\/es\/wp-json\/wp\/v2\/pages\/2135\/revisions\/13953"}],"up":[{"embeddable":true,"href":"https:\/\/yachtcharter-connection.com\/es\/wp-json\/wp\/v2\/pages\/654"}],"wp:attachment":[{"href":"https:\/\/yachtcharter-connection.com\/es\/wp-json\/wp\/v2\/media?parent=2135"}],"curies":[{"name":"wp","href":"https:\/\/api.w.org\/{rel}","templated":true}]}}