{"id":2144,"date":"2015-08-10T05:53:51","date_gmt":"2015-08-10T05:53:51","guid":{"rendered":"http:\/\/yachtcharter-connection.com.w01e47c6.kasserver.com\/saint-vincent-293\/"},"modified":"2017-07-14T04:15:55","modified_gmt":"2017-07-14T02:15:55","slug":"saint-vincent-293","status":"publish","type":"page","link":"https:\/\/yachtcharter-connection.com\/es\/regiones\/caribe\/alquiler-barcos-leewards-y-windwards\/saint-vincent-293\/","title":{"rendered":"Saint Vincent"},"content":{"rendered":"<h3>Alquiler de barcos Saint Vincent &#8211; San Vicente<\/h3>\n<p>\nCon el turismo en San Vicente se ha desarrollado tambi\u00e9n la n\u00e1utica. Y con mucho \u00e9xito. Ya en dos ocasiones San Vicente y Las Granadinas ha sido elegido por la revista Carribean World (2005 y 2006) como la  &ldquo;Best Sailing &#038; Yachting Island of the Year&ldquo;. Antes hab\u00eda pocos puertos para formalizar la entrada y apenas se encontraban bases ch\u00e1rter en la zona. Pero ahora ya hay bases de Alquiler de barcos en San Vicente, en  Union Island y en  Canouan. Kingstown, Walliabou, Chateaubelair, San Vicente, Port Elizabeth en Bequia, Mustique, Canouan y  Union Island son puertos de entrada. Y las Granadinas son adem\u00e1s el para\u00edso de los &ldquo;boat boys&rdquo;, que llevan verduras, frutas, y pescado a bordo; lo cual puede resultar muy c\u00f3modo o muy molesto. Estos chicos nos ofrecen tambi\u00e9n su ayuda  para echar las amarras y para vigilar los dinghys. Hay que tener en cuenta que para muchos \u00e9sta es su \u00fanica fuente de ingresos. <\/p>\n<p><br type=\"_moz\" \/><\/p>\n","protected":false},"excerpt":{"rendered":"<p>Alquiler de barcos Saint Vincent &#8211; San Vicente Con el turismo en San Vicente se ha desarrollado tambi\u00e9n la n\u00e1utica. Y con mucho \u00e9xito. Ya en dos ocasiones San Vicente y Las Granadinas ha sido elegido por la revista Carribean World (2005 y 2006) como la &ldquo;Best Sailing &#038; Yachting<\/p>\n","protected":false},"author":11,"featured_media":0,"parent":654,"menu_order":0,"comment_status":"open","ping_status":"open","template":"","meta":[],"aioseo_notices":[],"_links":{"self":[{"href":"https:\/\/yachtcharter-connection.com\/es\/wp-json\/wp\/v2\/pages\/2144"}],"collection":[{"href":"https:\/\/yachtcharter-connection.com\/es\/wp-json\/wp\/v2\/pages"}],"about":[{"href":"https:\/\/yachtcharter-connection.com\/es\/wp-json\/wp\/v2\/types\/page"}],"author":[{"embeddable":true,"href":"https:\/\/yachtcharter-connection.com\/es\/wp-json\/wp\/v2\/users\/11"}],"replies":[{"embeddable":true,"href":"https:\/\/yachtcharter-connection.com\/es\/wp-json\/wp\/v2\/comments?post=2144"}],"version-history":[{"count":1,"href":"https:\/\/yachtcharter-connection.com\/es\/wp-json\/wp\/v2\/pages\/2144\/revisions"}],"predecessor-version":[{"id":13958,"href":"https:\/\/yachtcharter-connection.com\/es\/wp-json\/wp\/v2\/pages\/2144\/revisions\/13958"}],"up":[{"embeddable":true,"href":"https:\/\/yachtcharter-connection.com\/es\/wp-json\/wp\/v2\/pages\/654"}],"wp:attachment":[{"href":"https:\/\/yachtcharter-connection.com\/es\/wp-json\/wp\/v2\/media?parent=2144"}],"curies":[{"name":"wp","href":"https:\/\/api.w.org\/{rel}","templated":true}]}}