{"id":2148,"date":"2015-08-10T05:53:52","date_gmt":"2015-08-10T05:53:52","guid":{"rendered":"http:\/\/yachtcharter-connection.com.w01e47c6.kasserver.com\/montenegro-kotor-177\/"},"modified":"2016-10-29T19:08:29","modified_gmt":"2016-10-29T17:08:29","slug":"montenegro-kotor-177","status":"publish","type":"page","link":"https:\/\/yachtcharter-connection.com\/es\/regiones\/mediterraneo\/alquiler-barcos-adriatico-del-sud\/montenegro-kotor-177\/","title":{"rendered":"Montenegro \/ Kotor"},"content":{"rendered":"<h3>Alquiler de barcos Kotor<\/h3>\n<p>\nKotor ha sido declarada Patrimonio de la Humanidad por la UNESCO y tambi\u00e9n su bah\u00eda est\u00e1 en la lista de maravillas que protege la organizaci\u00f3n. El encanto medieval de esta ciudad comercial del Mediterr\u00e1neo se encuentra todav\u00eda intacto. El palacio del siglo XVII, el teatro de Napole\u00f3n, del XIX, iglesias de los siglos XII y XIII nos invitan a pasear por el entramado de callejuelas medievales que conforman el casco hist\u00f3rico. <\/p>\n","protected":false},"excerpt":{"rendered":"<p>Alquiler de barcos Kotor Kotor ha sido declarada Patrimonio de la Humanidad por la UNESCO y tambi\u00e9n su bah\u00eda est\u00e1 en la lista de maravillas que protege la organizaci\u00f3n. El encanto medieval de esta ciudad comercial del Mediterr\u00e1neo se encuentra todav\u00eda intacto. El palacio del siglo XVII, el teatro de<\/p>\n","protected":false},"author":11,"featured_media":0,"parent":649,"menu_order":0,"comment_status":"open","ping_status":"open","template":"","meta":[],"aioseo_notices":[],"_links":{"self":[{"href":"https:\/\/yachtcharter-connection.com\/es\/wp-json\/wp\/v2\/pages\/2148"}],"collection":[{"href":"https:\/\/yachtcharter-connection.com\/es\/wp-json\/wp\/v2\/pages"}],"about":[{"href":"https:\/\/yachtcharter-connection.com\/es\/wp-json\/wp\/v2\/types\/page"}],"author":[{"embeddable":true,"href":"https:\/\/yachtcharter-connection.com\/es\/wp-json\/wp\/v2\/users\/11"}],"replies":[{"embeddable":true,"href":"https:\/\/yachtcharter-connection.com\/es\/wp-json\/wp\/v2\/comments?post=2148"}],"version-history":[{"count":1,"href":"https:\/\/yachtcharter-connection.com\/es\/wp-json\/wp\/v2\/pages\/2148\/revisions"}],"predecessor-version":[{"id":14123,"href":"https:\/\/yachtcharter-connection.com\/es\/wp-json\/wp\/v2\/pages\/2148\/revisions\/14123"}],"up":[{"embeddable":true,"href":"https:\/\/yachtcharter-connection.com\/es\/wp-json\/wp\/v2\/pages\/649"}],"wp:attachment":[{"href":"https:\/\/yachtcharter-connection.com\/es\/wp-json\/wp\/v2\/media?parent=2148"}],"curies":[{"name":"wp","href":"https:\/\/api.w.org\/{rel}","templated":true}]}}