{"id":215,"date":"2015-05-29T20:29:20","date_gmt":"2015-05-29T20:29:20","guid":{"rendered":"http:\/\/yachtcharter-connection.com.w01e47c6.kasserver.com\/yates-de-lujo-buscador\/"},"modified":"2023-09-19T10:34:06","modified_gmt":"2023-09-19T08:34:06","slug":"yates-de-lujo-buscador","status":"publish","type":"page","link":"https:\/\/yachtcharter-connection.com\/es\/yates-de-lujo-buscador\/","title":{"rendered":"Yates de Lujo &#8211; Buscador"},"content":{"rendered":"<p>&nbsp;<\/p>\n<h2>Buscador Yates de lujo &#8211; Luxury Yacht Search<\/h2>\n<p>qu\u00ed puede buscar el yate de sus sue\u00f1os para sus vacaciones, yates de lujo y superyates: veleros, yates de motor, catamaranes y motoveleros en el Mediterr\u00e1neo, el Caribe y otras zonas costeras hermosas de todo el mundo. O simplemente nos dicen sus deseos &#8211; estamos encantados de enviarle ofertas y aconsejarle en la elecci\u00f3n del yate perfecto y la planificaci\u00f3n de su itinerario.<\/p>\n<p><iframe loading=\"lazy\" id=\"quickSearch\" style=\"overflow: hidden; height: 750px;\" src=\"https:\/\/www.booking-manager.com\/wbm2\/page.html?companyid=662&amp;target=result&amp;setlang=de&amp;filter_service_type=Crewed\" width=\"100%\" height=\"300\" frameborder=\"0\" scrolling=\"auto\"><\/iframe><\/p>\n","protected":false},"excerpt":{"rendered":"<p>&nbsp; Buscador Yates de lujo &#8211; Luxury Yacht Search qu\u00ed puede buscar el yate de sus sue\u00f1os para sus vacaciones, yates de lujo y superyates: veleros, yates de motor, catamaranes y motoveleros en el Mediterr\u00e1neo, el Caribe y otras zonas costeras hermosas de todo el mundo. O simplemente nos dicen<\/p>\n","protected":false},"author":11,"featured_media":0,"parent":0,"menu_order":0,"comment_status":"open","ping_status":"open","template":"","meta":[],"aioseo_notices":[],"_links":{"self":[{"href":"https:\/\/yachtcharter-connection.com\/es\/wp-json\/wp\/v2\/pages\/215"}],"collection":[{"href":"https:\/\/yachtcharter-connection.com\/es\/wp-json\/wp\/v2\/pages"}],"about":[{"href":"https:\/\/yachtcharter-connection.com\/es\/wp-json\/wp\/v2\/types\/page"}],"author":[{"embeddable":true,"href":"https:\/\/yachtcharter-connection.com\/es\/wp-json\/wp\/v2\/users\/11"}],"replies":[{"embeddable":true,"href":"https:\/\/yachtcharter-connection.com\/es\/wp-json\/wp\/v2\/comments?post=215"}],"version-history":[{"count":11,"href":"https:\/\/yachtcharter-connection.com\/es\/wp-json\/wp\/v2\/pages\/215\/revisions"}],"predecessor-version":[{"id":30506,"href":"https:\/\/yachtcharter-connection.com\/es\/wp-json\/wp\/v2\/pages\/215\/revisions\/30506"}],"wp:attachment":[{"href":"https:\/\/yachtcharter-connection.com\/es\/wp-json\/wp\/v2\/media?parent=215"}],"curies":[{"name":"wp","href":"https:\/\/api.w.org\/{rel}","templated":true}]}}