{"id":2152,"date":"2015-08-10T05:53:52","date_gmt":"2015-08-10T05:53:52","guid":{"rendered":"http:\/\/yachtcharter-connection.com.w01e47c6.kasserver.com\/great-abaco-marsh-harbour-931\/"},"modified":"2016-10-29T19:07:04","modified_gmt":"2016-10-29T17:07:04","slug":"great-abaco-marsh-harbour-931","status":"publish","type":"page","link":"https:\/\/yachtcharter-connection.com\/es\/regiones\/eeuu-sudeste-florida-bahamas\/alquiler-barcos-bahamas-archipel\/great-abaco-marsh-harbour-931\/","title":{"rendered":"Great Abaco \/ Marsh Harbour"},"content":{"rendered":"<h3>Alquiler de barcos Great Abaco \/ Marsh Harbour<\/h3>\n<p>\n<img loading=\"lazy\" class=\"content-image\"  width=\"300\" height=\"400\" alt=\"Bahamas_puerto_deportivo\" src=\"https:\/\/yachtcharter-connection.com\/wp-content\/uploads\/converted_files\/23327\/23327-5624e1da3cb50.jpg\" \/>Marsh Harbour, puerto de partida para los equipos de ch\u00e1rter de yates Bahamas, es la tercera ciudad m\u00e1s grande de las Bahamas, un lugar importante por sus astilleros, y centro tur\u00edstico de \u00c1baco. Un medio de transporte importante en el lugar son los taxis acu\u00e1ticos, que comunican una ciudad, construida en una pen\u00ednsula, con cayos como Man-o-War Cay o Elbow Cay. Es un sitio muy adecuado para reponer provisiones. Incluso en la zona de alrededor de la marina se encuentran innumerables tiendas Duty Free. Y adem\u00e1s cuenta con galer\u00edas de arte y numerosos bares, caf\u00e9s y restaurantes. <\/p>\n<p>Los eqipos de alquiler de barcos \u00c1baco &#8211; Marsh Harbour llegan a la base de charter de yates Bahamas en la Harbourview Harbourview desde el aeropuerto con un corto trayecto en taxi. La Harbourview Marina ofrece todos los servicios de alquiler de yates \u00c1bacos, tambi\u00e9n una piscina.<\/p>\n<h4>Yates de charter Gran \u00c1baco &#8211; Marsh Harbour: para charter de yates en los Abaos, ha una   flota de veleros, catamaranes a vela y catamaranes a motor disponibles en Marsh Harbour.<\/h4>\n<p><\/p>\n","protected":false},"excerpt":{"rendered":"<p>Alquiler de barcos Great Abaco \/ Marsh Harbour Marsh Harbour, puerto de partida para los equipos de ch\u00e1rter de yates Bahamas, es la tercera ciudad m\u00e1s grande de las Bahamas, un lugar importante por sus astilleros, y centro tur\u00edstico de \u00c1baco. Un medio de transporte importante en el lugar son<\/p>\n","protected":false},"author":11,"featured_media":0,"parent":722,"menu_order":0,"comment_status":"open","ping_status":"open","template":"","meta":[],"aioseo_notices":[],"_links":{"self":[{"href":"https:\/\/yachtcharter-connection.com\/es\/wp-json\/wp\/v2\/pages\/2152"}],"collection":[{"href":"https:\/\/yachtcharter-connection.com\/es\/wp-json\/wp\/v2\/pages"}],"about":[{"href":"https:\/\/yachtcharter-connection.com\/es\/wp-json\/wp\/v2\/types\/page"}],"author":[{"embeddable":true,"href":"https:\/\/yachtcharter-connection.com\/es\/wp-json\/wp\/v2\/users\/11"}],"replies":[{"embeddable":true,"href":"https:\/\/yachtcharter-connection.com\/es\/wp-json\/wp\/v2\/comments?post=2152"}],"version-history":[{"count":1,"href":"https:\/\/yachtcharter-connection.com\/es\/wp-json\/wp\/v2\/pages\/2152\/revisions"}],"predecessor-version":[{"id":13977,"href":"https:\/\/yachtcharter-connection.com\/es\/wp-json\/wp\/v2\/pages\/2152\/revisions\/13977"}],"up":[{"embeddable":true,"href":"https:\/\/yachtcharter-connection.com\/es\/wp-json\/wp\/v2\/pages\/722"}],"wp:attachment":[{"href":"https:\/\/yachtcharter-connection.com\/es\/wp-json\/wp\/v2\/media?parent=2152"}],"curies":[{"name":"wp","href":"https:\/\/api.w.org\/{rel}","templated":true}]}}