{"id":2159,"date":"2014-06-29T01:10:47","date_gmt":"2014-06-29T01:10:47","guid":{"rendered":"http:\/\/yachtcharter-connection.com.w01e47c6.kasserver.com\/azores-isla-del-pico\/"},"modified":"2017-07-12T23:01:09","modified_gmt":"2017-07-12T21:01:09","slug":"azores-isla-del-pico","status":"publish","type":"page","link":"https:\/\/yachtcharter-connection.com\/es\/regiones\/atlantico-africa-occidental\/alquiler-barcos-canarias\/azores-isla-del-pico\/","title":{"rendered":"Azores \/ Isla del Pico"},"content":{"rendered":"<h3>Alquiler de barcos Azores: Pico &#8211; Marina Lajes de Pico<\/h3>\n<p>\nPico, la isla al lado de Faial, se llama tambi\u00e9n  &quot;la isla Negra&quot; ( Ilha Negra ) or los m\u00e1s de 100 volcanes y la lava . Es conocida como la isla de los balleneros &#8211; y por el vino , que se cultiva all\u00ed. La ciudad principa, Madalena, est\u00e1 conectada por ferry a Horta. En Pico , hay varios puertos peque\u00f1os &#8211; en el sur, en el pintoresco pueblo de Lajes , la Marina de Lajes do Pico hay una peque\u00f1a base de ch\u00e1rter para los turistas de alquiler de barcos. Lajes es el asentamiento m\u00e1s antiguo de la isla &#8211; y el paisaje es tan pintoresco que es uno de los patrimonios de la Humanidad de la Unesco.<\/p>\n","protected":false},"excerpt":{"rendered":"<p>Alquiler de barcos Azores: Pico &#8211; Marina Lajes de Pico Pico, la isla al lado de Faial, se llama tambi\u00e9n &quot;la isla Negra&quot; ( Ilha Negra ) or los m\u00e1s de 100 volcanes y la lava . Es conocida como la isla de los balleneros &#8211; y por el vino<\/p>\n","protected":false},"author":11,"featured_media":0,"parent":651,"menu_order":0,"comment_status":"open","ping_status":"open","template":"","meta":[],"aioseo_notices":[],"_links":{"self":[{"href":"https:\/\/yachtcharter-connection.com\/es\/wp-json\/wp\/v2\/pages\/2159"}],"collection":[{"href":"https:\/\/yachtcharter-connection.com\/es\/wp-json\/wp\/v2\/pages"}],"about":[{"href":"https:\/\/yachtcharter-connection.com\/es\/wp-json\/wp\/v2\/types\/page"}],"author":[{"embeddable":true,"href":"https:\/\/yachtcharter-connection.com\/es\/wp-json\/wp\/v2\/users\/11"}],"replies":[{"embeddable":true,"href":"https:\/\/yachtcharter-connection.com\/es\/wp-json\/wp\/v2\/comments?post=2159"}],"version-history":[{"count":1,"href":"https:\/\/yachtcharter-connection.com\/es\/wp-json\/wp\/v2\/pages\/2159\/revisions"}],"predecessor-version":[{"id":13845,"href":"https:\/\/yachtcharter-connection.com\/es\/wp-json\/wp\/v2\/pages\/2159\/revisions\/13845"}],"up":[{"embeddable":true,"href":"https:\/\/yachtcharter-connection.com\/es\/wp-json\/wp\/v2\/pages\/651"}],"wp:attachment":[{"href":"https:\/\/yachtcharter-connection.com\/es\/wp-json\/wp\/v2\/media?parent=2159"}],"curies":[{"name":"wp","href":"https:\/\/api.w.org\/{rel}","templated":true}]}}