{"id":216,"date":"2014-07-12T16:11:07","date_gmt":"2014-07-12T16:11:07","guid":{"rendered":"http:\/\/yachtcharter-connection.com.w01e47c6.kasserver.com\/yates-de-lujo-de-un-vistazo\/"},"modified":"2023-09-19T10:36:11","modified_gmt":"2023-09-19T08:36:11","slug":"yates-de-lujo-de-un-vistazo","status":"publish","type":"page","link":"https:\/\/yachtcharter-connection.com\/es\/yates-de-lujo-de-un-vistazo\/","title":{"rendered":"Yates de Lujo de un vistazo"},"content":{"rendered":"<p>&nbsp;<\/p>\n<h2>Featured Luxury Yachts for Charter<\/h2>\n<p><strong>Aqu\u00ed se encuentra una grande selecci\u00f3n de yates de lujo &#8211; yates de motor muy elegantes y veleros nobles &#8211; en todas regiones de ch\u00e1rter. Eche un vistazo a estos yates hermosos. Haga clic en las fotos &#8211; as\u00ed se veden las descripciones detalladas. Se puede tambi\u00e9n encontrar su yate de lujo en el <a href=\"https:\/\/yachtcharter-connection.com\/wp-content\/uploads\/converted_files\/32645\/32645-561d10b2448b1.jpg\">buscador para Yates de Lujo. <\/a>Preguntenos por disponibildad y ofertas &#8211; para que sus vacaciones de sue\u00f1os ser\u00e1n realidad! <\/strong><\/p>\n","protected":false},"excerpt":{"rendered":"<p>&nbsp; Featured Luxury Yachts for Charter Aqu\u00ed se encuentra una grande selecci\u00f3n de yates de lujo &#8211; yates de motor muy elegantes y veleros nobles &#8211; en todas regiones de ch\u00e1rter. Eche un vistazo a estos yates hermosos. Haga clic en las fotos &#8211; as\u00ed se veden las descripciones detalladas.<\/p>\n","protected":false},"author":11,"featured_media":0,"parent":0,"menu_order":0,"comment_status":"open","ping_status":"open","template":"","meta":[],"aioseo_notices":[],"_links":{"self":[{"href":"https:\/\/yachtcharter-connection.com\/es\/wp-json\/wp\/v2\/pages\/216"}],"collection":[{"href":"https:\/\/yachtcharter-connection.com\/es\/wp-json\/wp\/v2\/pages"}],"about":[{"href":"https:\/\/yachtcharter-connection.com\/es\/wp-json\/wp\/v2\/types\/page"}],"author":[{"embeddable":true,"href":"https:\/\/yachtcharter-connection.com\/es\/wp-json\/wp\/v2\/users\/11"}],"replies":[{"embeddable":true,"href":"https:\/\/yachtcharter-connection.com\/es\/wp-json\/wp\/v2\/comments?post=216"}],"version-history":[{"count":4,"href":"https:\/\/yachtcharter-connection.com\/es\/wp-json\/wp\/v2\/pages\/216\/revisions"}],"predecessor-version":[{"id":30508,"href":"https:\/\/yachtcharter-connection.com\/es\/wp-json\/wp\/v2\/pages\/216\/revisions\/30508"}],"wp:attachment":[{"href":"https:\/\/yachtcharter-connection.com\/es\/wp-json\/wp\/v2\/media?parent=216"}],"curies":[{"name":"wp","href":"https:\/\/api.w.org\/{rel}","templated":true}]}}