{"id":2160,"date":"2014-06-28T16:51:39","date_gmt":"2014-06-28T16:51:39","guid":{"rendered":"http:\/\/yachtcharter-connection.com.w01e47c6.kasserver.com\/vancouver-island-sidney-480\/"},"modified":"2016-10-29T19:07:02","modified_gmt":"2016-10-29T17:07:02","slug":"vancouver-island-sidney-480","status":"publish","type":"page","link":"https:\/\/yachtcharter-connection.com\/es\/regiones\/eeuu-noroeste-canada\/alquiler-barcos-british-columbia\/vancouver-island-sidney-480\/","title":{"rendered":"Vancouver Island \/ Sidney"},"content":{"rendered":"<h3>Alquiler de barcos Vancouver Island &#8211; Port Sidney<\/h3>\n<p><img loading=\"lazy\" class=\"content-image\"  height=\"201\" width=\"300\" src=\"https:\/\/yachtcharter-connection.com\/wp-content\/uploads\/converted_files\/25412\/25412-5624e1deadc0c.jpg\" alt=\"\" \/>El puerto deportivo Port Sidney, 48&deg; 39 N 123&deg; 24 W, est\u00e1 situada muy cerca de la peque\u00f1a ciudad Sidney by-the-Seade en el sur de la isla Vancouver Island, se camina en s\u00f3lo algunos minutos. Del aeropuerto internacional de Victoria o del puerto para las ferrys de Vancouver se llega al puerto deportivo en diez minutos. La base de Alquiler de barcos es la entrada para explorar las Gulf Islands. <\/p>\n<p>La peque\u00f1a ciudad encantadora ofrece mucho:  galer\u00edas de arte, tiendas, una barra de la prueba de vino sobre la Church &#038; Wine winery &#8211; y la buena cocina famosa canadiense en muchos restaurantes y caf\u00e9s. Los parques Oceanfront tambi\u00e9n invitan para una visita. Las destinaciones interesantes para las excursiones son la ciudad de Victoria, los jardines famosos de Butchart y el Panorama Recreation Centre. Por supuesto se ofrecen cruceros de pesca y de &laquo; whalewatching &raquo; de aqu\u00ed. <\/p>\n<p>Un buen comienzo para su viaje en ch\u00e1rter: Las playas arenosas de Sidney Island y de Sidney Spit est\u00e1n muy cerca.<\/p>\n","protected":false},"excerpt":{"rendered":"<p>Alquiler de barcos Vancouver Island &#8211; Port Sidney El puerto deportivo Port Sidney, 48&deg; 39 N 123&deg; 24 W, est\u00e1 situada muy cerca de la peque\u00f1a ciudad Sidney by-the-Seade en el sur de la isla Vancouver Island, se camina en s\u00f3lo algunos minutos. Del aeropuerto internacional de Victoria o del<\/p>\n","protected":false},"author":11,"featured_media":0,"parent":721,"menu_order":0,"comment_status":"open","ping_status":"open","template":"","meta":[],"aioseo_notices":[],"_links":{"self":[{"href":"https:\/\/yachtcharter-connection.com\/es\/wp-json\/wp\/v2\/pages\/2160"}],"collection":[{"href":"https:\/\/yachtcharter-connection.com\/es\/wp-json\/wp\/v2\/pages"}],"about":[{"href":"https:\/\/yachtcharter-connection.com\/es\/wp-json\/wp\/v2\/types\/page"}],"author":[{"embeddable":true,"href":"https:\/\/yachtcharter-connection.com\/es\/wp-json\/wp\/v2\/users\/11"}],"replies":[{"embeddable":true,"href":"https:\/\/yachtcharter-connection.com\/es\/wp-json\/wp\/v2\/comments?post=2160"}],"version-history":[{"count":1,"href":"https:\/\/yachtcharter-connection.com\/es\/wp-json\/wp\/v2\/pages\/2160\/revisions"}],"predecessor-version":[{"id":13974,"href":"https:\/\/yachtcharter-connection.com\/es\/wp-json\/wp\/v2\/pages\/2160\/revisions\/13974"}],"up":[{"embeddable":true,"href":"https:\/\/yachtcharter-connection.com\/es\/wp-json\/wp\/v2\/pages\/721"}],"wp:attachment":[{"href":"https:\/\/yachtcharter-connection.com\/es\/wp-json\/wp\/v2\/media?parent=2160"}],"curies":[{"name":"wp","href":"https:\/\/api.w.org\/{rel}","templated":true}]}}