{"id":2163,"date":"2015-01-13T05:36:33","date_gmt":"2015-01-13T05:36:33","guid":{"rendered":"http:\/\/yachtcharter-connection.com.w01e47c6.kasserver.com\/athens-city-no-port-119\/"},"modified":"2017-07-15T14:42:04","modified_gmt":"2017-07-15T12:42:04","slug":"athens-city-no-port-119","status":"publish","type":"page","link":"https:\/\/yachtcharter-connection.com\/es\/regiones\/mediterraneo\/alquiler-barcos-egeo-cicladas\/athens-city-no-port-119\/","title":{"rendered":"Athens (City, no port)"},"content":{"rendered":"<h3>Alquiler de barcos Atenas<\/h3>\n<p>\n<img loading=\"lazy\" class=\"content-image\"  width=\"300\" height=\"193\" src=\"https:\/\/yachtcharter-connection.com\/wp-content\/uploads\/converted_files\/25763\/25763-5624e1e2ea779.jpg\" alt=\"Grecia-Atenas\" \/>Las bases de Alquiler de barcos en y cerca de Atenas &#8211; principalmente <a href=\"~\/Alquiler_barcos_grecia\/kalamaki_athen.html\" target=\"_blank\">Kalamaki<\/a>, <a href=\"~\/Alquiler_barcos_grecia\/lavrion.html\" target=\"_blank\">Lavrion<\/a> y <a href=\"~\/Alquiler_barcos_grecia\/pireus.html\" target=\"_blank\">El Pireo<\/a> &#8211; son el punto de partida perfecto para navegar en el golfo Sar\u00f3nico y las islas C\u00edcladas. La ciudad en s\u00ed atrae con numerosas atracciones, la evidencia de varios milenios de la vida griega y del mundo moderno vibrante. Antes o despu\u00e9s del viaje absolutamente vale la pena hacer una visita a la Acr\u00f3polis, al Parten\u00f3n, a La \u00c1gora, con los templos de Atenea y Hefesto, al templo m\u00e1s grande del continente griego llamado Olympeion &#8211; o tomar el funicular hasta el monte de Lycavittos, situado en la ciudad: Desde aqu\u00ed se tiene una vista maravillosa de la ciudad. <\/p>\n<p>La Atenas moderna es igualmente muy interesante: como el mercado de la carne y del pescado, la plaza Syntagma, la plaza Omonia y la Plaka, el barrio m\u00e1s antiguo al pie de la Acr\u00f3polis, con sus numerosos restaurantes, tabernas y tiendas en muchos peque\u00f1os callejones.<\/p>\n","protected":false},"excerpt":{"rendered":"<p>Alquiler de barcos Atenas Las bases de Alquiler de barcos en y cerca de Atenas &#8211; principalmente Kalamaki, Lavrion y El Pireo &#8211; son el punto de partida perfecto para navegar en el golfo Sar\u00f3nico y las islas C\u00edcladas. La ciudad en s\u00ed atrae con numerosas atracciones, la evidencia de<\/p>\n","protected":false},"author":11,"featured_media":0,"parent":646,"menu_order":0,"comment_status":"open","ping_status":"open","template":"","meta":[],"aioseo_notices":[],"_links":{"self":[{"href":"https:\/\/yachtcharter-connection.com\/es\/wp-json\/wp\/v2\/pages\/2163"}],"collection":[{"href":"https:\/\/yachtcharter-connection.com\/es\/wp-json\/wp\/v2\/pages"}],"about":[{"href":"https:\/\/yachtcharter-connection.com\/es\/wp-json\/wp\/v2\/types\/page"}],"author":[{"embeddable":true,"href":"https:\/\/yachtcharter-connection.com\/es\/wp-json\/wp\/v2\/users\/11"}],"replies":[{"embeddable":true,"href":"https:\/\/yachtcharter-connection.com\/es\/wp-json\/wp\/v2\/comments?post=2163"}],"version-history":[{"count":1,"href":"https:\/\/yachtcharter-connection.com\/es\/wp-json\/wp\/v2\/pages\/2163\/revisions"}],"predecessor-version":[{"id":14283,"href":"https:\/\/yachtcharter-connection.com\/es\/wp-json\/wp\/v2\/pages\/2163\/revisions\/14283"}],"up":[{"embeddable":true,"href":"https:\/\/yachtcharter-connection.com\/es\/wp-json\/wp\/v2\/pages\/646"}],"wp:attachment":[{"href":"https:\/\/yachtcharter-connection.com\/es\/wp-json\/wp\/v2\/media?parent=2163"}],"curies":[{"name":"wp","href":"https:\/\/api.w.org\/{rel}","templated":true}]}}