{"id":2168,"date":"2015-01-30T06:06:09","date_gmt":"2015-01-30T06:06:09","guid":{"rendered":"http:\/\/yachtcharter-connection.com.w01e47c6.kasserver.com\/st-lucia-146\/"},"modified":"2017-07-14T04:20:38","modified_gmt":"2017-07-14T02:20:38","slug":"st-lucia-146","status":"publish","type":"page","link":"https:\/\/yachtcharter-connection.com\/es\/regiones\/caribe\/alquiler-barcos-leewards-y-windwards\/st-lucia-146\/","title":{"rendered":"St. Lucia"},"content":{"rendered":"<h3>Alquiler de barcos Santa Lucia &#8211; Rodney Bay Marina<\/h3>\n<p>\n<img loading=\"lazy\" class=\"content-image\"  width=\"300\" height=\"225\" src=\"https:\/\/yachtcharter-connection.com\/wp-content\/uploads\/converted_files\/27355\/27355-5624e1eeaaeac.jpg\" alt=\"\" \/>La Rodney Bay Marina se encuentra al abrigo de una laguna artificial y existe un paso a trav\u00e9s del cual se une a la bah\u00eda de Rodney, llamada tambi\u00e9n Gros Islets Bay. Aqu\u00ed est\u00e1 concentrado todo lo que puede necesitar un navegante: tiendas, aduana, bancos, equipamiento n\u00e1utico, astilleros&hellip; y por supuesto muchos bares y restaurantes. En la bah\u00eda encontramos una serie de lugares magn\u00edficos para fondear: al suroeste de la entrada ante una larga playa bordeada por palmeras, o delante de  Fort Rodney en la  Pigeon Island, situada en el norte de la bah\u00eda. La Pigeon Island se une al continente desde  1970 a trav\u00e9s de un dique que fue construido con los cascajos y la arena que salieron al excavar la laguna. La pen\u00ednsula ha llegado a convertirse en un parque natural y se puede dar un bonito paseo y conocer el parque y el fuerte. Las bebidas las sirven en el Captain&rsquo;s Cellar.<\/p>\n<p>Si quiere alquilar un yate directamente en St. Lucia, por favor no dude en contactarnos &#8211; ofrecemos yates en algunas bases de ch\u00e1rter en Rodney Bay y Marigot.<\/p>\n","protected":false},"excerpt":{"rendered":"<p>Alquiler de barcos Santa Lucia &#8211; Rodney Bay Marina La Rodney Bay Marina se encuentra al abrigo de una laguna artificial y existe un paso a trav\u00e9s del cual se une a la bah\u00eda de Rodney, llamada tambi\u00e9n Gros Islets Bay. Aqu\u00ed est\u00e1 concentrado todo lo que puede necesitar un<\/p>\n","protected":false},"author":11,"featured_media":0,"parent":654,"menu_order":0,"comment_status":"open","ping_status":"open","template":"","meta":[],"aioseo_notices":[],"_links":{"self":[{"href":"https:\/\/yachtcharter-connection.com\/es\/wp-json\/wp\/v2\/pages\/2168"}],"collection":[{"href":"https:\/\/yachtcharter-connection.com\/es\/wp-json\/wp\/v2\/pages"}],"about":[{"href":"https:\/\/yachtcharter-connection.com\/es\/wp-json\/wp\/v2\/types\/page"}],"author":[{"embeddable":true,"href":"https:\/\/yachtcharter-connection.com\/es\/wp-json\/wp\/v2\/users\/11"}],"replies":[{"embeddable":true,"href":"https:\/\/yachtcharter-connection.com\/es\/wp-json\/wp\/v2\/comments?post=2168"}],"version-history":[{"count":2,"href":"https:\/\/yachtcharter-connection.com\/es\/wp-json\/wp\/v2\/pages\/2168\/revisions"}],"predecessor-version":[{"id":24268,"href":"https:\/\/yachtcharter-connection.com\/es\/wp-json\/wp\/v2\/pages\/2168\/revisions\/24268"}],"up":[{"embeddable":true,"href":"https:\/\/yachtcharter-connection.com\/es\/wp-json\/wp\/v2\/pages\/654"}],"wp:attachment":[{"href":"https:\/\/yachtcharter-connection.com\/es\/wp-json\/wp\/v2\/media?parent=2168"}],"curies":[{"name":"wp","href":"https:\/\/api.w.org\/{rel}","templated":true}]}}