{"id":217,"date":"2014-07-12T16:13:09","date_gmt":"2014-07-12T16:13:09","guid":{"rendered":"http:\/\/yachtcharter-connection.com.w01e47c6.kasserver.com\/baleares\/"},"modified":"2023-09-19T10:38:18","modified_gmt":"2023-09-19T08:38:18","slug":"yates-de-lujo-mallorca-ibiza-baleares","status":"publish","type":"page","link":"https:\/\/yachtcharter-connection.com\/es\/yates-de-lujo-mallorca-ibiza-baleares\/","title":{"rendered":"Yates de Lujo Mallorca &#038; Ibiza \/ Baleares"},"content":{"rendered":"<h2><strong>Alquiler de Yates de Lujo Mallorca &amp; Ibiza \/ Islas Baleares<br \/>\n<\/strong><\/h2>\n<p>Las Islas Baleares con Mallorca y Ibiza con Formentera son una zona maravillosa y muy popular para cruceros con yates de lujo. Debido a la situaci\u00f3n legal en Espa\u00f1a, los yates necesitan un permiso especial para ch\u00e1rter. Por esta raz\u00f3n, en comparaci\u00f3n por ejemplo a Francia, Italia o el Mediterr\u00e1neo Oriental, s\u00f3lo existe un cierto n\u00famero limitado de yates de lujo con tripulaci\u00f3n para el ch\u00e1rter que tienen la licencia necesaria para las Islas Baleares. La mayor\u00eda de ellos se basan en Palma de Mallorca o en Port Adriano en el suroeste de Mallorca, algunos en Ibiza, por ejemplo, en la Marina Botafoch. Por supuesto, los yates de Mallorca est\u00e1n tambi\u00e9n disponible para el alquiler a Menorca y a Ibiza. Para obtener m\u00e1s informaci\u00f3n acerca de la zona de navegaci\u00f3n, por favor marque aqu\u00ed para informaci\u00f3n sobre <strong><a href=\"https:\/\/yachtcharter-connection.com\/mediterraneo\/Alquiler_barcos_baleares_mallorca_menorca_ibiza.html\">navegar en la Islas Baleares Mallorca o Ibiza.<\/a><\/strong><\/p>\n<p>&nbsp;<\/p>\n<p><a href=\"\/es\/yacht-list\/yates-de-lujo-mallorca-ibiza\/\" target=\"_blank\" rel=\"noopener noreferrer\"><strong>Yates de Lujo Islas Baleares &#8211; Selecci\u00f3n<\/strong><\/a><\/p>\n<p><strong><span style=\"text-decoration: underline;\"><a href=\"\/es\/yacht-list\/yates-de-lujo-mallorca-ibiza\/\" target=\"_blank\" rel=\"noopener noreferrer\">Aqu\u00ed<\/a> <a href=\"\/es\/yacht-list\/yates-de-lujo-mallorca-ibiza\/\" target=\"_blank\" rel=\"noopener noreferrer\">le mostramos una peque\u00f1a selecci\u00f3n de yates de lujo con tripulaci\u00f3n autorizados para el alquiler en las Islas Baleares<\/a><\/span>. Por favor, p\u00f3ngase en contacto con nosotros para ofertas para estos y m\u00e1s yates &#8211; ser\u00e1 un placer para nosotros organizar sus vacaciones de ensue\u00f1o en Mallorca, Ibiza y Formentera.<\/strong><\/p>\n<p>&nbsp;<\/p>\n<p>&nbsp;<\/p>\n<h3 style=\"text-align: center;\"><span style=\"color: #000000;\"><b>Yates de lujo de ch\u00e1rter en Baleares<\/b><\/span><\/h3>\n<p style=\"text-align: center;\">[fleets max_results=&#8221;15&#8243; sortby=&#8221;3&#8243; location=&#8221;src15&#8243;]<\/p>\n<p>&nbsp;<\/p>\n<p><a href=\"https:\/\/yachtcharter-connection.com\/wp-content\/uploads\/2014\/06\/Luxury-Yachts-Balearic-Islands.jpg\"><img loading=\"lazy\" class=\"alignleft size-full wp-image-24252\" src=\"https:\/\/yachtcharter-connection.com\/wp-content\/uploads\/2014\/06\/Luxury-Yachts-Balearic-Islands.jpg\" alt=\"Luxury-Yachts-Balearic-Islands\" width=\"800\" height=\"538\" srcset=\"https:\/\/yachtcharter-connection.com\/wp-content\/uploads\/2014\/06\/Luxury-Yachts-Balearic-Islands.jpg 800w, https:\/\/yachtcharter-connection.com\/wp-content\/uploads\/2014\/06\/Luxury-Yachts-Balearic-Islands-300x202.jpg 300w, https:\/\/yachtcharter-connection.com\/wp-content\/uploads\/2014\/06\/Luxury-Yachts-Balearic-Islands-768x516.jpg 768w\" sizes=\"(max-width: 800px) 100vw, 800px\" \/><\/a><\/p>\n<p>&nbsp;<\/p>\n","protected":false},"excerpt":{"rendered":"<p>Alquiler de Yates de Lujo Mallorca &amp; Ibiza \/ Islas Baleares Las Islas Baleares con Mallorca y Ibiza con Formentera son una zona maravillosa y muy popular para cruceros con yates de lujo. Debido a la situaci\u00f3n legal en Espa\u00f1a, los yates necesitan un permiso especial para ch\u00e1rter. Por esta<\/p>\n","protected":false},"author":11,"featured_media":0,"parent":0,"menu_order":0,"comment_status":"open","ping_status":"open","template":"","meta":[],"aioseo_notices":[],"_links":{"self":[{"href":"https:\/\/yachtcharter-connection.com\/es\/wp-json\/wp\/v2\/pages\/217"}],"collection":[{"href":"https:\/\/yachtcharter-connection.com\/es\/wp-json\/wp\/v2\/pages"}],"about":[{"href":"https:\/\/yachtcharter-connection.com\/es\/wp-json\/wp\/v2\/types\/page"}],"author":[{"embeddable":true,"href":"https:\/\/yachtcharter-connection.com\/es\/wp-json\/wp\/v2\/users\/11"}],"replies":[{"embeddable":true,"href":"https:\/\/yachtcharter-connection.com\/es\/wp-json\/wp\/v2\/comments?post=217"}],"version-history":[{"count":12,"href":"https:\/\/yachtcharter-connection.com\/es\/wp-json\/wp\/v2\/pages\/217\/revisions"}],"predecessor-version":[{"id":30509,"href":"https:\/\/yachtcharter-connection.com\/es\/wp-json\/wp\/v2\/pages\/217\/revisions\/30509"}],"wp:attachment":[{"href":"https:\/\/yachtcharter-connection.com\/es\/wp-json\/wp\/v2\/media?parent=217"}],"curies":[{"name":"wp","href":"https:\/\/api.w.org\/{rel}","templated":true}]}}