{"id":2171,"date":"2015-08-10T05:53:52","date_gmt":"2015-08-10T05:53:52","guid":{"rendered":"http:\/\/yachtcharter-connection.com.w01e47c6.kasserver.com\/tenerife-arona-las-galletas-562\/"},"modified":"2017-07-13T00:48:18","modified_gmt":"2017-07-12T22:48:18","slug":"tenerife-arona-las-galletas-562","status":"publish","type":"page","link":"https:\/\/yachtcharter-connection.com\/es\/regiones\/atlantico-africa-occidental\/alquiler-barcos-canarias\/tenerife-arona-las-galletas-562\/","title":{"rendered":"Tenerife \/ Las Galletas"},"content":{"rendered":"<h3>Alquiler de barcos Tenerife \/ Las Galletas &#8211; Marina del Sur<\/h3>\n<p>\n<img loading=\"lazy\" class=\"content-image\"  width=\"300\" height=\"400\" src=\"https:\/\/yachtcharter-connection.com\/wp-content\/uploads\/converted_files\/27983\/27983-5624e1f1c3165.jpg\" alt=\"ch\u00e1rter de yates tenerife-puerto deportivo-marina-del-sur\" \/>La Marina del Sur, ideal para hacer escala en su viaje de ch\u00e1rter en Tenerife o como puerto base para las vacaciones de alquiler de yates, est\u00e1 a s\u00f3lo 15 kil\u00f3metros del aeropuerto de Tenerife Sur. El pueblo de Las Galletas es parte, como Los Cristianos y Costa Adeje, del municipio de Arona, pero se encuentra m\u00e1s al este de estas zonas tur\u00edsticas y, sin embargo no tan llena.<\/p>\n<p>El moderno Marina del Sur, que se abri\u00f3 en 2007, ofrece amarres en pantalanes flotantes,ba\u00f1os y varios restaurantes y bares directamente en la entrada del puerto y a lo largo del la muelle. El mercado de pescado se encuentra en la marina &#8211; el restaurante de mariscos al lado sierve el pescado fresc\u00edsimo.<\/p>\n<p>La Marina del Sur est\u00e1 a las afueras de la localidad de Las Galletas, los equipos de alquiler de yates  encuentran varios restaurantes y centros comerciales y playas de arena negra para el ba\u00f1o.<\/p>\n<p>\n<img loading=\"lazy\" class=\"content-image\"  width=\"300\" height=\"225\" src=\"https:\/\/yachtcharter-connection.com\/wp-content\/uploads\/converted_files\/27983\/27983-5624e1f338185.jpg\" alt=\"alquiler-de-barcos-tenerife-marina-del-sur\" \/><\/p>\n<p><\/p>\n","protected":false},"excerpt":{"rendered":"<p>Alquiler de barcos Tenerife \/ Las Galletas &#8211; Marina del Sur La Marina del Sur, ideal para hacer escala en su viaje de ch\u00e1rter en Tenerife o como puerto base para las vacaciones de alquiler de yates, est\u00e1 a s\u00f3lo 15 kil\u00f3metros del aeropuerto de Tenerife Sur. El pueblo de<\/p>\n","protected":false},"author":11,"featured_media":0,"parent":651,"menu_order":0,"comment_status":"open","ping_status":"open","template":"","meta":[],"aioseo_notices":[],"_links":{"self":[{"href":"https:\/\/yachtcharter-connection.com\/es\/wp-json\/wp\/v2\/pages\/2171"}],"collection":[{"href":"https:\/\/yachtcharter-connection.com\/es\/wp-json\/wp\/v2\/pages"}],"about":[{"href":"https:\/\/yachtcharter-connection.com\/es\/wp-json\/wp\/v2\/types\/page"}],"author":[{"embeddable":true,"href":"https:\/\/yachtcharter-connection.com\/es\/wp-json\/wp\/v2\/users\/11"}],"replies":[{"embeddable":true,"href":"https:\/\/yachtcharter-connection.com\/es\/wp-json\/wp\/v2\/comments?post=2171"}],"version-history":[{"count":1,"href":"https:\/\/yachtcharter-connection.com\/es\/wp-json\/wp\/v2\/pages\/2171\/revisions"}],"predecessor-version":[{"id":13858,"href":"https:\/\/yachtcharter-connection.com\/es\/wp-json\/wp\/v2\/pages\/2171\/revisions\/13858"}],"up":[{"embeddable":true,"href":"https:\/\/yachtcharter-connection.com\/es\/wp-json\/wp\/v2\/pages\/651"}],"wp:attachment":[{"href":"https:\/\/yachtcharter-connection.com\/es\/wp-json\/wp\/v2\/media?parent=2171"}],"curies":[{"name":"wp","href":"https:\/\/api.w.org\/{rel}","templated":true}]}}