{"id":2178,"date":"2015-08-10T05:53:53","date_gmt":"2015-08-10T05:53:53","guid":{"rendered":"http:\/\/yachtcharter-connection.com.w01e47c6.kasserver.com\/vigo-540\/"},"modified":"2017-07-13T05:15:08","modified_gmt":"2017-07-13T03:15:08","slug":"vigo-540","status":"publish","type":"page","link":"https:\/\/yachtcharter-connection.com\/es\/regiones\/atlantico-europa-occidental\/alquiler-barcos-galicia-costa-cantabrica\/vigo-540\/","title":{"rendered":"Vigo"},"content":{"rendered":"<h3>Alquiler de barcos Vigo &#8211; Galicia<\/h3>\n<p>\n<img loading=\"lazy\" class=\"content-image\"  width=\"300\" height=\"199\" alt=\"Espana-ch\u00e1rter-de-yates-Galicia-Vigo\" src=\"https:\/\/yachtcharter-connection.com\/wp-content\/uploads\/converted_files\/29198\/29198-5624e1f493980.jpg\" \/>En el extremo noroeste de Espa\u00f1a, en la provincia de Pontevedra, est\u00e1 el destino de Alquiler de barcos Vigo &#8211; el punto de partida para viajes la zona de de Alquiler de barcos no muy conocida de  Galicia, en la costa del Oc\u00e9ano Atl\u00e1ntico. Vigo, la ciudad m\u00e1s grande de la regi\u00f3n de Galicia, fue nombrado as\u00ed por su ubicaci\u00f3n a lo largo de los 30 km de largo estuario de la R\u00eda de Vigo. Los navegantes llegan a la base de Alquiler de barcos volando al aeropuerto Peinador.<\/p>\n<p>Vigo no s\u00f3lo tiene uno de los mayores puertos naturales en Espa\u00f1a, pero es tambi\u00e9n uno de los puertos del mundo de pesca m\u00e1s importantes. Marinas en Vigo con las bases de Alquiler de barcos son el Real Club N\u00e1utico y el puerto deportivo Marina Davila Sport.<\/p>\n<p>Las playas y calas del fiordo de R\u00eda de Vigo s\u00f3lo valen la pena de un viaje en ch\u00e1rter, con un pintoresco paisaje, que es tambi\u00e9n un para\u00edso para las aves &#8211; en las plataformas flotantes, se cultivan los mejillones y las ostras. Las Islas Cies forman parte del parque nacional &quot;Parque Nacional Mar\u00edtimo Terrestre de las Islas Atl\u00e1nticas de Galicia.&quot;<\/p>\n","protected":false},"excerpt":{"rendered":"<p>Alquiler de barcos Vigo &#8211; Galicia En el extremo noroeste de Espa\u00f1a, en la provincia de Pontevedra, est\u00e1 el destino de Alquiler de barcos Vigo &#8211; el punto de partida para viajes la zona de de Alquiler de barcos no muy conocida de Galicia, en la costa del Oc\u00e9ano Atl\u00e1ntico.<\/p>\n","protected":false},"author":11,"featured_media":0,"parent":726,"menu_order":0,"comment_status":"open","ping_status":"open","template":"","meta":[],"aioseo_notices":[],"_links":{"self":[{"href":"https:\/\/yachtcharter-connection.com\/es\/wp-json\/wp\/v2\/pages\/2178"}],"collection":[{"href":"https:\/\/yachtcharter-connection.com\/es\/wp-json\/wp\/v2\/pages"}],"about":[{"href":"https:\/\/yachtcharter-connection.com\/es\/wp-json\/wp\/v2\/types\/page"}],"author":[{"embeddable":true,"href":"https:\/\/yachtcharter-connection.com\/es\/wp-json\/wp\/v2\/users\/11"}],"replies":[{"embeddable":true,"href":"https:\/\/yachtcharter-connection.com\/es\/wp-json\/wp\/v2\/comments?post=2178"}],"version-history":[{"count":1,"href":"https:\/\/yachtcharter-connection.com\/es\/wp-json\/wp\/v2\/pages\/2178\/revisions"}],"predecessor-version":[{"id":13916,"href":"https:\/\/yachtcharter-connection.com\/es\/wp-json\/wp\/v2\/pages\/2178\/revisions\/13916"}],"up":[{"embeddable":true,"href":"https:\/\/yachtcharter-connection.com\/es\/wp-json\/wp\/v2\/pages\/726"}],"wp:attachment":[{"href":"https:\/\/yachtcharter-connection.com\/es\/wp-json\/wp\/v2\/media?parent=2178"}],"curies":[{"name":"wp","href":"https:\/\/api.w.org\/{rel}","templated":true}]}}