{"id":218,"date":"2015-06-17T21:49:02","date_gmt":"2015-06-17T21:49:02","guid":{"rendered":"http:\/\/yachtcharter-connection.com.w01e47c6.kasserver.com\/mallorca-639\/"},"modified":"2016-10-29T18:59:53","modified_gmt":"2016-10-29T16:59:53","slug":"mallorca-3","status":"publish","type":"page","link":"https:\/\/yachtcharter-connection.com\/es\/mallorca-3\/","title":{"rendered":"Mallorca"},"content":{"rendered":"<p><img class=\"content-image\"  alt=\"Puerto-Portals-Luxury-Yachts.jpg\" style=\"width: 150px; height: 88px;\" src=\"https:\/\/yachtcharter-connection.com\/wp-content\/uploads\/converted_files\/33476\/33476-561d10b4401fe.jpg\" \/><\/p>\n<p><img class=\"content-image\"  alt=\"Islas Baleares - Bahia de Palma\" style=\"width: 150px; height: 199px;\" src=\"https:\/\/yachtcharter-connection.com\/wp-content\/uploads\/converted_files\/33476\/33476-561d10b572512.jpg\" \/><\/p>\n<h3> Mallorca<\/h3>\n<p>\n<img class=\"content-image\"  style=\"width: 300px; height: 166px; float: left; margin: auto 8px;\" alt=\"Alquiler-de-barcos-Palma-de-Mallorca.JPG\" src=\"https:\/\/yachtcharter-connection.com\/wp-content\/uploads\/converted_files\/33476\/33476-561d10b6c67f9.jpg\" \/>Los   primeros prominentes propietarios de yates descubrieron ya hace unos   140 a\u00f1os las id\u00edlicas vistas de Mallorca que se obtienen desde el mar.   El archiduque austriaco Luis Salvador pasaba largas temporadas aqu\u00ed a   bordo de su yate Nixe y en sus posesiones mallorquinas. En dos ocasiones   recibi\u00f3 la visita de su prima, la emperatriz Elisabeth, &ldquo;Sissi&rdquo;, con  su  yate Miramar. A ellos podemos considerarlos los pioneros fundadores  del  turismo de  y del ambiente n\u00e1utico que se vive en  Mallorca. <\/p>\n<p>S\u00f3lo a esta isla llegan cada a\u00f1o unos 60.000 aficionados al turismo de   . La variedad no s\u00f3lo paisaj\u00edstica de Mallorca sienta las   bases ideales para realizar un viaje perfecto a bordo de un yate ch\u00e1rter   pasando por costas escarpadas y playas de fina arena blanca, verdes   pinares, y antiguas torres de vigilancia, teniendo la oportunidad de   fondear en calas rom\u00e1nticas, pasar un buen d\u00eda nadando y buceando en   aguas cristalinas, vivir la marcha de los clubes que se encuentran en   los lugares tur\u00edsticos o ir de compras por Palma. Aqu\u00ed encontramos   marinas perfectamente equipadas para {#leyword#} y puertos en los que   todav\u00eda se respira el ambiente del entorno pesquero. Cada uno  tiene que   decidir cu\u00e1l es su lugar favorito. Y por supuesto cu\u00e1l es el barco de   sus sue\u00f1os, porque en Mallorca hay embarcaciones para los apasionados  de  la vela y para los que prefieren viajar en un yate de lujo a motor.   Veleros bareboat o con patr\u00f3n, una oferta de yates a motor que va desde   el peque\u00f1o Rib hasta los yates de lujo con la tripulaci\u00f3n al completo;    por un d\u00eda para incentivos o eventos privados;  embarcaciones  para excursiones o cl\u00e1sicos de dos palos para grupos  grandes.  <\/p>\n<p><img class=\"content-image\"  style=\"width: 300px; height: 225px; float: left; margin: auto 8px;\" alt=\"Alquiler-veleros-Mallorca.JPG\" src=\"https:\/\/yachtcharter-connection.com\/wp-content\/uploads\/converted_files\/33476\/33476-561d10b7e11ee.jpg\" \/>Mallorca acoge unos 40 puertos deportivos, muchas bases de ,   destinos cercanos muy atractivos como  Ibiza, Formentera o Menorca y  una  media de  303 d\u00edas de sol al a\u00f1o. Y adem\u00e1s informaci\u00f3n y diversi\u00f3n a   trav\u00e9s de los numerosos eventos n\u00e1uticos que se celebran aqu\u00ed todos  los  a\u00f1os: a principios de mayo un Sal\u00f3n N\u00e1utico que ha crecido en   importancia a una velocidad incre\u00edble, presentaciones de yates de lujo   nuevos, estrenos   de embarcaciones y por \u00faltimo, aunque no por ello   menos importante,  regatas que resultan cada a\u00f1o m\u00e1s atractivas y m\u00e1s   emocionantes.  Las grandes estrellas de la temporada desde un punto de   vista deportivo son el Trofeo Princesa Sof\u00eda, Palmavela y la MedCup.   Pero para darle un buen regalo a  la vista hay que acudir a la   Superyacht Cup en junio y a la regata de cl\u00e1sicos Trofeo Almirante Conde   de Barcelona en agosto.  <\/p>\n<p>Otro gran acontecimiento deportivo ha sido tambi\u00e9n la vuelta a Mallorca   m\u00e1s r\u00e1pida que se ha logrado hasta el momento y que protagoniz\u00f3 el maxi   Uca con un tiempo de algo m\u00e1s de  17 horas.  De todas maneras si lo  que  quiere es pasar unas vacaciones relajadas a bordo y rodear la isla,   t\u00f3mese como m\u00ednimo una semana. Mallorca ofrece muchas cosas para   descubrir a lo largo de sus 300 millas de l\u00ednea costera. <\/p>\n<p><strong>Los navegantes suelen tomar sus veleros directamente en las bases de    en <\/strong><a href=\"~\/Alquiler_barcos_espana\/mallorca_palma_de_mallorca.html\"><strong>Palma de Mallorca<\/strong><\/a><strong>, en <\/strong><a href=\"~\/Alquiler_barcos_espana\/mallorca_ca&rsquo;_n_pastilla.html\"><strong>Can Pastilla<\/strong><\/a><strong>, que est\u00e1 pegado a Palma, muy   cerca del aeropuerto, on en <\/strong><a href=\"~\/Alquiler_barcos_espana\/mallorca_el_arenal.html\"><strong>El Arenal<\/strong><\/a><strong> en la Playa de Palma, en <\/strong><a href=\"~\/Alquiler_barcos_espana\/mallorca_cala_d_or.html\"><strong>Cala d&rsquo;Or <\/strong><\/a><strong>o<\/strong><a href=\"~\/Alquiler_barcos_espana\/mallorca_portocolom.html\"><strong> Porto Colom<\/strong><\/a><strong> en la costa este, o en   la costa nordeste en  <\/strong><a href=\"~\/Alquiler_barcos_espana\/mallorca_puerto_de_alcudia.html\"><strong>Puerto de Alcudia<\/strong><\/a><strong> o <\/strong><a href=\"~\/Alquiler_barcos_espana\/mallorca_puerto_pollensa.html\"><strong>Puerto Pollensa<\/strong><\/a><strong>. Las bases de    de los yates a motor y yates de lujo se encuentran tambi\u00e9n en Palma, en el   suroeste en  Puerto Portals o en el Puerto de Andratx, y tambi\u00e9n en  Cala  d&rsquo;Or.<\/strong><\/p>\n<p>\n<b> Bah\u00eda de Palma y  Cabrera<\/b><\/p>\n<p>{^YouTubeVideo|(url)http:\/\/www.youtube.com\/watch?v=T6dR086QZMg|(width)425|(height)264|(fs)1^}<\/p>\n<p><img class=\"content-image\"  style=\"width: 300px; height: 224px; float: left; margin: auto 8px;\" alt=\"Mallorca-yachts.JPG\" src=\"https:\/\/yachtcharter-connection.com\/wp-content\/uploads\/converted_files\/33476\/33476-561d10c1dfb53.jpg\" \/>La bah\u00eda de Palma es un \u00e1rea de navegaci\u00f3n muy apreciada en las regatas y   cuenta adem\u00e1s con una serie de puertos cercanos. En direcci\u00f3n suroeste   tenemos en Calanova la sede de una Escuela Nacional de Vela. Saliendo  de  Palma en direcci\u00f3n sureste encontramos  los puertos de  Portixol, el   Molinar y Cala Gamba, peque\u00f1os puertos de pescadores que nos  sorprenden  antes de llegar a  Can Pastilla y encontrarnos el puerto  deportivo Club  Mar\u00edtimo de San Antonio de la Playa, una gran marina con  todo lo  necesario para los yates y grandes bases de .  En  velero  podemos ir desde aqu\u00ed directamente por toda la Playa de Palma o,  en  direcci\u00f3n sur, a  la marina de  El Arenal (tambi\u00e9n con base de   ), cuidada y hermosamente decorada con palmeras. Tras El   Arenal se extiende un fragmento de costa escarpada, zona de protecci\u00f3n   natural, entre  Cabo Enderrocat y Cabo Blanco, aunque por detr\u00e1s de la   costa se levantan numerosas urbanizaciones. Pasado Cabo Blanco, siempre   en direcci\u00f3n sur, la costa se va haciendo m\u00e1s llana. Un lugar muy   rom\u00e1ntico, aunque demasiado lleno en verano, es la preciosa Cala Pi.    Los puertos de  S&rsquo;Estanyol y Sa R\u00e1pita ofrecen en la costa sur de   Mallorca todo tipo de servicios. <\/p>\n<p><img class=\"content-image\"  alt=\"Bahia-de-Palma.jpg\" style=\"width: 300px; height: 220px; float: left; margin: auto 8px;\" src=\"https:\/\/yachtcharter-connection.com\/wp-content\/uploads\/converted_files\/33476\/33476-561d10c319344.jpg\" \/>Aqu\u00ed se suele hacer una \u00faltima parada antes de emprender la corta   traves\u00eda que nos lleva al Archipi\u00e9lago de Cabrera, un fabuloso grupo de   islas que se encuentra bajo protecci\u00f3n natural. La isla principal   acogi\u00f3  en otro tiempo una guarnici\u00f3n militar. Pero hoy en d\u00eda   encontramos en ella natruraleza original en estado puro. La isla ofrece   adem\u00e1s un gran atractivo para los aficionados al esn\u00f3rquel. En ella se   pueden visitar los restos de la vieja guarnici\u00f3n militar, un museo y un   antiguo castillo. Y se puede tomar algo en la peque\u00f1a cantina.  Pero  lo  m\u00e1s hermoso de Cabrera son sus noches bajo el cielo estrellado. Hay   boyas de amarre en una maravillosa cala en la que se puede pernoctar. Las empresas de  se ocupan si usted lo desea  de  tramitar el permiso necesario. <\/p>\n<p>En la parte occidental de la bah\u00eda de Palma, la bah\u00eda de Illetas, la gran bah\u00eda de Palmanova, la peque\u00f1a bah\u00eda de Portals al lado del puerto de Puerto Portals y Portals Vells, son anclajes populares. Los que est\u00e1n buscando un ambiente elegante para pasar la noche pueden quedarse directamente en Puerto Portals y  disfrutar del ambiente internacional del puerto.<\/p>\n<p><b> Mallorca: costa sur y costa este<\/b><\/p>\n<p>En la costa sur de Mallorca, entre Sa R\u00e1pita y la Colonia de San Jordi,   se extiende la playa de Es Trenc, famosa por sus dunas.  El puerto de   Campos pertenece a la  Colonia de San Jordi y no es muy adecuado para   yates. Aqu\u00ed la tierra es llana y en el extremo sur encontramos una zona   de salinas, el Cabo de Salinas.  En toda la costa este y sudeste hay   numerosas calas muy rom\u00e1nticas y entre ellas siempre encontramos alg\u00fan   puerto seguro. El interior se va haciendo m\u00e1s monta\u00f1oso cuanto m\u00e1s   avanzamos hacia el norte. A lo largo de la costa este avanza la Sierra   de Levante, con cumbres de hasta 500 metros, mientras en el interior la   tierra es llana y de color rojizo y concentra todos los campos de   explotaci\u00f3n agr\u00edcola y los molinos que convierte a esta regi\u00f3n en la   despensa de Mallorca. En esta planicie se cultiva y produce tambi\u00e9n   vino. Las calas m\u00e1s famosas del lugar son  Cala Marmols, Cala Santany\u00ed,   Cala Mondrag\u00f3, Cala Murada, Cala Barcas, Cala Magraner y la Cala de los   Pinos. En el peque\u00f1o puerto pesquero de Cala Figuera encontramos  muchos  llauts. Es un lugar encantador, con caf\u00e9s y galer\u00edas, pero poco  adecuado  para yates.  En  Portopetro sin embargo hay un  club n\u00e1utico  en el que  suele haber amarres para visitantes. Y buenos restaurantes  que nos  invitan a darnos una vuelta por el lugar. Despues de Cala d&#8217;Or y  Porto  Colom &#8211; hay algunas flotas de  all\u00ed &#8211;  llegamos a  Porto  Cristo.<\/p>\n<p>Saliendo del puerto de Porto Cristo merece la pena visitar las famosas   Cuevas del Drac. El puerto de  Cala Bona  apenas tiene calado, pero   encontramos un puerto m\u00e1s seguro navegando en direcci\u00f3n norte, el de   Cala Ratjada. Es \u00e9ste un lugar muy tur\u00edstico el que acuden en verano   muchos alemanes con ganas de fiesta. Cerca del puerto hay muchos bares,   restaurantes y discotecas. El muelle ofrece pocos amarres para gente de   fuera y las barcas de pescadores causan una molesta subida de las  aguas.  Si estamos en Cala Ratjada vale la pena hacer una excursi\u00f3n al   art\u00edstico pueblo de  Art\u00e0. Cala Ratjada suele ser la \u00faltima estaci\u00f3n   antes de emprender viaje a Menorca, que se encuentra a 25 millas   n\u00e1uticas. <\/p>\n<p><b> Bah\u00eda de Alcudia &ndash; Bah\u00eda de Pollensa<\/b><\/p>\n<p><img class=\"content-image\"  style=\"width: 300px; height: 225px; float: left; margin: auto 8px;\" alt=\"Puerto-Alcudia-playa.JPG\" src=\"https:\/\/yachtcharter-connection.com\/wp-content\/uploads\/converted_files\/33476\/33476-561d10c4271be.jpg\" \/>En el noreste de Mallorca el paisaje lo impregnan las  calas y bah\u00edas   abiertas que nos ofrecen playas en ocasiones kilom\u00e9tricas. En la regi\u00f3n   oriental de la Bah\u00eda de  Alcudia est\u00e1 la Colonia de Sant Pere y su   moderna marina. El peque\u00f1o puerto deportivo de Serra-Nova, en Son Serra   de Marina, no es adecuado para yates por su calado. Y tambi\u00e9n en la   marina de Can Picafort tienen problemas los veleros por la poca   profundidad del agua. En Puerto Pollensa y Puerto de Alcudia, los   navegantes encontran todo que necesitan, los puertos son equipados   perfectamente para  y hay bases de  con veleros y   motoras. Los que sin embargo no son adecuados para navegar en ch\u00e1rter   son los puertos de Bon Aire en la bah\u00eda de  Alcudia y Barcar\u00e9s en la de    Pollensa. La entranda a &ldquo;El Cocodrilo&ldquo;, como tambi\u00e9n se llama a Bon   Aire, puede resultar problem\u00e1tica. En Barcar\u00e9s encontramos muchos botes y   barcas peque\u00f1as. En ambas bah\u00edas, Pollensa y  Alcudia, hay un buen   n\u00famero de fondeaderos localizados en peque\u00f1as calas. Cuanto m\u00e1s nos   acercamos al Cabo de Formentor, m\u00e1s hermoso es el panorama.  Cala Murta   es uno de los lugares m\u00e1s codiciados.  <\/p>\n<p><b> Mallorca: costa oeste y suroeste <\/b><\/p>\n<p>El noroeste de la isla est\u00e1 marcado por la Sierra de Tramontana, en la   que se encuentra el monte m\u00e1s alto de Mallorca, el Puig Mayor (1.445   metros). La Tramontana, una sierra que marca una costa escarpada, se   extiende desde el Cabo Formentor hasta el suroeste de la isla. La vista   de ella que obtenemos desde el mar es impresionante; el acceso a la   sierra, sin embargo, nada f\u00e1cil, ni por tierra ni por mar. En algunas   calas, realmente maravillosas, s\u00f3lo podemos hacer una parada corta. Por   su paisaje se recomienda la Cala de Sa Calobra, un lugar muy  frecuentado  por excursionistas mallorquines y turistas. Escondida tras  las rocas se  descubre una peque\u00f1a playa de cantos rodados en la que  desemboca el  torrente de Pareis.  Una aventura inolvidable es caminar  por el  desfiladero del torrente.  Para pasar la noche se encuentra muy  cerca  Cala Tuent. Pero el \u00fanico puerto seguro de la costa oeste es   Puerto de  Soller. Este puerto se ha ampliado con pantalanes flotantes.  La bah\u00eda de  Soller ofrece adem\u00e1s muchos lugares en los que fondear y  una playa muy  frecuentada en verano. En realidad toda la zona, que ha  sido muy  restaurada  y renovada, est\u00e1 bastante solicitada; por su  situaci\u00f3n, que  ofrece vistas maravillosas, y por la antigua l\u00ednea de  tren  que  todav\u00eda  la comunica con Palma. <\/p>\n<p><img class=\"content-image\"  alt=\"Santa-Ponsa-Bay.jpg\" style=\"width: 300px; height: 225px; float: left; margin: auto 8px;\" src=\"https:\/\/yachtcharter-connection.com\/wp-content\/uploads\/converted_files\/33476\/33476-561d10c555b08.jpg\" \/>La costa entre el  Puerto de Soller y la isla de la  Dragonera se conoce   tambi\u00e9n como la costa brava mallorquina. La foto t\u00edpica es la de  Sa   Foradada, una pared natural con un agujero central que se instala en el   mar. Rodeada de aguas color turquesa, es un lugar muy atractivo para   fondear. Y tambi\u00e9n el marco incomparable de las monta\u00f1as de Dei\u00e0,   Valldemossa, Banyalbufar o Estellencs resulta impresionante; pero la   mayor\u00eda de los navegantes ch\u00e1rter prefiere seguir navegando hasta Cala   Basset, una cala situada frente al extremo noreste de la Dragonera. La   Isla de la Dragonera es zona natural protegida y en ella anidan   numerosas especies de aves. Desde San Telmo parten barcos de   excursionistas que organizan paseos por la isla. Frente a San Telmo   encontramos boyas de amarre. Es un lugar muy seguro y conocido por sus   restaurantes en los que se puede degustar muy buen pescado. <\/p>\n<p>Las paradas populares en el suroeste durante el crucero a Palma son los puertos de Port Andratx y Santa Ponsa, las bah\u00edas de Cala Llamp y Santa Ponsa tambi\u00e9n son anclajes populares. Muy interesante tambi\u00e9n en el suroeste y bastante nuevo: Port Adriano, con muchos restaurantes y tiendas en el nuevo muelle dise\u00f1ado por Philippe Stark y con numerosos superyates.<\/p>\n<p><\/p>\n","protected":false},"excerpt":{"rendered":"<p>Mallorca Los primeros prominentes propietarios de yates descubrieron ya hace unos 140 a\u00f1os las id\u00edlicas vistas de Mallorca que se obtienen desde el mar. El archiduque austriaco Luis Salvador pasaba largas temporadas aqu\u00ed a bordo de su yate Nixe y en sus posesiones mallorquinas. En dos ocasiones recibi\u00f3 la visita<\/p>\n","protected":false},"author":11,"featured_media":0,"parent":0,"menu_order":0,"comment_status":"open","ping_status":"open","template":"","meta":[],"aioseo_notices":[],"_links":{"self":[{"href":"https:\/\/yachtcharter-connection.com\/es\/wp-json\/wp\/v2\/pages\/218"}],"collection":[{"href":"https:\/\/yachtcharter-connection.com\/es\/wp-json\/wp\/v2\/pages"}],"about":[{"href":"https:\/\/yachtcharter-connection.com\/es\/wp-json\/wp\/v2\/types\/page"}],"author":[{"embeddable":true,"href":"https:\/\/yachtcharter-connection.com\/es\/wp-json\/wp\/v2\/users\/11"}],"replies":[{"embeddable":true,"href":"https:\/\/yachtcharter-connection.com\/es\/wp-json\/wp\/v2\/comments?post=218"}],"version-history":[{"count":1,"href":"https:\/\/yachtcharter-connection.com\/es\/wp-json\/wp\/v2\/pages\/218\/revisions"}],"predecessor-version":[{"id":13645,"href":"https:\/\/yachtcharter-connection.com\/es\/wp-json\/wp\/v2\/pages\/218\/revisions\/13645"}],"wp:attachment":[{"href":"https:\/\/yachtcharter-connection.com\/es\/wp-json\/wp\/v2\/media?parent=218"}],"curies":[{"name":"wp","href":"https:\/\/api.w.org\/{rel}","templated":true}]}}